{"id":9446,"date":"2020-12-14T13:26:19","date_gmt":"2020-12-14T12:26:19","guid":{"rendered":"https:\/\/shop.golf-direkt.com\/?post_type=product&#038;p=9446"},"modified":"2025-10-06T12:46:06","modified_gmt":"2025-10-06T10:46:06","slug":"golfversicherung-basis-extragolf-kombi","status":"publish","type":"product","link":"https:\/\/dev-wordpress1.golf-direkt.com\/en\/shop\/golf-insurance-en\/golfversicherung-basis-extragolf-kombi\/","title":{"rendered":"Golfversicherung Basis + ExtraGolf 2026"},"content":{"rendered":"<p>Gut versichert und bestens informiert: Mit diesem Kombi-Angebot erhalten Sie die <strong>&#8220;Golfversicherung Basis&#8221;<\/strong> plus vier Ausgaben des Golfmagazins <strong>&#8220;ExtraGolf &amp; Reisen&#8221;<\/strong> als Paket zum Bestpreis.<\/p>\n<p>Beide Angebote gelten f\u00fcr das im Produkt-Titel genannte Kalenderjahr (bis Jahresende) und werden <strong>nicht<\/strong> automatisch verl\u00e4ngert. Hinweis: Sollten Sie dieses Angebot im Laufe des Jahres wahrnehmen, werden alle bereits erschienen Ausgaben nachgeliefert, das hei\u00dft Sie erhalten auf jeden Fall s\u00e4mtliche Ausgaben des jeweiligen Kalenderjahres.<\/p>\n<p>Infos Golfversicherung: <a href=\"http:\/\/www.golf-direkt.com\/versicherung\" target=\"_blank\" rel=\"noopener noreferrer\">www.golf-direkt.com\/versicherung<\/a><\/p>\n<p>Infos Magazin: <a href=\"https:\/\/www.extra.golf\/extragolf-gruppe\/abobestellung\/\" target=\"_blank\" rel=\"noopener noreferrer\">www.extra.golf<\/a><\/p>\n<p><span style=\"color: #ff0000\"><strong>Geben Sie bitte w\u00e4hrend des Bestellvorganges <span style=\"text-decoration: underline\">unbedingt Ihr Geburtsdatum<\/span> an (in den &#8220;Anmerkungen&#8221; bzw. in Ihren Kundendaten), andernfalls kann die Bestellung nicht verarbeitet werden.<\/strong><\/span><\/p>\n<p><span style=\"color: #ff0000\"><strong>Wenn Sie dieses Kombi-Angebot f\u00fcr jemand anderen <span style=\"color: #ff0000\"><strong><span style=\"color: #ff0000\"><strong>(z. B. als Geschenk)<\/strong><\/span><\/strong><\/span> und\/oder f\u00fcr mehrere Personen abschlie\u00dfen m\u00f6chten, so geben Sie bitte im Feld &#8220;Anmerkungen&#8221; die <span style=\"text-decoration: underline\">vollst\u00e4ndigen Daten aller Personen<\/span> ein! Die vollst\u00e4ndigen Daten sind: Anrede, Vorname(n), Nachname(n), Adresse, Geburtsdatum, E-Mail-Adresse, Telefonnummer.<\/strong><\/span><\/p>\n<p><em><span style=\"font-family: arial,helvetica,sans-serif\">Versicherer:<br \/>\nDonau Versicherung AG<\/span><span style=\"font-family: arial,helvetica,sans-serif\"><br \/>\nVienna Insurance Group<\/span><\/em><\/p>\n","protected":false},"excerpt":{"rendered":"<p>Kombi-Angebot: Golfversicherung Basis + Abonnement ExtraGolf &amp; Reisen zum Spezialpreis.<\/p>\n","protected":false},"featured_media":11800,"template":"","meta":[],"product_brand":[],"product_cat":[62],"product_tag":[156,159,176,262,263,264],"class_list":{"0":"post-9446","1":"product","2":"type-product","3":"status-publish","4":"has-post-thumbnail","6":"product_cat-golfversicherung","7":"product_tag-rabatt","8":"product_tag-extragolf","9":"product_tag-kombiangebot","10":"product_tag-versicherung","11":"product_tag-package","12":"product_tag-paket","14":"first","15":"instock","16":"sale","17":"virtual","18":"purchasable","19":"product-type-bundle"},"bundled_by":[],"bundle_stock_status":"instock","bundle_stock_quantity":"","bundle_virtual":true,"bundle_layout":"default","bundle_add_to_cart_form_location":"default","bundle_editable_in_cart":false,"bundle_sold_individually_context":"product","bundle_item_grouping":"parent","bundle_min_size":"","bundle_max_size":"","bundle_price":{"price":{"min":{"incl_tax":"30","excl_tax":"30"},"max":{"incl_tax":"30","excl_tax":"30"}},"regular_price":{"min":{"incl_tax":"34","excl_tax":"34"},"max":{"incl_tax":"34","excl_tax":"34"}}},"bundled_items":[{"bundled_item_id":43,"product_id":394,"menu_order":0,"quantity_min":1,"quantity_max":1,"quantity_default":1,"priced_individually":false,"shipped_individually":true,"override_title":true,"title":"Golfversicherung Basis ","override_description":false,"description":"","optional":false,"hide_thumbnail":false,"discount":"","override_variations":false,"allowed_variations":[],"override_default_variation_attributes":false,"default_variation_attributes":[],"single_product_visibility":"visible","cart_visibility":"visible","order_visibility":"visible","single_product_price_visibility":"visible","cart_price_visibility":"visible","order_price_visibility":"visible","stock_status":"in_stock"},{"bundled_item_id":44,"product_id":96,"menu_order":1,"quantity_min":1,"quantity_max":1,"quantity_default":1,"priced_individually":false,"shipped_individually":true,"override_title":false,"title":"Extra Golf Abonnement","override_description":false,"description":"","optional":false,"hide_thumbnail":false,"discount":"","override_variations":false,"allowed_variations":[],"override_default_variation_attributes":false,"default_variation_attributes":[],"single_product_visibility":"visible","cart_visibility":"visible","order_visibility":"visible","single_product_price_visibility":"visible","cart_price_visibility":"visible","order_price_visibility":"visible","stock_status":"in_stock"}],"bundle_sell_ids":[],"exclude_global_add_ons":false,"addons":[{"name":"Anmerkungen","type":"custom_textarea","position":2,"required":false,"title_format":"heading","default":"","description_enable":true,"description":"Geben Sie hier Zusatzinfos ein (optional)","placeholder_enable":false,"placeholder":"","display":"select","restrictions_type":"any_text","adjust_price":false,"price":"","price_type":"quantity_based","restrictions":true,"min":"0","max":"900","options":[],"id":1695120325},{"name":"Geburtsdatum","type":"custom_text","position":0,"required":true,"title_format":"heading","default":"","description_enable":true,"description":"Bitte geben Sie hier Ihr Geburtsdatum an","placeholder_enable":false,"placeholder":"","display":"select","restrictions_type":"any_text","adjust_price":false,"price":"","price_type":"flat_fee","restrictions":true,"min":"0","max":"50","options":[],"id":1695120560}],"_links":{"self":[{"href":"https:\/\/dev-wordpress1.golf-direkt.com\/en\/wp-json\/wp\/v2\/product\/9446","targetHints":{"allow":["GET"]}}],"collection":[{"href":"https:\/\/dev-wordpress1.golf-direkt.com\/en\/wp-json\/wp\/v2\/product"}],"about":[{"href":"https:\/\/dev-wordpress1.golf-direkt.com\/en\/wp-json\/wp\/v2\/types\/product"}],"wp:featuredmedia":[{"embeddable":true,"href":"https:\/\/dev-wordpress1.golf-direkt.com\/en\/wp-json\/wp\/v2\/media\/11800"}],"wp:attachment":[{"href":"https:\/\/dev-wordpress1.golf-direkt.com\/en\/wp-json\/wp\/v2\/media?parent=9446"}],"wp:term":[{"taxonomy":"product_brand","embeddable":true,"href":"https:\/\/dev-wordpress1.golf-direkt.com\/en\/wp-json\/wp\/v2\/product_brand?post=9446"},{"taxonomy":"product_cat","embeddable":true,"href":"https:\/\/dev-wordpress1.golf-direkt.com\/en\/wp-json\/wp\/v2\/product_cat?post=9446"},{"taxonomy":"product_tag","embeddable":true,"href":"https:\/\/dev-wordpress1.golf-direkt.com\/en\/wp-json\/wp\/v2\/product_tag?post=9446"}],"curies":[{"name":"wp","href":"https:\/\/api.w.org\/{rel}","templated":true}]}}