{"id":9232,"date":"2020-11-17T17:05:37","date_gmt":"2020-11-17T16:05:37","guid":{"rendered":"https:\/\/shop.golf-direkt.com\/?post_type=product&#038;p=9232"},"modified":"2025-06-26T10:51:58","modified_gmt":"2025-06-26T08:51:58","slug":"golf-etikette-kompakt","status":"publish","type":"product","link":"https:\/\/dev-wordpress1.golf-direkt.com\/en\/shop\/literature-en\/golf-etikette-kompakt\/","title":{"rendered":"Golf Etikette kompakt"},"content":{"rendered":"<p>Yves C. Ton-That ist offizieller Schiedsrichter und Autor. Seine preisgekr\u00f6nten Regelb\u00fccher wurden in mehr als 20 Sprachen \u00fcbersetzt und \u00fcber 1,5 Millionen Mal verkauft.<\/p>\n","protected":false},"excerpt":{"rendered":"<p><strong>Das richtige Verhalten auf und neben dem Platz. <\/strong>Der wetterfeste Etikette-F\u00fchrer: \u201cGolf Etikette kompakt\u201d, von Yves C. Ton-That, durchgehend farbig illustriert, mit Spiralbindung.<\/p>\n<p>Beim Golf ist die Etikette genauso wichtig wie die Spielregeln. Ein fairer Umgang mit anderen Spielern, Sicherheit, R\u00fccksichtnahme, Schonung des Platzes sowie optimaler Spielfluss gew\u00e4hrleisten, dass alle Golfer gr\u00f6\u00dftm\u00f6glichen Spa\u00df auf der Runde haben.<\/p>\n","protected":false},"featured_media":9538,"template":"","meta":[],"product_brand":[],"product_cat":[70],"product_tag":[180,265,266],"class_list":{"0":"post-9232","1":"product","2":"type-product","3":"status-publish","4":"has-post-thumbnail","6":"product_cat-literatur","7":"product_tag-golfregeln","8":"product_tag-ton-that","9":"product_tag-regelfuehrer","10":"product_shipping_class-versandtasche-leicht","12":"first","13":"instock","14":"shipping-taxable","15":"purchasable","16":"product-type-simple"},"bundled_by":[],"bundle_stock_status":"instock","bundle_stock_quantity":9,"bundle_virtual":false,"bundle_layout":"","bundle_add_to_cart_form_location":"","bundle_editable_in_cart":false,"bundle_sold_individually_context":"","bundle_item_grouping":"","bundle_min_size":"","bundle_max_size":"","bundle_price":[],"bundled_items":[],"bundle_sell_ids":[],"exclude_global_add_ons":[],"addons":[],"_links":{"self":[{"href":"https:\/\/dev-wordpress1.golf-direkt.com\/en\/wp-json\/wp\/v2\/product\/9232","targetHints":{"allow":["GET"]}}],"collection":[{"href":"https:\/\/dev-wordpress1.golf-direkt.com\/en\/wp-json\/wp\/v2\/product"}],"about":[{"href":"https:\/\/dev-wordpress1.golf-direkt.com\/en\/wp-json\/wp\/v2\/types\/product"}],"wp:featuredmedia":[{"embeddable":true,"href":"https:\/\/dev-wordpress1.golf-direkt.com\/en\/wp-json\/wp\/v2\/media\/9538"}],"wp:attachment":[{"href":"https:\/\/dev-wordpress1.golf-direkt.com\/en\/wp-json\/wp\/v2\/media?parent=9232"}],"wp:term":[{"taxonomy":"product_brand","embeddable":true,"href":"https:\/\/dev-wordpress1.golf-direkt.com\/en\/wp-json\/wp\/v2\/product_brand?post=9232"},{"taxonomy":"product_cat","embeddable":true,"href":"https:\/\/dev-wordpress1.golf-direkt.com\/en\/wp-json\/wp\/v2\/product_cat?post=9232"},{"taxonomy":"product_tag","embeddable":true,"href":"https:\/\/dev-wordpress1.golf-direkt.com\/en\/wp-json\/wp\/v2\/product_tag?post=9232"}],"curies":[{"name":"wp","href":"https:\/\/api.w.org\/{rel}","templated":true}]}}