{"id":8874,"date":"2020-07-31T16:18:09","date_gmt":"2020-07-31T14:18:09","guid":{"rendered":"https:\/\/shop.golf-direkt.com\/?post_type=product&#038;p=8874"},"modified":"2026-03-04T07:40:45","modified_gmt":"2026-03-04T06:40:45","slug":"greenfee-hluboka-nad-vltavou","status":"publish","type":"product","link":"https:\/\/dev-wordpress1.golf-direkt.com\/en\/shop\/get-your-greenfee-en\/greenfee-hluboka-nad-vltavou\/","title":{"rendered":"Greenfee Hlubok\u00e1 nad Vltavou"},"content":{"rendered":"<p>Der Golfplatz in Hlubok\u00e1 nad Vltavou erstreckt sich im historischen Schwarzen-bergischen Schlosspark. Unter dem Schloss Hlubok\u00e1 im herrlichen Naturmilieu auf einer Fla\u0308che von 68 ha befindet sich eine 27 Lo\u0308cher gro\u00dfe Anlage mit Driving Range, Wellness und Spa und einem gemu\u0308tlichen Clubhaus.<\/p>\n<p>Website: <a href=\"http:\/\/www.golfhluboka.cz\/\" target=\"_blank\" rel=\"noopener noreferrer\">www.golfhluboka.cz<\/a><\/p>\n<p>Golfov\u00fd klub Hlubok\u00e1 nad Vltavou, z.s.<br \/>\nN\u00e1m\u011bst\u00ed \u010cSLA 26<br \/>\n373 41 Hlubok\u00e1 nad Vltavou<\/p>\n","protected":false},"excerpt":{"rendered":"<p>Greenfee f\u00fcr GC Hlubok\u00e1 nad Vltavou (Tschechien, \u010cesk\u00e9 Bud\u011bjovice), 18 Loch; g\u00fcltig an allen Tagen; einl\u00f6sbar 2 Jahre ab Kaufdatum.<br \/>\nVerkauf im Auftrag des GC Hluboka<\/p>\n","protected":false},"featured_media":8875,"template":"","meta":[],"product_brand":[],"product_cat":[58],"product_tag":[128,129,131,439],"class_list":{"0":"post-8874","1":"product","2":"type-product","3":"status-publish","4":"has-post-thumbnail","6":"product_cat-greenfee","7":"product_tag-greenfee","8":"product_tag-golfclub","9":"product_tag-greenfeegutschein","10":"product_tag-tschechien","12":"first","13":"instock","14":"sale","15":"virtual","16":"purchasable","17":"product-type-simple"},"bundled_by":[],"bundle_stock_status":"instock","bundle_stock_quantity":5,"bundle_virtual":false,"bundle_layout":"","bundle_add_to_cart_form_location":"","bundle_editable_in_cart":false,"bundle_sold_individually_context":"","bundle_item_grouping":"","bundle_min_size":"","bundle_max_size":"","bundle_price":[],"bundled_items":[],"bundle_sell_ids":[],"exclude_global_add_ons":[],"addons":[],"_links":{"self":[{"href":"https:\/\/dev-wordpress1.golf-direkt.com\/en\/wp-json\/wp\/v2\/product\/8874","targetHints":{"allow":["GET"]}}],"collection":[{"href":"https:\/\/dev-wordpress1.golf-direkt.com\/en\/wp-json\/wp\/v2\/product"}],"about":[{"href":"https:\/\/dev-wordpress1.golf-direkt.com\/en\/wp-json\/wp\/v2\/types\/product"}],"wp:featuredmedia":[{"embeddable":true,"href":"https:\/\/dev-wordpress1.golf-direkt.com\/en\/wp-json\/wp\/v2\/media\/8875"}],"wp:attachment":[{"href":"https:\/\/dev-wordpress1.golf-direkt.com\/en\/wp-json\/wp\/v2\/media?parent=8874"}],"wp:term":[{"taxonomy":"product_brand","embeddable":true,"href":"https:\/\/dev-wordpress1.golf-direkt.com\/en\/wp-json\/wp\/v2\/product_brand?post=8874"},{"taxonomy":"product_cat","embeddable":true,"href":"https:\/\/dev-wordpress1.golf-direkt.com\/en\/wp-json\/wp\/v2\/product_cat?post=8874"},{"taxonomy":"product_tag","embeddable":true,"href":"https:\/\/dev-wordpress1.golf-direkt.com\/en\/wp-json\/wp\/v2\/product_tag?post=8874"}],"curies":[{"name":"wp","href":"https:\/\/api.w.org\/{rel}","templated":true}]}}