{"id":8710,"date":"2020-07-02T12:02:44","date_gmt":"2020-07-02T10:02:44","guid":{"rendered":"https:\/\/shop.golf-direkt.com\/?post_type=product&#038;p=8710"},"modified":"2026-02-23T20:41:42","modified_gmt":"2026-02-23T19:41:42","slug":"greenfee-leading-golfclub-zell-am-see","status":"publish","type":"product","link":"https:\/\/dev-wordpress1.golf-direkt.com\/en\/shop\/get-your-greenfee-en\/greenfee-leading-golfclub-zell-am-see\/","title":{"rendered":"Greenfee Leading Golfclub Zell am See"},"content":{"rendered":"<p>Wir arbeiten seit 35 Jahren daran &#8221; Best in the West &#8221; zu sein. Aber nicht nur das wir laden auch immer wieder die Besten, wie z.B Bernhard Langer (Platzrekord mit 66 Schl\u00e4gen ) zu uns ein, um unser Club weiterzubringen. Irgend etwas muss dabei herausgekommen sein. Das gr\u00f6sste Golfzentrum mit den sch\u00f6nsten 36 Gr\u00fcns zwischen Gletscher, Berge und See bietet allen das beste Golfangebot in \u00d6sterreich.<\/p>\n<p>Majest\u00e4tische Berge und schneebedeckte Gipfel am Horizont, in Schlagweite das schimmernde Wasser des Zeller Sees: Eine Bilderbuchlandschaft umgibt den Golfclub Zell am See \u2013 Kaprun Saalbach-Hinterglemm, der mit seinen Pl\u00e4tzen \u201eSchmittenh\u00f6he\u201c und \u201eKitzsteinhorn\u201c puren Golfgenuss f\u00fcr Spieler aller Leistungsklassen garantiert ganz nach dem Motto &#8220;Championship Course meets Friendship Course&#8221;.<\/p>\n<p>Website: <a href=\"https:\/\/www.golf-zellamsee.at\/\" target=\"_blank\" rel=\"noopener noreferrer\">www.golf-zellamsee.at<\/a><\/p>\n<p>GC Zell am See &#8211; Kaprun &#8211; Saalbach-Hinterglemm<br \/>\nGolfstra\u00dfe 25<br \/>\n5700 Zell am See<br \/>\nAUSTRIA<br \/>\nTel.: <a href=\"tel:+436542561610\" target=\"_blank\" rel=\"noopener noreferrer\">+43 (6542) 56161-0<\/a><br \/>\nE-Mail: <a href=\"mailto:welcome@golf-zellamsee.at\" target=\"_blank\" rel=\"noopener noreferrer\">welcome@golf-zellamsee.at<\/a><\/p>\n","protected":false},"excerpt":{"rendered":"<p>Greenfee f\u00fcr Golfclub Zell am See (Salzburg), 18 Loch Greenfee (Mo-So); einl\u00f6sbar 2 Jahre ab Kaufdatum.<\/p>\n","protected":false},"featured_media":8713,"template":"","meta":[],"product_brand":[],"product_cat":[58],"product_tag":[131,436,574,128,129],"class_list":{"0":"post-8710","1":"product","2":"type-product","3":"status-publish","4":"has-post-thumbnail","6":"product_cat-greenfee","7":"product_tag-greenfeegutschein","8":"product_tag-salzburg","9":"product_tag-oesterreich","10":"product_tag-greenfee","11":"product_tag-golfclub","13":"first","14":"instock","15":"sale","16":"virtual","17":"purchasable","18":"product-type-simple"},"bundled_by":["12348"],"bundle_stock_status":"instock","bundle_stock_quantity":13,"bundle_virtual":false,"bundle_layout":"","bundle_add_to_cart_form_location":"","bundle_editable_in_cart":false,"bundle_sold_individually_context":"","bundle_item_grouping":"","bundle_min_size":"","bundle_max_size":"","bundle_price":[],"bundled_items":[],"bundle_sell_ids":[],"exclude_global_add_ons":[],"addons":[],"_links":{"self":[{"href":"https:\/\/dev-wordpress1.golf-direkt.com\/en\/wp-json\/wp\/v2\/product\/8710","targetHints":{"allow":["GET"]}}],"collection":[{"href":"https:\/\/dev-wordpress1.golf-direkt.com\/en\/wp-json\/wp\/v2\/product"}],"about":[{"href":"https:\/\/dev-wordpress1.golf-direkt.com\/en\/wp-json\/wp\/v2\/types\/product"}],"wp:featuredmedia":[{"embeddable":true,"href":"https:\/\/dev-wordpress1.golf-direkt.com\/en\/wp-json\/wp\/v2\/media\/8713"}],"wp:attachment":[{"href":"https:\/\/dev-wordpress1.golf-direkt.com\/en\/wp-json\/wp\/v2\/media?parent=8710"}],"wp:term":[{"taxonomy":"product_brand","embeddable":true,"href":"https:\/\/dev-wordpress1.golf-direkt.com\/en\/wp-json\/wp\/v2\/product_brand?post=8710"},{"taxonomy":"product_cat","embeddable":true,"href":"https:\/\/dev-wordpress1.golf-direkt.com\/en\/wp-json\/wp\/v2\/product_cat?post=8710"},{"taxonomy":"product_tag","embeddable":true,"href":"https:\/\/dev-wordpress1.golf-direkt.com\/en\/wp-json\/wp\/v2\/product_tag?post=8710"}],"curies":[{"name":"wp","href":"https:\/\/api.w.org\/{rel}","templated":true}]}}