{"id":79,"date":"2025-12-01T11:11:49","date_gmt":"2025-12-01T10:11:49","guid":{"rendered":"http:\/\/localhost\/wpshop-live-1\/?post_type=product&#038;p=79"},"modified":"2025-12-29T14:29:28","modified_gmt":"2025-12-29T13:29:28","slug":"cartbag-big-max-terra-sport","status":"publish","type":"product","link":"https:\/\/dev-wordpress1.golf-direkt.com\/en\/shop\/hardware-en\/bags-en\/cartbag-big-max-terra-sport\/","title":{"rendered":"Cartbag Big Max Terra Sport"},"content":{"rendered":"<div class=\"su-custom-gallery su-custom-gallery-align-left su-custom-gallery-title-never su-lightbox-gallery\"><div class=\"su-custom-gallery-slide\" style=\"width:200px;height:200px\"><a href=\"https:\/\/dev-wordpress1.golf-direkt.com\/wp-content\/uploads\/bigmax-cartbag-terra-sport-feature-img103.jpg\" title=\"Hardware_WilsonStaff_D7_Driver_06\"><img loading=\"lazy\" decoding=\"async\" src=\"https:\/\/dev-wordpress1.golf-direkt.com\/wp-content\/uploads\/bigmax-cartbag-terra-sport-feature-img103-200x200.jpg\" alt=\"Hardware_WilsonStaff_D7_Driver_06\" width=\"200\" height=\"200\" \/><span class=\"su-custom-gallery-title\">Hardware_WilsonStaff_D7_Driver_06<\/span><\/a><\/div><div class=\"su-custom-gallery-slide\" style=\"width:200px;height:200px\"><a href=\"https:\/\/dev-wordpress1.golf-direkt.com\/wp-content\/uploads\/bigmax-cartbag-terra-sport-feature-img101.jpg\" title=\"Hardware_WilsonStaff_D7_Driver_05\"><img loading=\"lazy\" decoding=\"async\" src=\"https:\/\/dev-wordpress1.golf-direkt.com\/wp-content\/uploads\/bigmax-cartbag-terra-sport-feature-img101-200x200.jpg\" alt=\"Hardware_WilsonStaff_D7_Driver_05\" width=\"200\" height=\"200\" \/><span class=\"su-custom-gallery-title\">Hardware_WilsonStaff_D7_Driver_05<\/span><\/a><\/div><div class=\"su-clear\"><\/div><\/div>\n<h3>Erfrischung zur Hand<\/h3>\n<p>Die gro\u00dfe K\u00fchltasche ist mehr als nur praktisch; sie zeigt, dass wir wissen, was Golfer wirklich brauchen. Sie ist ger\u00e4umig genug, um deine Getr\u00e4nke bei der perfekten Temperatur zu halten und sorgt daf\u00fcr, dass du bei jedem Wetter erfrischt und konzentriert bleibst.<\/p>\n<h3>Mach es zu deinem<\/h3>\n<p>Mit dem abnehmbaren Panel von Terra Sport kannst du in deine Tasche ganz einfach deinen Namen oder dein Firmenlogo sticken. Es geht nicht nur darum, deine Schl\u00e4ger zu transportieren, sondern auch darum, sie auf eine Art und Weise zu tragen, die einzigartig f\u00fcr dich ist.<\/p>\n<h3>Ein Platz f\u00fcr alles<\/h3>\n<p>Organisation ist das A und O auf dem Golfplatz, und das 14-Wege-Plus- Putterfach von Terra Sport sorgt daf\u00fcr, dass deine Schl\u00e4ger immer dort sind, wo du sie brauchst. Es wurde besonders darauf geachtet, dass ein spezieller Platz f\u00fcr deinen Putter vorgesehen ist, damit du alle Teile deiner Ausr\u00fcstung immer griffbereit hast.<\/p>\n<h3>Ger\u00fcstet f\u00fcr alle F\u00e4lle<\/h3>\n<p>Mit der mitgelieferten Regenh\u00fclle von Terra Sport bist du f\u00fcr jedes Wetter ger\u00fcstet. Sie sch\u00fctzt dich ohne viel Aufhebens und ist da, wenn du sie brauchst. So kannst du dich auf dein Spiel konzentrieren und nicht auf die Elemente.<\/p>\n<h3>Spezifikationen<\/h3>\n<ul>\n<li>Gewicht: 2,7 kg<\/li>\n<li>Divider: 14-Fach<\/li>\n<li>6 Taschen<\/li>\n<li>Top Gr\u00f6\u00dfe: 9,5 in<\/li>\n<li>Features: Value Organizer, Handtuchhalter, Handschuhhalter, Regenschirmhalter, Bleistifthalter, Regenhaube<\/li>\n<\/ul>\n<p>&nbsp;<\/p>\n","protected":false},"excerpt":{"rendered":"<p>Hochwertige Materialien treffen auf kompaktes und platzsparendes Design: Die Terra Sport ist f\u00fcr preisbewusste Golfer entwickelt worden, die Funktionalit\u00e4t ohne Kompromisse beim Stil w\u00fcnschen. Modern und elegant ist die Terra Sport Ihr Einstieg in ein raffiniertes Golf-Erlebnis. Farbe: Charcoal-Black-Lime (Dunkelgrau und Schwarz mit limettengr\u00fcnen Akzenten)<\/p>\n","protected":false},"featured_media":5490,"template":"","meta":[],"product_brand":[],"product_cat":[66,68],"product_tag":[612,713],"class_list":{"0":"post-79","1":"product","2":"type-product","3":"status-publish","4":"has-post-thumbnail","6":"product_cat-bags","7":"product_cat-bestof","8":"product_tag-big-max","9":"product_tag-bag","10":"product_shipping_class-paket-gross","12":"first","13":"onbackorder","14":"sale","15":"shipping-taxable","16":"purchasable","17":"product-type-simple"},"bundled_by":[],"bundle_stock_status":"onbackorder","bundle_stock_quantity":null,"bundle_virtual":false,"bundle_layout":"","bundle_add_to_cart_form_location":"","bundle_editable_in_cart":false,"bundle_sold_individually_context":"","bundle_item_grouping":"","bundle_min_size":"","bundle_max_size":"","bundle_price":[],"bundled_items":[],"bundle_sell_ids":[],"exclude_global_add_ons":[],"addons":[],"_links":{"self":[{"href":"https:\/\/dev-wordpress1.golf-direkt.com\/en\/wp-json\/wp\/v2\/product\/79","targetHints":{"allow":["GET"]}}],"collection":[{"href":"https:\/\/dev-wordpress1.golf-direkt.com\/en\/wp-json\/wp\/v2\/product"}],"about":[{"href":"https:\/\/dev-wordpress1.golf-direkt.com\/en\/wp-json\/wp\/v2\/types\/product"}],"wp:featuredmedia":[{"embeddable":true,"href":"https:\/\/dev-wordpress1.golf-direkt.com\/en\/wp-json\/wp\/v2\/media\/5490"}],"wp:attachment":[{"href":"https:\/\/dev-wordpress1.golf-direkt.com\/en\/wp-json\/wp\/v2\/media?parent=79"}],"wp:term":[{"taxonomy":"product_brand","embeddable":true,"href":"https:\/\/dev-wordpress1.golf-direkt.com\/en\/wp-json\/wp\/v2\/product_brand?post=79"},{"taxonomy":"product_cat","embeddable":true,"href":"https:\/\/dev-wordpress1.golf-direkt.com\/en\/wp-json\/wp\/v2\/product_cat?post=79"},{"taxonomy":"product_tag","embeddable":true,"href":"https:\/\/dev-wordpress1.golf-direkt.com\/en\/wp-json\/wp\/v2\/product_tag?post=79"}],"curies":[{"name":"wp","href":"https:\/\/api.w.org\/{rel}","templated":true}]}}