{"id":76,"date":"2023-04-18T16:11:13","date_gmt":"2023-04-18T14:11:13","guid":{"rendered":"http:\/\/localhost\/wpshop-live-1\/?post_type=product&#038;p=76"},"modified":"2025-06-26T11:04:52","modified_gmt":"2025-06-26T09:04:52","slug":"golfregel-cartoons-tom-chip","status":"publish","type":"product","link":"https:\/\/dev-wordpress1.golf-direkt.com\/en\/shop\/literature-en\/golfregel-cartoons-tom-chip\/","title":{"rendered":"Golfregel-Cartoons"},"content":{"rendered":"<h2>So machen die Golfregeln Spa\u00df!<\/h2>\n<p>Keine Sportart kennt so viele Regeln wie das Golfspiel. Und dennoch sind sie unverzichtbar, denn jeder Spieler wei\u00df: Mit genauer Regelkenntnis lassen sich bessere Resultate erzielen. Mit den Golfregel-Cartoons macht das Lernen Freude.<\/p>\n<ul>\n<li>Wie viele Schl\u00e4ger sind erlaubt?<\/li>\n<li>D\u00fcrfen im Bunker Bl\u00e4tter und Steine entfernt werden?<\/li>\n<li>Was ist zu tun, wenn ein Hund den Ball klaut?<\/li>\n<li>Wie z\u00e4hlt ein Doppelschlag?<\/li>\n<\/ul>\n<p>Antworten auf diese und viele weitere Fragen finden Sie in diesem Buch. Begleiten Sie die beiden Hauptfiguren Tom und Chip, wenn sie von einem Regelschlamassel ins n\u00e4chste geraten. In 80 Cartoons sind alle offiziellen Golfregeln von 1-24 leicht verst\u00e4ndlich und am\u00fcsant aufbereitet. Mit den Regeln g\u00fcltig seit 01.01.2023. \u201eGolfregel-Cartoons mit Tom &amp; Chip\u201c richtet sich gleicherma\u00dfen an Erwachsene wie Junioren.<\/p>\n<p><em>\u201eGolfregel-Cartoons mit Tom &amp; Chip\u201c<\/em><br \/>\n<em>Von Yves C. Ton-That und Michael Weinhaus<\/em><br \/>\n<em>96 Seiten, 80 Cartoons, durchgehend farbig, Hardcover 17 x 24,5 cm<\/em><br \/>\n<em>ISBN 978-3-906852-35-5<\/em><\/p>\n","protected":false},"excerpt":{"rendered":"<p>So machen die Golfregeln Spa\u00df! \u201eGolfregel-Cartoons mit Tom &amp; Chip\u201c richtet sich gleicherma\u00dfen an Erwachsene wie Junioren. 96 Seiten, Hardcover.<\/p>\n","protected":false},"featured_media":14093,"template":"","meta":[],"product_brand":[],"product_cat":[70],"product_tag":[141,142,143,180],"class_list":{"0":"post-76","1":"product","2":"type-product","3":"status-publish","4":"has-post-thumbnail","6":"product_cat-literatur","7":"product_tag-literatur","8":"product_tag-magazin","9":"product_tag-zeitschrift","10":"product_tag-golfregeln","11":"product_shipping_class-versandtasche-leicht","13":"first","14":"instock","15":"shipping-taxable","16":"purchasable","17":"product-type-simple"},"bundled_by":[],"bundle_stock_status":"instock","bundle_stock_quantity":4,"bundle_virtual":false,"bundle_layout":"","bundle_add_to_cart_form_location":"","bundle_editable_in_cart":false,"bundle_sold_individually_context":"","bundle_item_grouping":"","bundle_min_size":"","bundle_max_size":"","bundle_price":[],"bundled_items":[],"bundle_sell_ids":[],"exclude_global_add_ons":[],"addons":[],"_links":{"self":[{"href":"https:\/\/dev-wordpress1.golf-direkt.com\/en\/wp-json\/wp\/v2\/product\/76","targetHints":{"allow":["GET"]}}],"collection":[{"href":"https:\/\/dev-wordpress1.golf-direkt.com\/en\/wp-json\/wp\/v2\/product"}],"about":[{"href":"https:\/\/dev-wordpress1.golf-direkt.com\/en\/wp-json\/wp\/v2\/types\/product"}],"wp:featuredmedia":[{"embeddable":true,"href":"https:\/\/dev-wordpress1.golf-direkt.com\/en\/wp-json\/wp\/v2\/media\/14093"}],"wp:attachment":[{"href":"https:\/\/dev-wordpress1.golf-direkt.com\/en\/wp-json\/wp\/v2\/media?parent=76"}],"wp:term":[{"taxonomy":"product_brand","embeddable":true,"href":"https:\/\/dev-wordpress1.golf-direkt.com\/en\/wp-json\/wp\/v2\/product_brand?post=76"},{"taxonomy":"product_cat","embeddable":true,"href":"https:\/\/dev-wordpress1.golf-direkt.com\/en\/wp-json\/wp\/v2\/product_cat?post=76"},{"taxonomy":"product_tag","embeddable":true,"href":"https:\/\/dev-wordpress1.golf-direkt.com\/en\/wp-json\/wp\/v2\/product_tag?post=76"}],"curies":[{"name":"wp","href":"https:\/\/api.w.org\/{rel}","templated":true}]}}