{"id":70,"date":"2020-04-21T14:12:08","date_gmt":"2020-04-21T12:12:08","guid":{"rendered":"http:\/\/localhost\/wpshop-live-1\/?post_type=product&#038;p=70"},"modified":"2026-02-04T11:34:31","modified_gmt":"2026-02-04T10:34:31","slug":"greenfee-golfclub-murau-kreischberg","status":"publish","type":"product","link":"https:\/\/dev-wordpress1.golf-direkt.com\/en\/shop\/get-your-greenfee-en\/greenfee-golfclub-murau-kreischberg\/","title":{"rendered":"Greenfee Golfclub Murau \u2013 Kreischberg"},"content":{"rendered":"<p>Nach dem Holzmuseum, der Steirischen Holzstra\u00dfe und der Landesausstellung &#8220;Holzzeit&#8221; erhielt somit die Holzregion Murau einen weiteren &#8220;Jahresring&#8221;. Mit seinem unverwechselbaren Holzdesign wurde der neue Golfplatz zu einem Markenzeichen der Region. Zwischen St. Lorenzen ob Murau und der Bezirksstadt Murau liegt zwischen den bewaldeten Abh\u00e4ngen der Nockberge und der gr\u00fcnen Mur die von Diethard Fahrenleitner und Barbara Eisserer geplante 18-Loch Anlage. Der Golfkurs ist dank reichlichem Platzangebot gro\u00dfz\u00fcgig geplant, W\u00e4lder und Geh\u00f6lzstreifen sowie Teichanlagen bilden sch\u00f6ne Kulissen. Der Platz ist von markanten Golfelementen gepr\u00e4gt, so etwa wellige Gr\u00fcns, seitliche und frontale Wasserfl\u00e4chen sowie spektakul\u00e4re Halb- und Inselgr\u00fcns. Es k\u00f6nnen jeweils zwei 9-Loch Runden vom Clubhaus und wieder zur\u00fcck gespielt werden. Die \u00dcbungsanlagen sind mit Driving- und Short Game Range, Abschlagsh\u00fctte und Putting Gr\u00fcn ausgestattet.<\/p>\n<p>Webseite des Golfclubs: <a title=\"GC Murau Kreischberg\" href=\"http:\/\/www.golf-murau-kreischberg.at\/\" target=\"_blank\" rel=\"noopener noreferrer\">www.golf-murau-kreischberg.at<\/a><\/p>\n<p>Vertragspartner:<br \/>\nFirmensitz:<br \/>\nGolfanlagen Murau \u2013 Kreischberg GmbH<br \/>\nSchwarzenbergsiedlung 114<br \/>\n8850 Murau<br \/>\n\u00d6sterreich<br \/>\nTel.: +43 3537 222 21<br \/>\nFax: +43 3537 222 21-4<br \/>\nE-Mail: <a href=\"mailto:golf@kreischberg.at\" target=\"_blank\" rel=\"noopener noreferrer\">golf@kreischberg.at<\/a><\/p>\n<p>Adresse der Golfanlage:<br \/>\nAm Golfplatz 1<br \/>\n8861 St. Georgen ob Murau<\/p>\n","protected":false},"excerpt":{"rendered":"<p>Golfclub Murau \u2013 Kreischberg (Steiermark), 18 Loch Par 72, g\u00fcltig an allen Tagen; einl\u00f6sbar 2 Jahre ab Kaufdatum.<br \/>\nVerkauf im Auftrag der Golfanlage Murau-Kreischberg<\/p>\n","protected":false},"featured_media":14460,"template":"","meta":[],"product_brand":[],"product_cat":[58],"product_tag":[128,129,131,137,138,438,574],"class_list":{"0":"post-70","1":"product","2":"type-product","3":"status-publish","4":"has-post-thumbnail","6":"product_cat-greenfee","7":"product_tag-greenfee","8":"product_tag-golfclub","9":"product_tag-greenfeegutschein","10":"product_tag-murau","11":"product_tag-kreischberg","12":"product_tag-steiermark","13":"product_tag-oesterreich","15":"first","16":"instock","17":"sale","18":"virtual","19":"purchasable","20":"product-type-simple"},"bundled_by":[],"bundle_stock_status":"instock","bundle_stock_quantity":17,"bundle_virtual":false,"bundle_layout":"","bundle_add_to_cart_form_location":"","bundle_editable_in_cart":false,"bundle_sold_individually_context":"","bundle_item_grouping":"","bundle_min_size":"","bundle_max_size":"","bundle_price":[],"bundled_items":[],"bundle_sell_ids":[],"exclude_global_add_ons":[],"addons":[],"_links":{"self":[{"href":"https:\/\/dev-wordpress1.golf-direkt.com\/en\/wp-json\/wp\/v2\/product\/70","targetHints":{"allow":["GET"]}}],"collection":[{"href":"https:\/\/dev-wordpress1.golf-direkt.com\/en\/wp-json\/wp\/v2\/product"}],"about":[{"href":"https:\/\/dev-wordpress1.golf-direkt.com\/en\/wp-json\/wp\/v2\/types\/product"}],"wp:featuredmedia":[{"embeddable":true,"href":"https:\/\/dev-wordpress1.golf-direkt.com\/en\/wp-json\/wp\/v2\/media\/14460"}],"wp:attachment":[{"href":"https:\/\/dev-wordpress1.golf-direkt.com\/en\/wp-json\/wp\/v2\/media?parent=70"}],"wp:term":[{"taxonomy":"product_brand","embeddable":true,"href":"https:\/\/dev-wordpress1.golf-direkt.com\/en\/wp-json\/wp\/v2\/product_brand?post=70"},{"taxonomy":"product_cat","embeddable":true,"href":"https:\/\/dev-wordpress1.golf-direkt.com\/en\/wp-json\/wp\/v2\/product_cat?post=70"},{"taxonomy":"product_tag","embeddable":true,"href":"https:\/\/dev-wordpress1.golf-direkt.com\/en\/wp-json\/wp\/v2\/product_tag?post=70"}],"curies":[{"name":"wp","href":"https:\/\/api.w.org\/{rel}","templated":true}]}}