{"id":68,"date":"2013-08-13T15:00:16","date_gmt":"2013-08-13T13:00:16","guid":{"rendered":"http:\/\/localhost\/wpshop-live-1\/shop\/home\/greenfee\/greenfee-kitzbueheler-alpen-westendorf\/"},"modified":"2025-04-12T18:43:26","modified_gmt":"2025-04-12T16:43:26","slug":"greenfee-kitzbueheler-alpen-westendorf","status":"publish","type":"product","link":"https:\/\/dev-wordpress1.golf-direkt.com\/en\/shop\/get-your-greenfee-en\/greenfee-kitzbueheler-alpen-westendorf\/","title":{"rendered":"Greenfee Golfclub Kitzb\u00fcheler Alpen Westendorf"},"content":{"rendered":"<p>Abseits touristischer Hauptverkehrsrouten liegt die 2014 er\u00f6ffnete 18-Loch Golfanlage auf dem herrlichen Sonnenplateau von Westendorf. Der j\u00fcngste Golfplatz der Region mit einer Gesamtl\u00e4nge von 5.882m (Par 72) besticht vor allem durch seine \u00e4u\u00dferst ruhige Lage und den skandinavischen Flair.<\/p>\n<p>Der mit sehr viel Einfu\u0308hlungsverm\u00f6gen in die 64 Hektar gro\u00dfe Naturlandschaft eingebettete Championship-Golfplatzwurde im Fru\u0308hjahr 2015 mit einem Vier Sterne Superior Award des Bundesverbands fu\u0308r Golfanlagen ausgezeichnet.<\/p>\n<p>Im Norden geschu\u0308tzt von der imposanten Hohen Salve, bietet der flache und leicht begehbare Platz neben sportlicher Herausforderung auch unvergessliche Panoramablicke auf die Tiroler Bergwelt.<\/p>\n<p>Website: <a href=\"https:\/\/www.gc-kitzbueheler-alpen.at\/de\/der-golfclub-westendorf.html\" target=\"_blank\" rel=\"noopener noreferrer\">www.gc-kitzbueheler-alpen.at<\/a><\/p>\n<p>GC Kitzb\u00fcheler Alpen Westendorf<br \/>\nHolzham 120<br \/>\n6363 Westendorf<br \/>\nAUSTRIA<br \/>\nTel.: <a href=\"tel:+43533420691\" target=\"_blank\" rel=\"noopener noreferrer\">+43 5334 206 91<\/a><br \/>\nE-Mail: <a href=\"mailto:office@gc-westendorf.com\" target=\"_blank\" rel=\"noopener noreferrer\">office@gc-westendorf.com<\/a><\/p>\n","protected":false},"excerpt":{"rendered":"<p>Greenfee f\u00fcr Golfclub Kitzb\u00fcheler Alpen Westendorf (Tirol), 18 Loch; einl\u00f6sbar Saison 2025. Gutschein muss bis sp\u00e4testens 24 Stunden vor gew\u00fcnschter Tee Time angemeldet werden.<\/p>\n","protected":false},"featured_media":5016,"template":"","meta":[],"product_brand":[],"product_cat":[58],"product_tag":[129,131,135,136,574,128],"class_list":{"0":"post-68","1":"product","2":"type-product","3":"status-publish","4":"has-post-thumbnail","6":"product_cat-greenfee","7":"product_tag-golfclub","8":"product_tag-greenfeegutschein","9":"product_tag-kitzbuehel","10":"product_tag-tirol","11":"product_tag-oesterreich","12":"product_tag-greenfee","14":"first","15":"outofstock","16":"sale","17":"virtual","18":"purchasable","19":"product-type-simple"},"bundled_by":[],"bundle_stock_status":"outofstock","bundle_stock_quantity":0,"bundle_virtual":false,"bundle_layout":"","bundle_add_to_cart_form_location":"","bundle_editable_in_cart":false,"bundle_sold_individually_context":"","bundle_item_grouping":"","bundle_min_size":"","bundle_max_size":"","bundle_price":[],"bundled_items":[],"bundle_sell_ids":[],"exclude_global_add_ons":[],"addons":[],"_links":{"self":[{"href":"https:\/\/dev-wordpress1.golf-direkt.com\/en\/wp-json\/wp\/v2\/product\/68","targetHints":{"allow":["GET"]}}],"collection":[{"href":"https:\/\/dev-wordpress1.golf-direkt.com\/en\/wp-json\/wp\/v2\/product"}],"about":[{"href":"https:\/\/dev-wordpress1.golf-direkt.com\/en\/wp-json\/wp\/v2\/types\/product"}],"wp:featuredmedia":[{"embeddable":true,"href":"https:\/\/dev-wordpress1.golf-direkt.com\/en\/wp-json\/wp\/v2\/media\/5016"}],"wp:attachment":[{"href":"https:\/\/dev-wordpress1.golf-direkt.com\/en\/wp-json\/wp\/v2\/media?parent=68"}],"wp:term":[{"taxonomy":"product_brand","embeddable":true,"href":"https:\/\/dev-wordpress1.golf-direkt.com\/en\/wp-json\/wp\/v2\/product_brand?post=68"},{"taxonomy":"product_cat","embeddable":true,"href":"https:\/\/dev-wordpress1.golf-direkt.com\/en\/wp-json\/wp\/v2\/product_cat?post=68"},{"taxonomy":"product_tag","embeddable":true,"href":"https:\/\/dev-wordpress1.golf-direkt.com\/en\/wp-json\/wp\/v2\/product_tag?post=68"}],"curies":[{"name":"wp","href":"https:\/\/api.w.org\/{rel}","templated":true}]}}