{"id":5784,"date":"2020-06-22T15:35:44","date_gmt":"2020-06-22T13:35:44","guid":{"rendered":"https:\/\/shop.golf-direkt.com\/?post_type=product&#038;p=5784"},"modified":"2025-10-16T23:09:59","modified_gmt":"2025-10-16T21:09:59","slug":"greenfee-golfpark-boehmerwald","status":"publish","type":"product","link":"https:\/\/dev-wordpress1.golf-direkt.com\/en\/shop\/get-your-greenfee-en\/greenfee-golfpark-boehmerwald\/","title":{"rendered":"Greenfee Golfpark B\u00f6hmerwald"},"content":{"rendered":"<h3>Golf im Dreil\u00e4ndereck Ober\u00f6sterreich &#8211; Lipensko &#8211; Bayern<\/h3>\n<p>Mit viel Verst\u00e4ndnis f\u00fcr die Natur und das sanfth\u00fcgelige Gel\u00e4nde des M\u00fchlviertels wurden Anfang der 1990er-Jahre sowohl der 18- als auch der 9-Loch-Platz errichtet. Die hecken- und waldgerahmten Fairways mit Teichen, B\u00fcschen und altem Baumbestand und die gut von Sand- und Grasbunkern verteidigten Greens bieten ein anspruchsvolles Golferlebnis. Die Fairways sind breit gem\u00e4ht, sodass man auch bei einem schlechten Schlag leicht zur\u00fcck in die Bahn findet.<\/p>\n<p>Website: <a href=\"https:\/\/www.boehmerwaldgolf.at\/\/\" target=\"_blank\" rel=\"noopener noreferrer\">www.boehmerwaldgolf.at\/<\/a><\/p>\n<p>Golfpark B\u00f6hmerwald<br \/>\nA-4161 Ulrichsberg<br \/>\nAUSTRIA<br \/>\nTel.: <a href=\"tel:+4372888200\" target=\"_blank\" rel=\"noopener noreferrer\">+43 7288 8200<\/a><br \/>\nE-Mail: <a href=\"mailto:office@golf-direkt.com\" target=\"_blank\" rel=\"noopener noreferrer\">office@golf-direkt.com<\/a><\/p>\n","protected":false},"excerpt":{"rendered":"<p>Greenfee f\u00fcr GP B\u00f6hmerwald (Ober\u00f6sterreich); 18 Loch Kurs; g\u00fcltig an allen Tagen; einl\u00f6sbar 2 Jahre ab Kaufdatum.<br \/>\nVerkauf im Auftrag des GP B\u00f6hmerwald<\/p>\n","protected":false},"featured_media":5790,"template":"","meta":[],"product_brand":[],"product_cat":[58],"product_tag":[131,435,574,128,129],"class_list":{"0":"post-5784","1":"product","2":"type-product","3":"status-publish","4":"has-post-thumbnail","6":"product_cat-greenfee","7":"product_tag-greenfeegutschein","8":"product_tag-oberoesterreich","9":"product_tag-oesterreich","10":"product_tag-greenfee","11":"product_tag-golfclub","13":"first","14":"instock","15":"sale","16":"virtual","17":"purchasable","18":"product-type-simple"},"bundled_by":[],"bundle_stock_status":"instock","bundle_stock_quantity":20,"bundle_virtual":false,"bundle_layout":"","bundle_add_to_cart_form_location":"","bundle_editable_in_cart":false,"bundle_sold_individually_context":"","bundle_item_grouping":"","bundle_min_size":"","bundle_max_size":"","bundle_price":[],"bundled_items":[],"bundle_sell_ids":[],"exclude_global_add_ons":[],"addons":[],"_links":{"self":[{"href":"https:\/\/dev-wordpress1.golf-direkt.com\/en\/wp-json\/wp\/v2\/product\/5784","targetHints":{"allow":["GET"]}}],"collection":[{"href":"https:\/\/dev-wordpress1.golf-direkt.com\/en\/wp-json\/wp\/v2\/product"}],"about":[{"href":"https:\/\/dev-wordpress1.golf-direkt.com\/en\/wp-json\/wp\/v2\/types\/product"}],"wp:featuredmedia":[{"embeddable":true,"href":"https:\/\/dev-wordpress1.golf-direkt.com\/en\/wp-json\/wp\/v2\/media\/5790"}],"wp:attachment":[{"href":"https:\/\/dev-wordpress1.golf-direkt.com\/en\/wp-json\/wp\/v2\/media?parent=5784"}],"wp:term":[{"taxonomy":"product_brand","embeddable":true,"href":"https:\/\/dev-wordpress1.golf-direkt.com\/en\/wp-json\/wp\/v2\/product_brand?post=5784"},{"taxonomy":"product_cat","embeddable":true,"href":"https:\/\/dev-wordpress1.golf-direkt.com\/en\/wp-json\/wp\/v2\/product_cat?post=5784"},{"taxonomy":"product_tag","embeddable":true,"href":"https:\/\/dev-wordpress1.golf-direkt.com\/en\/wp-json\/wp\/v2\/product_tag?post=5784"}],"curies":[{"name":"wp","href":"https:\/\/api.w.org\/{rel}","templated":true}]}}