{"id":5771,"date":"2020-06-22T15:08:16","date_gmt":"2020-06-22T13:08:16","guid":{"rendered":"https:\/\/shop.golf-direkt.com\/?post_type=product&#038;p=5771"},"modified":"2026-02-23T20:41:43","modified_gmt":"2026-02-23T19:41:43","slug":"greenfee-gut-brandlhof","status":"publish","type":"product","link":"https:\/\/dev-wordpress1.golf-direkt.com\/en\/shop\/get-your-greenfee-en\/greenfee-gut-brandlhof\/","title":{"rendered":"Greenfee Gut Brandlhof"},"content":{"rendered":"<h3>Golfurlaub im Premium Golf Resort in den Bergen<\/h3>\n<p>Ein wahres Ass: Der Golfplatz des Golfclubs Gut Brandlhof in der Region Saalfelden Leogang in Salzburg \u2013 18 L\u00f6cher purer Golfgenuss an der Saalach \u2013 Golfurlaub f\u00fcr Profis wie f\u00fcr Freizeitsportler. 4-Sterne superior Golfhotel in Salzburg, \u00d6sterreich!<\/p>\n<p>Unser moderner Golfplatz liegt eingebettet von der Salzburger Bergwelt absolut eben im Saalachtal. Der sch\u00f6ne Fluss bietet nicht nur eine einmalige Kulisse, sondern auch ein einzigartiges Erlebnis: Bis zu sechsmal muss er w\u00e4hrend einer Golfrunde \u00fcberwunden werden \u2013 eine exklusive Herausforderung.<\/p>\n<p>Website: <a href=\"https:\/\/www.brandlhof.com\" target=\"_blank\" rel=\"noopener noreferrer\">www.brandlhof.at<\/a><\/p>\n<p>Golfclub Gut Brandlhof<br \/>\n5760 Saalfelden<br \/>\nAUSTRIA<br \/>\nTel.: <a href=\"tel:+43 658274875\" target=\"_blank\" rel=\"noopener noreferrer\">+43 6582 74 875<\/a><br \/>\nE-Mail: <a href=\"mailto:golfclub@brandlhof.com\" target=\"_blank\" rel=\"noopener noreferrer\">golfclub@brandlhof.com<\/a><\/p>\n","protected":false},"excerpt":{"rendered":"<p>Greenfee f\u00fcr GC Gut Brandlhof (Salzburg), 18 Loch Kurs; g\u00fcltig an allen Tagen; einl\u00f6sbar 2 Jahre ab Kaufdatum.<br \/>\nVerkauf im Auftrag des GC Brandlhof<\/p>\n","protected":false},"featured_media":14990,"template":"","meta":[],"product_brand":[],"product_cat":[58],"product_tag":[128,129,131,436,574],"class_list":{"0":"post-5771","1":"product","2":"type-product","3":"status-publish","4":"has-post-thumbnail","6":"product_cat-greenfee","7":"product_tag-greenfee","8":"product_tag-golfclub","9":"product_tag-greenfeegutschein","10":"product_tag-salzburg","11":"product_tag-oesterreich","13":"first","14":"instock","15":"sale","16":"virtual","17":"purchasable","18":"product-type-simple"},"bundled_by":[],"bundle_stock_status":"instock","bundle_stock_quantity":4,"bundle_virtual":false,"bundle_layout":"","bundle_add_to_cart_form_location":"","bundle_editable_in_cart":false,"bundle_sold_individually_context":"","bundle_item_grouping":"","bundle_min_size":"","bundle_max_size":"","bundle_price":[],"bundled_items":[],"bundle_sell_ids":[],"exclude_global_add_ons":[],"addons":[],"_links":{"self":[{"href":"https:\/\/dev-wordpress1.golf-direkt.com\/en\/wp-json\/wp\/v2\/product\/5771","targetHints":{"allow":["GET"]}}],"collection":[{"href":"https:\/\/dev-wordpress1.golf-direkt.com\/en\/wp-json\/wp\/v2\/product"}],"about":[{"href":"https:\/\/dev-wordpress1.golf-direkt.com\/en\/wp-json\/wp\/v2\/types\/product"}],"wp:featuredmedia":[{"embeddable":true,"href":"https:\/\/dev-wordpress1.golf-direkt.com\/en\/wp-json\/wp\/v2\/media\/14990"}],"wp:attachment":[{"href":"https:\/\/dev-wordpress1.golf-direkt.com\/en\/wp-json\/wp\/v2\/media?parent=5771"}],"wp:term":[{"taxonomy":"product_brand","embeddable":true,"href":"https:\/\/dev-wordpress1.golf-direkt.com\/en\/wp-json\/wp\/v2\/product_brand?post=5771"},{"taxonomy":"product_cat","embeddable":true,"href":"https:\/\/dev-wordpress1.golf-direkt.com\/en\/wp-json\/wp\/v2\/product_cat?post=5771"},{"taxonomy":"product_tag","embeddable":true,"href":"https:\/\/dev-wordpress1.golf-direkt.com\/en\/wp-json\/wp\/v2\/product_tag?post=5771"}],"curies":[{"name":"wp","href":"https:\/\/api.w.org\/{rel}","templated":true}]}}