{"id":5500,"date":"2025-12-01T09:00:41","date_gmt":"2025-12-01T08:00:41","guid":{"rendered":"https:\/\/shop.golf-direkt.com\/?post_type=product&#038;p=5500"},"modified":"2025-12-22T13:10:20","modified_gmt":"2025-12-22T12:10:20","slug":"greenfee-nassfeld-golf","status":"publish","type":"product","link":"https:\/\/dev-wordpress1.golf-direkt.com\/en\/shop\/get-your-greenfee-en\/greenfee-nassfeld-golf\/","title":{"rendered":"Greenfee Nassfeld Golf"},"content":{"rendered":"<p>Entdecken Sie das besondere Golfvergn\u00fcgen im Herzen der Naturarena K\u00e4rntens. Die perfekt gepflegte 24-Loch Golfanlage ist eingebettet in die Skiregion Nassfeld sowie die Naturarena Weissensee. Hier k\u00f6nnen Sie unbeschwert, inmitten atemberaubender Berglandschaft, golfen. Lassen Sie sich von der Sch\u00f6nheit unserer Anlage verzaubern und erleben Sie \u201eGolfen im Gailtal\u201c auf einzigartige Weise. Wir freuen uns auf Ihren Besuch!<\/p>\n<p>Golfanlage Nassfeld Golf<br \/>\nWaidegg 66, 9631 Jenig<br \/>\nAUSTRIA<br \/>\nTel.: +43 4284 20111<br \/>\nMobil: +43 676 9197727<br \/>\nE-Mail: <a href=\"mailto:office@nassfeld.golf\">office@nassfeld.golf<\/a><br \/>\nWebsite: <a href=\"https:\/\/www.nassfeld.golf\" target=\"_blank\" rel=\"noopener\">www.nassfeld.golf<\/a><\/p>\n<p>&nbsp;<\/p>\n","protected":false},"excerpt":{"rendered":"<p>Geenfee f\u00fcr 18-Loch Golfanlage &#8220;Nassfeld Golf&#8221; (K\u00e4rnten); einl\u00f6sbar 2 Jahre ab Kaufdatum.<\/p>\n","protected":false},"featured_media":20179,"template":"","meta":[],"product_brand":[],"product_cat":[58],"product_tag":[574,128,129,131,437],"class_list":{"0":"post-5500","1":"product","2":"type-product","3":"status-publish","4":"has-post-thumbnail","6":"product_cat-greenfee","7":"product_tag-oesterreich","8":"product_tag-greenfee","9":"product_tag-golfclub","10":"product_tag-greenfeegutschein","11":"product_tag-kaernten","13":"first","14":"instock","15":"sale","16":"virtual","17":"purchasable","18":"product-type-simple"},"bundled_by":[],"bundle_stock_status":"instock","bundle_stock_quantity":50,"bundle_virtual":false,"bundle_layout":"","bundle_add_to_cart_form_location":"","bundle_editable_in_cart":false,"bundle_sold_individually_context":"","bundle_item_grouping":"","bundle_min_size":"","bundle_max_size":"","bundle_price":[],"bundled_items":[],"bundle_sell_ids":[],"exclude_global_add_ons":[],"addons":[],"_links":{"self":[{"href":"https:\/\/dev-wordpress1.golf-direkt.com\/en\/wp-json\/wp\/v2\/product\/5500","targetHints":{"allow":["GET"]}}],"collection":[{"href":"https:\/\/dev-wordpress1.golf-direkt.com\/en\/wp-json\/wp\/v2\/product"}],"about":[{"href":"https:\/\/dev-wordpress1.golf-direkt.com\/en\/wp-json\/wp\/v2\/types\/product"}],"wp:featuredmedia":[{"embeddable":true,"href":"https:\/\/dev-wordpress1.golf-direkt.com\/en\/wp-json\/wp\/v2\/media\/20179"}],"wp:attachment":[{"href":"https:\/\/dev-wordpress1.golf-direkt.com\/en\/wp-json\/wp\/v2\/media?parent=5500"}],"wp:term":[{"taxonomy":"product_brand","embeddable":true,"href":"https:\/\/dev-wordpress1.golf-direkt.com\/en\/wp-json\/wp\/v2\/product_brand?post=5500"},{"taxonomy":"product_cat","embeddable":true,"href":"https:\/\/dev-wordpress1.golf-direkt.com\/en\/wp-json\/wp\/v2\/product_cat?post=5500"},{"taxonomy":"product_tag","embeddable":true,"href":"https:\/\/dev-wordpress1.golf-direkt.com\/en\/wp-json\/wp\/v2\/product_tag?post=5500"}],"curies":[{"name":"wp","href":"https:\/\/api.w.org\/{rel}","templated":true}]}}