{"id":5464,"date":"2020-05-15T15:54:54","date_gmt":"2020-05-15T13:54:54","guid":{"rendered":"https:\/\/shop.golf-direkt.com\/?post_type=product&#038;p=5464"},"modified":"2026-03-20T17:30:47","modified_gmt":"2026-03-20T16:30:47","slug":"greenfee-golfclub-weitra","status":"publish","type":"product","link":"https:\/\/dev-wordpress1.golf-direkt.com\/en\/shop\/get-your-greenfee-en\/greenfee-golfclub-weitra\/","title":{"rendered":"Greenfee Golfclub Weitra"},"content":{"rendered":"<h3>Mehr als Golf \u2013 das bietet der GC Weitra<\/h3>\n<p>Inmitten unber\u00fchrter Natur, direkt am Hausschachen und trotzdem nicht mehr als ein Par \u2013 5 von der \u00e4ltesten Braustadt \u00d6sterreichs entfernt liegt der GC Weitra.<br \/>\nEin abwechslungsreicher 18 Loch Championship Kurs in perfektem Zustand, ein erfahrenes und freundliches Team und das neu er\u00f6ffnete \u201eHotel &#8211; Restaurant Hausschachen\u201c mit luxuri\u00f6sem Komfort und ausgezeichneter regionaler K\u00fcche \u2013 all das wartet auf Sie. Erleben Sie unvergessliche Momente am Hausschachen.<\/p>\n<p>Website: <a href=\"https:\/\/www.hausschachen.at\/\" target=\"_blank\" rel=\"noopener noreferrer\">www.hausschachen.at<\/a><\/p>\n<p>Golfclub Weitra<br \/>\nHausschachen 313<br \/>\n3970 Weitra<br \/>\nAUSTRIA<br \/>\nTel.: <a href=\"tel:+4328562058\" target=\"_blank\" rel=\"noopener noreferrer\">+43 2856 20 58<\/a><br \/>\nE-Mail: <a href=\"mailto:gcweitra@golf.at\" target=\"_blank\" rel=\"noopener noreferrer\">gcweitra@golf.at<\/a><\/p>\n","protected":false},"excerpt":{"rendered":"<p>Greenfee f\u00fcr GC Weitra (Nieder\u00f6sterreich), 18 Loch Championship Kurs; g\u00fcltig an allen Tagen; einl\u00f6sbar 2 Jahre ab Kaufdatum.<br \/>\nVerkauf im Auftrag des GC Weitra<\/p>\n","protected":false},"featured_media":5470,"template":"","meta":[],"product_brand":[],"product_cat":[58],"product_tag":[574,128,129,131,440],"class_list":{"0":"post-5464","1":"product","2":"type-product","3":"status-publish","4":"has-post-thumbnail","6":"product_cat-greenfee","7":"product_tag-oesterreich","8":"product_tag-greenfee","9":"product_tag-golfclub","10":"product_tag-greenfeegutschein","11":"product_tag-niederoesterreich","13":"first","14":"instock","15":"sale","16":"virtual","17":"purchasable","18":"product-type-simple"},"bundled_by":[],"bundle_stock_status":"instock","bundle_stock_quantity":19,"bundle_virtual":false,"bundle_layout":"","bundle_add_to_cart_form_location":"","bundle_editable_in_cart":false,"bundle_sold_individually_context":"","bundle_item_grouping":"","bundle_min_size":"","bundle_max_size":"","bundle_price":[],"bundled_items":[],"bundle_sell_ids":[],"exclude_global_add_ons":[],"addons":[],"_links":{"self":[{"href":"https:\/\/dev-wordpress1.golf-direkt.com\/en\/wp-json\/wp\/v2\/product\/5464","targetHints":{"allow":["GET"]}}],"collection":[{"href":"https:\/\/dev-wordpress1.golf-direkt.com\/en\/wp-json\/wp\/v2\/product"}],"about":[{"href":"https:\/\/dev-wordpress1.golf-direkt.com\/en\/wp-json\/wp\/v2\/types\/product"}],"wp:featuredmedia":[{"embeddable":true,"href":"https:\/\/dev-wordpress1.golf-direkt.com\/en\/wp-json\/wp\/v2\/media\/5470"}],"wp:attachment":[{"href":"https:\/\/dev-wordpress1.golf-direkt.com\/en\/wp-json\/wp\/v2\/media?parent=5464"}],"wp:term":[{"taxonomy":"product_brand","embeddable":true,"href":"https:\/\/dev-wordpress1.golf-direkt.com\/en\/wp-json\/wp\/v2\/product_brand?post=5464"},{"taxonomy":"product_cat","embeddable":true,"href":"https:\/\/dev-wordpress1.golf-direkt.com\/en\/wp-json\/wp\/v2\/product_cat?post=5464"},{"taxonomy":"product_tag","embeddable":true,"href":"https:\/\/dev-wordpress1.golf-direkt.com\/en\/wp-json\/wp\/v2\/product_tag?post=5464"}],"curies":[{"name":"wp","href":"https:\/\/api.w.org\/{rel}","templated":true}]}}