{"id":5254,"date":"2025-05-25T15:00:38","date_gmt":"2025-05-25T13:00:38","guid":{"rendered":"https:\/\/shop.golf-direkt.com\/?post_type=product&#038;p=5254"},"modified":"2025-05-27T14:07:48","modified_gmt":"2025-05-27T12:07:48","slug":"abacus-gailes-cap-strawberrytour","status":"publish","type":"product","link":"https:\/\/dev-wordpress1.golf-direkt.com\/en\/shop\/hardware-en\/accessories-en\/abacus-gailes-cap-strawberrytour\/","title":{"rendered":"Kappe Abacus Gailes cap Strawberry Tour &#8211; verschiedene Farben"},"content":{"rendered":"<p>Eine klassische Kappe mit gebogenem Schirm aus 100 % Polyester. Der Klettverschluss hinten erlaubt eine einfache und stufenlose Gr\u00f6\u00dfenanpassung. Die seitlichen L\u00fcftungsgitter (Mesh) helfen bei der Luftzufuhr f\u00fcr mehr Tragekomfort und weniger Schwei\u00df. Mit Strawberry Tour Logo vorne.<\/p>\n","protected":false},"excerpt":{"rendered":"<p>Klassische Kappe aus Polyester, Klettverschluss hinten zur Gr\u00f6\u00dfenanpassung, L\u00fcftungsgitter seitlich, in verschiedenen Farben erh\u00e4ltlich. Mit Strawberry Tour Logo vorne.<\/p>\n","protected":false},"featured_media":19338,"template":"","meta":[],"product_brand":[],"product_cat":[64,68,76],"product_tag":[580,743,744,154],"class_list":{"0":"post-5254","1":"product","2":"type-product","3":"status-publish","4":"has-post-thumbnail","6":"product_cat-logoprodukte","7":"product_cat-bestof","8":"product_cat-zubehoer","9":"product_tag-bekleidung","10":"product_tag-abacus","11":"product_tag-kappe","12":"product_tag-strawberry-tour","13":"pa_farbe-grundfarben1-basis-navy","14":"pa_farbe-grundfarben1-basis-weiss","16":"first","17":"instock","18":"shipping-taxable","19":"purchasable","20":"product-type-variable"},"bundled_by":[],"bundle_stock_status":"instock","bundle_stock_quantity":null,"bundle_virtual":false,"bundle_layout":"","bundle_add_to_cart_form_location":"","bundle_editable_in_cart":false,"bundle_sold_individually_context":"","bundle_item_grouping":"","bundle_min_size":"","bundle_max_size":"","bundle_price":[],"bundled_items":[],"bundle_sell_ids":[],"exclude_global_add_ons":[],"addons":[],"_links":{"self":[{"href":"https:\/\/dev-wordpress1.golf-direkt.com\/en\/wp-json\/wp\/v2\/product\/5254","targetHints":{"allow":["GET"]}}],"collection":[{"href":"https:\/\/dev-wordpress1.golf-direkt.com\/en\/wp-json\/wp\/v2\/product"}],"about":[{"href":"https:\/\/dev-wordpress1.golf-direkt.com\/en\/wp-json\/wp\/v2\/types\/product"}],"wp:featuredmedia":[{"embeddable":true,"href":"https:\/\/dev-wordpress1.golf-direkt.com\/en\/wp-json\/wp\/v2\/media\/19338"}],"wp:attachment":[{"href":"https:\/\/dev-wordpress1.golf-direkt.com\/en\/wp-json\/wp\/v2\/media?parent=5254"}],"wp:term":[{"taxonomy":"product_brand","embeddable":true,"href":"https:\/\/dev-wordpress1.golf-direkt.com\/en\/wp-json\/wp\/v2\/product_brand?post=5254"},{"taxonomy":"product_cat","embeddable":true,"href":"https:\/\/dev-wordpress1.golf-direkt.com\/en\/wp-json\/wp\/v2\/product_cat?post=5254"},{"taxonomy":"product_tag","embeddable":true,"href":"https:\/\/dev-wordpress1.golf-direkt.com\/en\/wp-json\/wp\/v2\/product_tag?post=5254"}],"curies":[{"name":"wp","href":"https:\/\/api.w.org\/{rel}","templated":true}]}}