{"id":5252,"date":"2025-08-25T11:10:24","date_gmt":"2025-08-25T09:10:24","guid":{"rendered":"https:\/\/shop.golf-direkt.com\/?post_type=product&#038;p=5252"},"modified":"2026-02-18T11:33:54","modified_gmt":"2026-02-18T10:33:54","slug":"pitchgabel-mastersgolf-switchblade-pitchfork","status":"publish","type":"product","link":"https:\/\/dev-wordpress1.golf-direkt.com\/en\/shop\/hardware-en\/accessories-en\/pitchgabel-mastersgolf-switchblade-pitchfork\/","title":{"rendered":"Pitchgabel Masters Golf Switchblade Pitchfork Silver"},"content":{"rendered":"<p>Diese Pitchgabel im &#8220;Switchblade-Stil&#8221; springt mit einem Knopfdruck heraus und l\u00e4sst sich wieder zur\u00fcckklappen.<\/p>\n<ul>\n<li>Leichtes, kompaktes und ergonomisches Design<\/li>\n<li>Farbe: Silber<\/li>\n<li>Abnehmbarer, magnetischer Ballmarker<\/li>\n<\/ul>\n<p>&nbsp;<\/p>\n","protected":false},"excerpt":{"rendered":"<p>Diese Pitchgabel im &#8220;Switchblade-Stil&#8221; in Farbe Silber springt mit einem Knopfdruck heraus und l\u00e4sst sich wieder zur\u00fcckklappen. Sie verf\u00fcgt \u00fcber einen abnehmbaren, magnetischen Ballmarker.<\/p>\n","protected":false},"featured_media":20086,"template":"","meta":[],"product_brand":[],"product_cat":[68,76],"product_tag":[717,218],"class_list":{"0":"post-5252","1":"product","2":"type-product","3":"status-publish","4":"has-post-thumbnail","6":"product_cat-bestof","7":"product_cat-zubehoer","8":"product_tag-masters-golf","9":"product_tag-pitchgabel","10":"product_shipping_class-versandtasche-leicht","12":"first","13":"instock","14":"shipping-taxable","15":"purchasable","16":"product-type-simple"},"bundled_by":[],"bundle_stock_status":"instock","bundle_stock_quantity":11,"bundle_virtual":false,"bundle_layout":"","bundle_add_to_cart_form_location":"","bundle_editable_in_cart":false,"bundle_sold_individually_context":"","bundle_item_grouping":"","bundle_min_size":"","bundle_max_size":"","bundle_price":[],"bundled_items":[],"bundle_sell_ids":[358],"exclude_global_add_ons":[],"addons":[],"_links":{"self":[{"href":"https:\/\/dev-wordpress1.golf-direkt.com\/en\/wp-json\/wp\/v2\/product\/5252","targetHints":{"allow":["GET"]}}],"collection":[{"href":"https:\/\/dev-wordpress1.golf-direkt.com\/en\/wp-json\/wp\/v2\/product"}],"about":[{"href":"https:\/\/dev-wordpress1.golf-direkt.com\/en\/wp-json\/wp\/v2\/types\/product"}],"wp:featuredmedia":[{"embeddable":true,"href":"https:\/\/dev-wordpress1.golf-direkt.com\/en\/wp-json\/wp\/v2\/media\/20086"}],"wp:attachment":[{"href":"https:\/\/dev-wordpress1.golf-direkt.com\/en\/wp-json\/wp\/v2\/media?parent=5252"}],"wp:term":[{"taxonomy":"product_brand","embeddable":true,"href":"https:\/\/dev-wordpress1.golf-direkt.com\/en\/wp-json\/wp\/v2\/product_brand?post=5252"},{"taxonomy":"product_cat","embeddable":true,"href":"https:\/\/dev-wordpress1.golf-direkt.com\/en\/wp-json\/wp\/v2\/product_cat?post=5252"},{"taxonomy":"product_tag","embeddable":true,"href":"https:\/\/dev-wordpress1.golf-direkt.com\/en\/wp-json\/wp\/v2\/product_tag?post=5252"}],"curies":[{"name":"wp","href":"https:\/\/api.w.org\/{rel}","templated":true}]}}