{"id":440,"date":"2024-05-27T09:00:35","date_gmt":"2024-05-27T07:00:35","guid":{"rendered":"http:\/\/localhost\/wpshop-live-1\/shop\/home\/sonstiges\/wilson-schlaegersatz-herren-c200\/"},"modified":"2024-06-10T11:25:07","modified_gmt":"2024-06-10T09:25:07","slug":"golfomania-golfbag","status":"publish","type":"product","link":"https:\/\/dev-wordpress1.golf-direkt.com\/en\/shop\/hardware-en\/bags-en\/golfomania-golfbag\/","title":{"rendered":"Bag Golfomania &#8211; verschiedene Farben"},"content":{"rendered":"<p>Das edle Cart Bag aus wasserdichtem Nylon setzt Ma\u00dfst\u00e4be in Sachen Design und Qualit\u00e4t. Fein verarbeitet und von erstklassiger Qualit\u00e4t, \u00fcberzeugt es durch eine 14-fache Unterteilung, die jedem Schl\u00e4ger seinen eigenen Platz zuweist. Die durchgehende Verschalung gew\u00e4hrleistet dabei nicht nur eine enorme Stabilit\u00e4t, sondern auch sicheren Halt. Mit 14 durchgehenden Schl\u00e4gertrennern und 8 Taschen, die mit hochwertigen Doppel-Rei\u00dfverschl\u00fcssen ausgestattet sind, bietet dieses Bag h\u00f6chste Funktionalit\u00e4t.<\/p>\n<p>Eine Tasche ist speziell f\u00fcr B\u00e4lle vorgesehen, w\u00e4hrend eine weitere als Innentasche f\u00fcr Wertsachen dient. Praktische Extras wie ein Regenschirm und Tuchringhalter sowie eine Batterietasche auf der R\u00fcckseite runden die Ausstattung ab.<\/p>\n<p>Dank des abnehmbaren Trageriemens und des beidseitigen Haltegriffs gestaltet sich das Heben des Bags in jeder Situation problemlos. Mit einem superleichten Gesamtgewicht von nur 4 kg ist dieses Cart Bag nicht nur ein echter Blickfang, sondern auch \u00e4u\u00dferst handlich und komfortabel in der Nutzung.<\/p>\n","protected":false},"excerpt":{"rendered":"<p>Praktisches Cart Bag aus wasserdichtem Nylon. In verschiedenen Farben erh\u00e4ltlich.<\/p>\n","protected":false},"featured_media":17111,"template":"","meta":[],"product_brand":[],"product_cat":[66,68],"product_tag":[713,714],"class_list":{"0":"post-440","1":"product","2":"type-product","3":"status-publish","4":"has-post-thumbnail","6":"product_cat-bags","7":"product_cat-bestof","8":"product_tag-bag","9":"product_tag-golfomania","10":"product_shipping_class-sperrgut","12":"first","13":"instock","14":"shipping-taxable","15":"purchasable","16":"product-type-variable"},"bundled_by":["442","17140"],"bundle_stock_status":"instock","bundle_stock_quantity":null,"bundle_virtual":false,"bundle_layout":"","bundle_add_to_cart_form_location":"","bundle_editable_in_cart":false,"bundle_sold_individually_context":"","bundle_item_grouping":"","bundle_min_size":"","bundle_max_size":"","bundle_price":[],"bundled_items":[],"bundle_sell_ids":[],"exclude_global_add_ons":[],"addons":[],"_links":{"self":[{"href":"https:\/\/dev-wordpress1.golf-direkt.com\/en\/wp-json\/wp\/v2\/product\/440","targetHints":{"allow":["GET"]}}],"collection":[{"href":"https:\/\/dev-wordpress1.golf-direkt.com\/en\/wp-json\/wp\/v2\/product"}],"about":[{"href":"https:\/\/dev-wordpress1.golf-direkt.com\/en\/wp-json\/wp\/v2\/types\/product"}],"wp:featuredmedia":[{"embeddable":true,"href":"https:\/\/dev-wordpress1.golf-direkt.com\/en\/wp-json\/wp\/v2\/media\/17111"}],"wp:attachment":[{"href":"https:\/\/dev-wordpress1.golf-direkt.com\/en\/wp-json\/wp\/v2\/media?parent=440"}],"wp:term":[{"taxonomy":"product_brand","embeddable":true,"href":"https:\/\/dev-wordpress1.golf-direkt.com\/en\/wp-json\/wp\/v2\/product_brand?post=440"},{"taxonomy":"product_cat","embeddable":true,"href":"https:\/\/dev-wordpress1.golf-direkt.com\/en\/wp-json\/wp\/v2\/product_cat?post=440"},{"taxonomy":"product_tag","embeddable":true,"href":"https:\/\/dev-wordpress1.golf-direkt.com\/en\/wp-json\/wp\/v2\/product_tag?post=440"}],"curies":[{"name":"wp","href":"https:\/\/api.w.org\/{rel}","templated":true}]}}