{"id":438,"date":"2019-05-20T11:29:41","date_gmt":"2019-05-20T09:29:41","guid":{"rendered":"http:\/\/localhost\/wpshop-live-1\/shop\/home\/literatur\/die-jagd-nach-golf-heinz-schmidbauer\/"},"modified":"2023-06-22T10:32:29","modified_gmt":"2023-06-22T08:32:29","slug":"die-jagd-nach-golf-heinz-schmidbauer","status":"publish","type":"product","link":"https:\/\/dev-wordpress1.golf-direkt.com\/en\/shop\/literature-en\/die-jagd-nach-golf-heinz-schmidbauer\/","title":{"rendered":"Die Jagd nach Golf (Heinz Schmidbauer)"},"content":{"rendered":"<p>Neben interessanten Geschichten aus dem N\u00e4hk\u00e4stchen \u00fcber Projekte, Kollegen und Gesch\u00e4ftsleute kann man in &#8220;Die Jagd nach Golf&#8221; auch vieles \u00fcber den Golfsport als solchen lesen. Das Buch ist auch ein Ratgeber f\u00fcr Anf\u00e4nger und Fortgeschrittene und enth\u00e4lt zahlreiche Tipps zu Technik, Einstellung und Ausr\u00fcstung.<\/p>\n<p><strong>Heinz Schmidbauer<\/strong> ist internationaler Golfprofi. Neben seiner Spielerkarriere machte er sich einen Namen in Zusammenarbeit mit internationalen Sportweltstars, unter anderem auch als Trainer und beim Bau von Golfanlagen.<\/p>\n<p>Vorworte verfassten unter anderem der 5 Star Golfprofessional Jonathan Mannie und die Ex-Skirennfahrerin Evi Mittermaier.<\/p>\n<p>Der Inhalt des Buches umfasst folgende Kapitel:<\/p>\n<h3>Teil 1<\/h3>\n<p>Der Beginn; Das internationale Golfgesch\u00e4ft; Die Bedeutung von IMG f\u00fcr das Sportmarketing; Arnold Palmer; Sporting Club Berlin &amp; Golfclub Maria Theresia; Marie Therese oder Maria Theresia; Das Ende und ein neuer Anfang in \u00d6sterreich; Lech am Arlberg; Isola de Sole &#8220;Grado&#8221;; Turniere \u2013 Turniere \u2013 Turniere; Eine Karriere voller Verletzungen; Golf mit Weltklassespielern und bekannten Pers\u00f6nlichkeiten auf Weltklasse Golfpl\u00e4tzen; Das Golfgesch\u00e4ft<\/p>\n<h3>Teil 2<\/h3>\n<p>Meine Favoriten unter den Golfpl\u00e4tzen; Die Trag\u00f6die des Peter Burgstallers; S\u00fcdsee, Aitutaki, Cook Islands; Spirit of the Game; Golf wird ein Profisport; Amateur- und Profigolf; Der perfekte Golfer; Erfolgreich Golf ist nur mit Selbstvertrauen m\u00f6glich!; Angst essen Golfer-Seele auf; Frustration beim Golfen; Mit richtigem Training zu einem besseren Spiel; Golf und Zeit; Golf \u00fcber 60; Nachruf; Jede Karriere hat ein Ende.<\/p>\n","protected":false},"excerpt":{"rendered":"<p>In seiner Biografie erz\u00e4hlt Golfprofi Heinz Schmidbauer aus seinem Leben als Sportler und Manager.<\/p>\n","protected":false},"featured_media":5002,"template":"","meta":[],"product_brand":[],"product_cat":[70],"product_tag":[179,272],"class_list":{"0":"post-438","1":"product","2":"type-product","3":"status-publish","4":"has-post-thumbnail","6":"product_cat-literatur","7":"product_tag-buch","8":"product_tag-schmidbauer","9":"product_shipping_class-versandtasche-leicht","11":"first","12":"instock","13":"shipping-taxable","14":"purchasable","15":"product-type-simple"},"bundled_by":[],"bundle_stock_status":"instock","bundle_stock_quantity":3,"bundle_virtual":false,"bundle_layout":"","bundle_add_to_cart_form_location":"","bundle_editable_in_cart":false,"bundle_sold_individually_context":"","bundle_item_grouping":"","bundle_min_size":"","bundle_max_size":"","bundle_price":[],"bundled_items":[],"bundle_sell_ids":[],"exclude_global_add_ons":[],"addons":[],"_links":{"self":[{"href":"https:\/\/dev-wordpress1.golf-direkt.com\/en\/wp-json\/wp\/v2\/product\/438","targetHints":{"allow":["GET"]}}],"collection":[{"href":"https:\/\/dev-wordpress1.golf-direkt.com\/en\/wp-json\/wp\/v2\/product"}],"about":[{"href":"https:\/\/dev-wordpress1.golf-direkt.com\/en\/wp-json\/wp\/v2\/types\/product"}],"wp:featuredmedia":[{"embeddable":true,"href":"https:\/\/dev-wordpress1.golf-direkt.com\/en\/wp-json\/wp\/v2\/media\/5002"}],"wp:attachment":[{"href":"https:\/\/dev-wordpress1.golf-direkt.com\/en\/wp-json\/wp\/v2\/media?parent=438"}],"wp:term":[{"taxonomy":"product_brand","embeddable":true,"href":"https:\/\/dev-wordpress1.golf-direkt.com\/en\/wp-json\/wp\/v2\/product_brand?post=438"},{"taxonomy":"product_cat","embeddable":true,"href":"https:\/\/dev-wordpress1.golf-direkt.com\/en\/wp-json\/wp\/v2\/product_cat?post=438"},{"taxonomy":"product_tag","embeddable":true,"href":"https:\/\/dev-wordpress1.golf-direkt.com\/en\/wp-json\/wp\/v2\/product_tag?post=438"}],"curies":[{"name":"wp","href":"https:\/\/api.w.org\/{rel}","templated":true}]}}