{"id":436,"date":"2019-05-13T17:22:51","date_gmt":"2019-05-13T15:22:51","guid":{"rendered":"http:\/\/localhost\/wpshop-live-1\/shop\/home\/greenfee\/greenfee-golf-kloech\/"},"modified":"2026-03-22T08:18:33","modified_gmt":"2026-03-22T07:18:33","slug":"greenfee-golf-kloech","status":"publish","type":"product","link":"https:\/\/dev-wordpress1.golf-direkt.com\/en\/shop\/get-your-greenfee-en\/greenfee-golf-kloech\/","title":{"rendered":"Greenfee Golf Resort Kl\u00f6ch"},"content":{"rendered":"<p>Erleben Sie Vulkanlandgolf und Traminer mit authentischen Menschen im Thermenland Steiermark auf der 27-Loch Golfanlage Traminer Golf Kl\u00f6ch. Golfbegeisterte und Weinliebhaber k\u00f6nnen in der S\u00fcdoststeiermark eine besondere Kombination genie\u00dfen.<br \/>\nDie herrliche Lage und auch der vielfach ausgezeichnete Kl\u00f6cher Wein, vor allem der Kl\u00f6cher Traminer \u2013 \u201cder Wein mit dem Duft der Rose\u201c \u2013 lassen das Herz von Golfern gleicherma\u00dfen wie von Weinliebhabern h\u00f6her schlagen.<\/p>\n<p>Website: <a href=\"https:\/\/www.traminergolf.at\/\" target=\"_blank\" rel=\"noopener noreferrer\">www.traminergolf.at<\/a><\/p>\n<p>Kl\u00f6cher Golf Betriebs GmbH<br \/>\nKl\u00f6ch 192<br \/>\n8493 Kl\u00f6ch<br \/>\nAUSTRIA<br \/>\nTel.: <a href=\"tel:+43347530033\" target=\"_blank\" rel=\"noopener noreferrer\">+43 3475 300 33<\/a><br \/>\nE-Mail: <a href=\"mailto:info@traminergolf.at\" target=\"_blank\" rel=\"noopener noreferrer\">info@traminergolf.at<\/a><\/p>\n","protected":false},"excerpt":{"rendered":"<p>Greenfee f\u00fcr Golf Resort Kl\u00f6ch (Steiermark), 18 Loch; einl\u00f6sbar 2 Jahre ab Kaufdatum.<\/p>\n","protected":false},"featured_media":10988,"template":"","meta":[],"product_brand":[],"product_cat":[58],"product_tag":[131,271,438,574,128,129],"class_list":{"0":"post-436","1":"product","2":"type-product","3":"status-publish","4":"has-post-thumbnail","6":"product_cat-greenfee","7":"product_tag-greenfeegutschein","8":"product_tag-kloech","9":"product_tag-steiermark","10":"product_tag-oesterreich","11":"product_tag-greenfee","12":"product_tag-golfclub","14":"first","15":"instock","16":"sale","17":"virtual","18":"purchasable","19":"product-type-simple"},"bundled_by":[],"bundle_stock_status":"instock","bundle_stock_quantity":20,"bundle_virtual":false,"bundle_layout":"","bundle_add_to_cart_form_location":"","bundle_editable_in_cart":false,"bundle_sold_individually_context":"","bundle_item_grouping":"","bundle_min_size":"","bundle_max_size":"","bundle_price":[],"bundled_items":[],"bundle_sell_ids":[],"exclude_global_add_ons":[],"addons":[],"_links":{"self":[{"href":"https:\/\/dev-wordpress1.golf-direkt.com\/en\/wp-json\/wp\/v2\/product\/436","targetHints":{"allow":["GET"]}}],"collection":[{"href":"https:\/\/dev-wordpress1.golf-direkt.com\/en\/wp-json\/wp\/v2\/product"}],"about":[{"href":"https:\/\/dev-wordpress1.golf-direkt.com\/en\/wp-json\/wp\/v2\/types\/product"}],"wp:featuredmedia":[{"embeddable":true,"href":"https:\/\/dev-wordpress1.golf-direkt.com\/en\/wp-json\/wp\/v2\/media\/10988"}],"wp:attachment":[{"href":"https:\/\/dev-wordpress1.golf-direkt.com\/en\/wp-json\/wp\/v2\/media?parent=436"}],"wp:term":[{"taxonomy":"product_brand","embeddable":true,"href":"https:\/\/dev-wordpress1.golf-direkt.com\/en\/wp-json\/wp\/v2\/product_brand?post=436"},{"taxonomy":"product_cat","embeddable":true,"href":"https:\/\/dev-wordpress1.golf-direkt.com\/en\/wp-json\/wp\/v2\/product_cat?post=436"},{"taxonomy":"product_tag","embeddable":true,"href":"https:\/\/dev-wordpress1.golf-direkt.com\/en\/wp-json\/wp\/v2\/product_tag?post=436"}],"curies":[{"name":"wp","href":"https:\/\/api.w.org\/{rel}","templated":true}]}}