{"id":20235,"date":"2025-12-02T12:15:38","date_gmt":"2025-12-02T11:15:38","guid":{"rendered":"https:\/\/shop.golf-direkt.com\/?post_type=product&#038;p=20235"},"modified":"2026-02-27T16:40:23","modified_gmt":"2026-02-27T15:40:23","slug":"kappe-srixon-ballmarker-cap-strawberry-tour","status":"publish","type":"product","link":"https:\/\/dev-wordpress1.golf-direkt.com\/en\/shop\/hardware-en\/accessories-en\/kappe-srixon-ballmarker-cap-strawberry-tour\/","title":{"rendered":"Kappe Srixon Ball Marker Cap Strawberry Tour"},"content":{"rendered":"<p>Eine klassische Kappe mit gebogenem Schirm aus 100 % Polyester. Der Riemen hinten mit Klettverschluss erlaubt eine einfache und stufenlose Gr\u00f6\u00dfenanpassung. Atmungsaktiv und feuchtigkeitsableitend mit Schwei\u00dfband innen. Gesticktes 3D Srixon Logo vorne und hinten, sowie seitlich aufgesticktes Strawberry Tour Logo. In den Schirm ist ein magnetischer Ballmarker-Halter eingearbeitet, 1 Ballmarker ist inkludiert. Farbe: Wei\u00df (altwei\u00df).<\/p>\n<p>&nbsp;<\/p>\n","protected":false},"excerpt":{"rendered":"<p>Klassische Kappe mit gebogenem Schirm und magnetischem Ballmarker-Halter, Klettverschluss hinten zur Gr\u00f6\u00dfenanpassung, Farbe: Wei\u00df (altwei\u00df). Mit Strawberry Tour Logo seitlich.<\/p>\n","protected":false},"featured_media":5266,"template":"","meta":[],"product_brand":[],"product_cat":[64,68,76],"product_tag":[580,744,154,540],"class_list":{"0":"post-20235","1":"product","2":"type-product","3":"status-publish","4":"has-post-thumbnail","6":"product_cat-logoprodukte","7":"product_cat-bestof","8":"product_cat-zubehoer","9":"product_tag-bekleidung","10":"product_tag-kappe","11":"product_tag-strawberry-tour","12":"product_tag-srixon","14":"first","15":"instock","16":"shipping-taxable","17":"purchasable","18":"product-type-simple"},"bundled_by":[],"bundle_stock_status":"instock","bundle_stock_quantity":5,"bundle_virtual":false,"bundle_layout":"","bundle_add_to_cart_form_location":"","bundle_editable_in_cart":false,"bundle_sold_individually_context":"","bundle_item_grouping":"","bundle_min_size":"","bundle_max_size":"","bundle_price":[],"bundled_items":[],"bundle_sell_ids":[358],"exclude_global_add_ons":[],"addons":[],"_links":{"self":[{"href":"https:\/\/dev-wordpress1.golf-direkt.com\/en\/wp-json\/wp\/v2\/product\/20235","targetHints":{"allow":["GET"]}}],"collection":[{"href":"https:\/\/dev-wordpress1.golf-direkt.com\/en\/wp-json\/wp\/v2\/product"}],"about":[{"href":"https:\/\/dev-wordpress1.golf-direkt.com\/en\/wp-json\/wp\/v2\/types\/product"}],"wp:featuredmedia":[{"embeddable":true,"href":"https:\/\/dev-wordpress1.golf-direkt.com\/en\/wp-json\/wp\/v2\/media\/5266"}],"wp:attachment":[{"href":"https:\/\/dev-wordpress1.golf-direkt.com\/en\/wp-json\/wp\/v2\/media?parent=20235"}],"wp:term":[{"taxonomy":"product_brand","embeddable":true,"href":"https:\/\/dev-wordpress1.golf-direkt.com\/en\/wp-json\/wp\/v2\/product_brand?post=20235"},{"taxonomy":"product_cat","embeddable":true,"href":"https:\/\/dev-wordpress1.golf-direkt.com\/en\/wp-json\/wp\/v2\/product_cat?post=20235"},{"taxonomy":"product_tag","embeddable":true,"href":"https:\/\/dev-wordpress1.golf-direkt.com\/en\/wp-json\/wp\/v2\/product_tag?post=20235"}],"curies":[{"name":"wp","href":"https:\/\/api.w.org\/{rel}","templated":true}]}}