{"id":19821,"date":"2025-07-22T11:36:46","date_gmt":"2025-07-22T09:36:46","guid":{"rendered":"https:\/\/shop.golf-direkt.com\/?post_type=product&#038;p=19821"},"modified":"2025-07-22T12:03:26","modified_gmt":"2025-07-22T10:03:26","slug":"trolley-big-max-blade-trio","status":"publish","type":"product","link":"https:\/\/dev-wordpress1.golf-direkt.com\/en\/shop\/hardware-en\/trolley-en\/trolley-big-max-blade-trio\/","title":{"rendered":"Trolley Big Max Blade Trio"},"content":{"rendered":"<ul>\n<li>\u00c4u\u00dferst kompakter und platzsparender Trolley: Zusammengeklappt nur ca. 20 cm dick.<\/li>\n<li>Schnell und einfach beim Transport: L\u00e4sst sich flach zusammenfalten und passt in den Kofferraum, hinter den Sitz oder in jedes Fach.<\/li>\n<li>Ma\u00dfgefertigte Schaumstoff-R\u00e4der: M\u00fchelose Bewegung in jedem Gel\u00e4nde und lange Haltbarkeit.<\/li>\n<li>Minimaler Kunststoff, maximale St\u00e4rke: Der Kunststoff ist auf das Wesentliche reduziert und auf Festigkeit hin pr\u00e4zisionsgefertigt. Der Rest ist hochwertiges Aluminium mit Pulverbeschichtung f\u00fcr eine kratzfeste Oberfl\u00e4che.<\/li>\n<li>Smarte Aufbewahrungsl\u00f6sung: Ausreichend Stauraum mit speziellen F\u00e4chern f\u00fcr Schirmhalter, Smartphone, Entfernungsmesser, Scorekarte und Tees. Die magnetische Abdeckung enth\u00e4lt ein verstellbares Aufbewahrungsnetz f\u00fcr B\u00e4lle, Getr\u00e4nke, Handschuhe, Sonnenbrillen etc.<\/li>\n<li>Gewicht: ca. 6,7 kg<\/li>\n<li>Gr\u00f6\u00dfe gefaltet: ca. 71 x 59 x 21 cm<\/li>\n<li>Bremse: Fu\u00dfbremse<\/li>\n<li>Farbe: Grau-Dunkelgrau (grey-charcoal)<\/li>\n<li>Info des Herstellers: <a href=\"https:\/\/bigmaxgolf.com\/products\/blade-trio\" target=\"_blank\" rel=\"noopener\">https:\/\/bigmaxgolf.com\/products\/blade-trio<\/a><\/li>\n<\/ul>\n<p>&nbsp;<\/p>\n","protected":false},"excerpt":{"rendered":"<p>Der Blade Trio ist die neueste Evolution der BIG MAX Flat-Fold-Technologie und setzt neue Ma\u00dfst\u00e4be in Sachen Funktionalit\u00e4t. Sein Hauptvorteil ist die Kombination aus Kompaktheit, Stabilit\u00e4t und der Tatsache, dass er sehr leicht zu schieben ist. Dank des bew\u00e4hrten BIG MAX Autofold-Systems l\u00e4sst er sich leichter zusammenklappen als jeder andere Trolley. Der Trio ist auch kleiner als alle anderen Trolleys auf dem Markt und bietet dennoch alles, was GolferInnen auf dem Platz brauchen. Farbe: Grau-Dunkelgrau.<\/p>\n","protected":false},"featured_media":19822,"template":"","meta":[],"product_brand":[],"product_cat":[68,74],"product_tag":[608,612],"class_list":{"0":"post-19821","1":"product","2":"type-product","3":"status-publish","4":"has-post-thumbnail","6":"product_cat-bestof","7":"product_cat-trolley","8":"product_tag-trolley","9":"product_tag-big-max","10":"product_shipping_class-sperrgut","12":"first","13":"instock","14":"sale","15":"shipping-taxable","16":"purchasable","17":"product-type-simple"},"bundled_by":[],"bundle_stock_status":"instock","bundle_stock_quantity":1,"bundle_virtual":false,"bundle_layout":"","bundle_add_to_cart_form_location":"","bundle_editable_in_cart":false,"bundle_sold_individually_context":"","bundle_item_grouping":"","bundle_min_size":"","bundle_max_size":"","bundle_price":[],"bundled_items":[],"bundle_sell_ids":[],"exclude_global_add_ons":[],"addons":[],"_links":{"self":[{"href":"https:\/\/dev-wordpress1.golf-direkt.com\/en\/wp-json\/wp\/v2\/product\/19821","targetHints":{"allow":["GET"]}}],"collection":[{"href":"https:\/\/dev-wordpress1.golf-direkt.com\/en\/wp-json\/wp\/v2\/product"}],"about":[{"href":"https:\/\/dev-wordpress1.golf-direkt.com\/en\/wp-json\/wp\/v2\/types\/product"}],"wp:featuredmedia":[{"embeddable":true,"href":"https:\/\/dev-wordpress1.golf-direkt.com\/en\/wp-json\/wp\/v2\/media\/19822"}],"wp:attachment":[{"href":"https:\/\/dev-wordpress1.golf-direkt.com\/en\/wp-json\/wp\/v2\/media?parent=19821"}],"wp:term":[{"taxonomy":"product_brand","embeddable":true,"href":"https:\/\/dev-wordpress1.golf-direkt.com\/en\/wp-json\/wp\/v2\/product_brand?post=19821"},{"taxonomy":"product_cat","embeddable":true,"href":"https:\/\/dev-wordpress1.golf-direkt.com\/en\/wp-json\/wp\/v2\/product_cat?post=19821"},{"taxonomy":"product_tag","embeddable":true,"href":"https:\/\/dev-wordpress1.golf-direkt.com\/en\/wp-json\/wp\/v2\/product_tag?post=19821"}],"curies":[{"name":"wp","href":"https:\/\/api.w.org\/{rel}","templated":true}]}}