{"id":19744,"date":"2025-07-15T16:43:35","date_gmt":"2025-07-15T14:43:35","guid":{"rendered":"https:\/\/shop.golf-direkt.com\/?post_type=product&#038;p=19744"},"modified":"2025-07-22T12:02:28","modified_gmt":"2025-07-22T10:02:28","slug":"standbag-big-max-heaven-six-g","status":"publish","type":"product","link":"https:\/\/dev-wordpress1.golf-direkt.com\/en\/shop\/hardware-en\/bags-en\/standbag-big-max-heaven-six-g\/","title":{"rendered":"Standbag Big Max Heaven Six G"},"content":{"rendered":"<p>Die Heaven Six G ist eine kompakte 7-Zoll-Tragetasche, die auf Leichtigkeit und Portabilit\u00e4t optimiert ist. Perfekt f\u00fcr Winterrunden oder Reisen, bietet sie ein 4-fach-Top, das bequem ein 2\/3-Set Schl\u00e4ger aufnimmt und trotz ihrer Gr\u00f6\u00dfe beeindruckenden Stauraum bietet, darunter eine gro\u00dfe K\u00fchltasche, eine magnetische Handytasche und eine wetterfeste Wertsachentasche.<\/p>\n<p>Farbe: Charcoal-Black-White (Dunkelgrau und Schwarz mit wei\u00dfen Akzenten)<\/p>\n","protected":false},"excerpt":{"rendered":"<p>Die Heaven Six G ist eine kompakte 7-Zoll-Tragetasche, die auf Leichtigkeit und Portabilit\u00e4t optimiert ist. Farbe: Charcoal-Black-White (Dunkelgrau und Schwarz mit wei\u00dfen Akzenten)<\/p>\n","protected":false},"featured_media":19745,"template":"","meta":[],"product_brand":[],"product_cat":[66,68],"product_tag":[612,713],"class_list":{"0":"post-19744","1":"product","2":"type-product","3":"status-publish","4":"has-post-thumbnail","6":"product_cat-bags","7":"product_cat-bestof","8":"product_tag-big-max","9":"product_tag-bag","10":"product_shipping_class-paket-gross","12":"first","13":"instock","14":"shipping-taxable","15":"purchasable","16":"product-type-simple"},"bundled_by":[],"bundle_stock_status":"instock","bundle_stock_quantity":1,"bundle_virtual":false,"bundle_layout":"","bundle_add_to_cart_form_location":"","bundle_editable_in_cart":false,"bundle_sold_individually_context":"","bundle_item_grouping":"","bundle_min_size":"","bundle_max_size":"","bundle_price":[],"bundled_items":[],"bundle_sell_ids":[],"exclude_global_add_ons":[],"addons":[],"_links":{"self":[{"href":"https:\/\/dev-wordpress1.golf-direkt.com\/en\/wp-json\/wp\/v2\/product\/19744","targetHints":{"allow":["GET"]}}],"collection":[{"href":"https:\/\/dev-wordpress1.golf-direkt.com\/en\/wp-json\/wp\/v2\/product"}],"about":[{"href":"https:\/\/dev-wordpress1.golf-direkt.com\/en\/wp-json\/wp\/v2\/types\/product"}],"wp:featuredmedia":[{"embeddable":true,"href":"https:\/\/dev-wordpress1.golf-direkt.com\/en\/wp-json\/wp\/v2\/media\/19745"}],"wp:attachment":[{"href":"https:\/\/dev-wordpress1.golf-direkt.com\/en\/wp-json\/wp\/v2\/media?parent=19744"}],"wp:term":[{"taxonomy":"product_brand","embeddable":true,"href":"https:\/\/dev-wordpress1.golf-direkt.com\/en\/wp-json\/wp\/v2\/product_brand?post=19744"},{"taxonomy":"product_cat","embeddable":true,"href":"https:\/\/dev-wordpress1.golf-direkt.com\/en\/wp-json\/wp\/v2\/product_cat?post=19744"},{"taxonomy":"product_tag","embeddable":true,"href":"https:\/\/dev-wordpress1.golf-direkt.com\/en\/wp-json\/wp\/v2\/product_tag?post=19744"}],"curies":[{"name":"wp","href":"https:\/\/api.w.org\/{rel}","templated":true}]}}