{"id":19728,"date":"2025-12-02T12:30:31","date_gmt":"2025-12-02T11:30:31","guid":{"rendered":"https:\/\/shop.golf-direkt.com\/?post_type=product&#038;p=19728"},"modified":"2025-12-22T12:04:17","modified_gmt":"2025-12-22T11:04:17","slug":"standbag-big-max-heaven-seven-g","status":"publish","type":"product","link":"https:\/\/dev-wordpress1.golf-direkt.com\/en\/shop\/hardware-en\/bags-en\/standbag-big-max-heaven-seven-g\/","title":{"rendered":"Standbag Big Max Heaven Seven G"},"content":{"rendered":"<p>Das ultimative Sunday Bag f\u00fcr Golfer, die viel unterwegs sind: Heaven Seven G optimiert jeden Zentimeter. Trotz der kompakten Gr\u00f6\u00dfe bietet dieses Bag ausgekl\u00fcgelte Staurauml\u00f6sungen f\u00fcr Schl\u00e4ger und andere wichtige Utensilien. Gepolsterte Gurte sorgen f\u00fcr Komfort auf dem Golfplatz, und der zweite Flaschenhalter unterstreicht die praktische Ausrichtung der Tasche.<\/p>\n<p>Farbe: Forest-Green-Lime (Dunkelgr\u00fcn mit limettengr\u00fcnen Akzenten)<\/p>\n","protected":false},"excerpt":{"rendered":"<p>Das ultimative Sunday Bag f\u00fcr Golfer, die viel unterwegs sind: Heaven Seven G optimiert jeden Zentimeter. Farbe: Forest-Green-Lime (Dunkelgr\u00fcn mit limettengr\u00fcnen Akzenten)<\/p>\n","protected":false},"featured_media":19731,"template":"","meta":[],"product_brand":[],"product_cat":[66,68],"product_tag":[612,713],"class_list":{"0":"post-19728","1":"product","2":"type-product","3":"status-publish","4":"has-post-thumbnail","6":"product_cat-bags","7":"product_cat-bestof","8":"product_tag-big-max","9":"product_tag-bag","10":"product_shipping_class-paket-gross","12":"first","13":"instock","14":"shipping-taxable","15":"purchasable","16":"product-type-simple"},"bundled_by":[],"bundle_stock_status":"instock","bundle_stock_quantity":1,"bundle_virtual":false,"bundle_layout":"","bundle_add_to_cart_form_location":"","bundle_editable_in_cart":false,"bundle_sold_individually_context":"","bundle_item_grouping":"","bundle_min_size":"","bundle_max_size":"","bundle_price":[],"bundled_items":[],"bundle_sell_ids":[],"exclude_global_add_ons":[],"addons":[],"_links":{"self":[{"href":"https:\/\/dev-wordpress1.golf-direkt.com\/en\/wp-json\/wp\/v2\/product\/19728","targetHints":{"allow":["GET"]}}],"collection":[{"href":"https:\/\/dev-wordpress1.golf-direkt.com\/en\/wp-json\/wp\/v2\/product"}],"about":[{"href":"https:\/\/dev-wordpress1.golf-direkt.com\/en\/wp-json\/wp\/v2\/types\/product"}],"wp:featuredmedia":[{"embeddable":true,"href":"https:\/\/dev-wordpress1.golf-direkt.com\/en\/wp-json\/wp\/v2\/media\/19731"}],"wp:attachment":[{"href":"https:\/\/dev-wordpress1.golf-direkt.com\/en\/wp-json\/wp\/v2\/media?parent=19728"}],"wp:term":[{"taxonomy":"product_brand","embeddable":true,"href":"https:\/\/dev-wordpress1.golf-direkt.com\/en\/wp-json\/wp\/v2\/product_brand?post=19728"},{"taxonomy":"product_cat","embeddable":true,"href":"https:\/\/dev-wordpress1.golf-direkt.com\/en\/wp-json\/wp\/v2\/product_cat?post=19728"},{"taxonomy":"product_tag","embeddable":true,"href":"https:\/\/dev-wordpress1.golf-direkt.com\/en\/wp-json\/wp\/v2\/product_tag?post=19728"}],"curies":[{"name":"wp","href":"https:\/\/api.w.org\/{rel}","templated":true}]}}