{"id":19687,"date":"2025-07-15T15:58:09","date_gmt":"2025-07-15T13:58:09","guid":{"rendered":"https:\/\/shop.golf-direkt.com\/?post_type=product&#038;p=19687"},"modified":"2025-11-17T17:10:23","modified_gmt":"2025-11-17T16:10:23","slug":"big-max-hitzebundle","status":"publish","type":"product","link":"https:\/\/dev-wordpress1.golf-direkt.com\/en\/shop\/hardware-en\/accessories-en\/big-max-hitzebundle\/","title":{"rendered":"Big Max Bundle (4-teilig)"},"content":{"rendered":"<p><strong>Dieses Bundle enth\u00e4lt:<\/strong><\/p>\n<ul>\n<li><strong>Tritan Bottle<\/strong>: 1 Liter Trinkflasche; Sp\u00fclmaschinenfest; H2O Scale (Drink Control System); Wiederverwendbarer Tritan-Hartplastik (halbtransparent) mit Sportkappe; BPA-frei + CE; Auslaufsicher; Einfach zu \u00f6ffnen &amp; zu schlie\u00dfen (mit einer Hand); Hygienisch (antimikrobiell &amp; leicht zu reinigen); Farbe: Grau-Transparent<\/li>\n<li><strong>AQUA UV Umbrella<\/strong>: Dieser Schirm hat einen gro\u00dfen Durchmesser (132 cm) und die spezielle Beschichtung bietet idealen Schutz vor Sonne und Regen. Er verf\u00fcgt \u00fcber eine praktische und leicht bedienbare Automatic Funktion und einen Softgriff, der sich gut an die Handfl\u00e4che anschmiegt. Der Schirm kann durch seinen UV-Schutz (50+) als Sonnenschirm verwendet werden und wird inklusive Stoffh\u00fclle geliefert; Farbe: Blau-Grau<\/li>\n<li><strong>Sol Cap<\/strong>: Gr\u00f6\u00dfenverstellbare Kappe aus 95 % Polyester, 5 % Elastan; UV-Schutz und weiches Material; Atmungsaktive Bel\u00fcftungs\u00f6ffnungen im hinteren Teil; gebogener Schirm; Magnetfeld im Schirm als Halter f\u00fcr Ballmarker; Farbe: Hellblau<\/li>\n<li><strong>Hot &amp; Cold Pack<\/strong>: 2 St\u00fcck K\u00fchl-\/W\u00e4rmepads; spenden K\u00fchle oder Hitze; einfach im K\u00fchlschrank k\u00fchlen oder in Mikrowelle oder kochendem Wasser erhitzen; passt ins das Netz der BigMax K\u00fchltasche<\/li>\n<\/ul>\n<p><img loading=\"lazy\" decoding=\"async\" class=\"alignnone wp-image-19690 size-full\" src=\"https:\/\/dev-wordpress1.golf-direkt.com\/wp-content\/uploads\/bigmax-hitzebundle-img2.jpg\" alt=\"BigMax Hitzebundle Produktaufstellung\" width=\"1000\" height=\"619\" srcset=\"https:\/\/dev-wordpress1.golf-direkt.com\/wp-content\/uploads\/bigmax-hitzebundle-img2.jpg 1000w, https:\/\/dev-wordpress1.golf-direkt.com\/wp-content\/uploads\/bigmax-hitzebundle-img2-445x275.jpg 445w, https:\/\/dev-wordpress1.golf-direkt.com\/wp-content\/uploads\/bigmax-hitzebundle-img2-300x186.jpg 300w, https:\/\/dev-wordpress1.golf-direkt.com\/wp-content\/uploads\/bigmax-hitzebundle-img2-768x475.jpg 768w\" sizes=\"auto, (max-width: 1000px) 100vw, 1000px\" \/><\/p>\n","protected":false},"excerpt":{"rendered":"<p>Das Bundle enth\u00e4lt 1 x Trinkflasche Tritan Bottle; 1 x Schirm AQUA UV Umbrella; 1 x Kappe Sol Cap; 2 x K\u00fchl-\/W\u00e4rmepad Hot &amp; Cold Pack.<\/p>\n","protected":false},"featured_media":19688,"template":"","meta":[],"product_brand":[],"product_cat":[68,76],"product_tag":[612,744,747,748],"class_list":{"0":"post-19687","1":"product","2":"type-product","3":"status-publish","4":"has-post-thumbnail","6":"product_cat-bestof","7":"product_cat-zubehoer","8":"product_tag-big-max","9":"product_tag-kappe","10":"product_tag-flasche","11":"product_tag-schirm","12":"product_shipping_class-paket-gross","14":"first","15":"instock","16":"sale","17":"shipping-taxable","18":"purchasable","19":"product-type-simple"},"bundled_by":[],"bundle_stock_status":"instock","bundle_stock_quantity":3,"bundle_virtual":false,"bundle_layout":"","bundle_add_to_cart_form_location":"","bundle_editable_in_cart":false,"bundle_sold_individually_context":"","bundle_item_grouping":"","bundle_min_size":"","bundle_max_size":"","bundle_price":[],"bundled_items":[],"bundle_sell_ids":[],"exclude_global_add_ons":[],"addons":[],"_links":{"self":[{"href":"https:\/\/dev-wordpress1.golf-direkt.com\/en\/wp-json\/wp\/v2\/product\/19687","targetHints":{"allow":["GET"]}}],"collection":[{"href":"https:\/\/dev-wordpress1.golf-direkt.com\/en\/wp-json\/wp\/v2\/product"}],"about":[{"href":"https:\/\/dev-wordpress1.golf-direkt.com\/en\/wp-json\/wp\/v2\/types\/product"}],"wp:featuredmedia":[{"embeddable":true,"href":"https:\/\/dev-wordpress1.golf-direkt.com\/en\/wp-json\/wp\/v2\/media\/19688"}],"wp:attachment":[{"href":"https:\/\/dev-wordpress1.golf-direkt.com\/en\/wp-json\/wp\/v2\/media?parent=19687"}],"wp:term":[{"taxonomy":"product_brand","embeddable":true,"href":"https:\/\/dev-wordpress1.golf-direkt.com\/en\/wp-json\/wp\/v2\/product_brand?post=19687"},{"taxonomy":"product_cat","embeddable":true,"href":"https:\/\/dev-wordpress1.golf-direkt.com\/en\/wp-json\/wp\/v2\/product_cat?post=19687"},{"taxonomy":"product_tag","embeddable":true,"href":"https:\/\/dev-wordpress1.golf-direkt.com\/en\/wp-json\/wp\/v2\/product_tag?post=19687"}],"curies":[{"name":"wp","href":"https:\/\/api.w.org\/{rel}","templated":true}]}}