{"id":19311,"date":"2025-05-27T11:53:15","date_gmt":"2025-05-27T09:53:15","guid":{"rendered":"https:\/\/shop.golf-direkt.com\/?post_type=product&#038;p=19311"},"modified":"2025-05-27T13:22:43","modified_gmt":"2025-05-27T11:22:43","slug":"poloshirt-abacus-mens-cray-drycool-strawberrytour","status":"publish","type":"product","link":"https:\/\/dev-wordpress1.golf-direkt.com\/en\/shop\/hardware-en\/accessories-en\/poloshirt-abacus-mens-cray-drycool-strawberrytour\/","title":{"rendered":"Poloshirt Herren Abacus Cray Drycool Strawberry Tour &#8211; verschiedene Gr\u00f6\u00dfen und Farben"},"content":{"rendered":"<p>Dieses Polohemd besteht aus weichem und hochelastischem Polyester-Piqu\u00e9. Der Stoff verf\u00fcgt \u00fcber DryCool- und Feuchtigkeitstransport-Eigenschaften. Klassischer Schnitt mit Flachstrickkragen und Knopfleiste vorne. Abacus-Logo auf der R\u00fcckenmitte unterhalb des Nackens und am rechten \u00c4rmel. Strawberry Tour Logo auf der linken Brustseite. In verschiedenen Farben und Gr\u00f6\u00dfen erh\u00e4ltlich.<\/p>\n<ul>\n<li>Atmungsaktiv<\/li>\n<li>Schwei\u00dfabweisend<\/li>\n<li>Dehnbar<\/li>\n<li>Kn\u00f6pfe vorne<\/li>\n<li>100 % wiederaufbereitetes Polyester<\/li>\n<\/ul>\n<p>Die Fotomodelle in den Produktfotos sind ca. 187 cm gro\u00df und tragen Gr\u00f6\u00dfe L.<\/p>\n<p>&nbsp;<\/p>\n","protected":false},"excerpt":{"rendered":"<p>Poloshirt Herren, weich, elastisch, atmungsaktiv, schwei\u00dfabweisend. Mit Strawberry Tour Logo.<\/p>\n","protected":false},"featured_media":19322,"template":"","meta":[],"product_brand":[],"product_cat":[64,68,76],"product_tag":[579,580,743,154],"class_list":{"0":"post-19311","1":"product","2":"type-product","3":"status-publish","4":"has-post-thumbnail","6":"product_cat-logoprodukte","7":"product_cat-bestof","8":"product_cat-zubehoer","9":"product_tag-polo","10":"product_tag-bekleidung","11":"product_tag-abacus","12":"product_tag-strawberry-tour","13":"pa_farbe-grundfarben1-hellblau","14":"pa_farbe-grundfarben1-basis-weiss","15":"pa_groesse-bekleidung-1-groesse-xl","16":"pa_groesse-bekleidung-1-groesse-xxl","17":"pa_groesse-bekleidung-1-groesse-s","18":"pa_groesse-bekleidung-1-groesse-m","19":"pa_groesse-bekleidung-1-groesse-l","21":"first","22":"instock","23":"shipping-taxable","24":"purchasable","25":"product-type-variable","26":"has-default-attributes"},"bundled_by":[],"bundle_stock_status":"instock","bundle_stock_quantity":null,"bundle_virtual":false,"bundle_layout":"","bundle_add_to_cart_form_location":"","bundle_editable_in_cart":false,"bundle_sold_individually_context":"","bundle_item_grouping":"","bundle_min_size":"","bundle_max_size":"","bundle_price":[],"bundled_items":[],"bundle_sell_ids":[],"exclude_global_add_ons":[],"addons":[],"_links":{"self":[{"href":"https:\/\/dev-wordpress1.golf-direkt.com\/en\/wp-json\/wp\/v2\/product\/19311","targetHints":{"allow":["GET"]}}],"collection":[{"href":"https:\/\/dev-wordpress1.golf-direkt.com\/en\/wp-json\/wp\/v2\/product"}],"about":[{"href":"https:\/\/dev-wordpress1.golf-direkt.com\/en\/wp-json\/wp\/v2\/types\/product"}],"wp:featuredmedia":[{"embeddable":true,"href":"https:\/\/dev-wordpress1.golf-direkt.com\/en\/wp-json\/wp\/v2\/media\/19322"}],"wp:attachment":[{"href":"https:\/\/dev-wordpress1.golf-direkt.com\/en\/wp-json\/wp\/v2\/media?parent=19311"}],"wp:term":[{"taxonomy":"product_brand","embeddable":true,"href":"https:\/\/dev-wordpress1.golf-direkt.com\/en\/wp-json\/wp\/v2\/product_brand?post=19311"},{"taxonomy":"product_cat","embeddable":true,"href":"https:\/\/dev-wordpress1.golf-direkt.com\/en\/wp-json\/wp\/v2\/product_cat?post=19311"},{"taxonomy":"product_tag","embeddable":true,"href":"https:\/\/dev-wordpress1.golf-direkt.com\/en\/wp-json\/wp\/v2\/product_tag?post=19311"}],"curies":[{"name":"wp","href":"https:\/\/api.w.org\/{rel}","templated":true}]}}