{"id":19244,"date":"2025-05-20T14:24:51","date_gmt":"2025-05-20T12:24:51","guid":{"rendered":"https:\/\/shop.golf-direkt.com\/?post_type=product&#038;p=19244"},"modified":"2025-10-28T12:38:29","modified_gmt":"2025-10-28T11:38:29","slug":"putter-wilson-infinite-buckingham","status":"publish","type":"product","link":"https:\/\/dev-wordpress1.golf-direkt.com\/en\/shop\/hardware-en\/schlaeger-en\/putter-wilson-infinite-buckingham\/","title":{"rendered":"Putter Wilson Infinite Buckingham"},"content":{"rendered":"<p>Der Infinite Buckingham hat den Preis f\u00fcr den besten Mallet-Putter 2025 von My Golf Spy gewonnen. Diese Auszeichnung best\u00e4tigt die Qualit\u00e4t und das Design des Putters sowie das Engagement von Wilson f\u00fcr Spitzenleistungen im Golfsport zu einem un\u00fcbertroffenen Preis-Leistungsverh\u00e4ltnis.<\/p>\n<p>Der Wilson Infinite Buckingham Putter ist ein gro\u00dfer Mallet aus der Deluxe-Infinite-Putter Serie. Er verf\u00fcgt \u00fcber einen mittelgro\u00dfen, mehrstrukturierten, konischen Griff, der eine Rotation des Handgelenks verhindert. Die Antireflexbeschichtung mit drei Ausrichtungslinien hilft Ihnen, den Ball im Auge zu behalten und sich auf jeden einzelnen Putt zu konzentrieren. Die doppelt gefr\u00e4ste Schlagfl\u00e4che sorgt f\u00fcr gleichm\u00e4\u00dfigen Ballkontakt, Rollverhalten und Distanzkontrolle \u2013 f\u00fcr ein erfolgreiches Kurzspiel unabh\u00e4ngig von der Schlagposition. Die dicke Mittellinie mit zwei d\u00fcnneren Unterst\u00fctzungslinien auf beiden Seiten optimiert die Konzentration und die zweifarbige PVD-Antireflexbeschichtung verringert Ablenkungen und erm\u00f6glicht dem Spieler, sich ausschlie\u00dflich auf den Ball zu fokussieren.<\/p>\n<p>&nbsp;<\/p>\n","protected":false},"excerpt":{"rendered":"<p>Preisgekr\u00f6nter Putter! Der Infinite Buckingham hat den Preis f\u00fcr den besten Mallet-Putter 2025 von My Golf Spy gewonnen. Erh\u00e4ltlich in den Ausf\u00fchrungen: Herren (34 Zoll) Rechts- und Linksh\u00e4nder sowie Damen (33 Zoll) Rechtsh\u00e4nder.<\/p>\n","protected":false},"featured_media":19245,"template":"","meta":[],"product_brand":[],"product_cat":[68,72],"product_tag":[151,572,614],"class_list":{"0":"post-19244","1":"product","2":"type-product","3":"status-publish","4":"has-post-thumbnail","6":"product_cat-bestof","7":"product_cat-schlaeger","8":"product_tag-wilson","9":"product_tag-golfschlaeger","10":"product_tag-putter","11":"product_shipping_class-sperrgut","12":"pa_geschlecht-herren","13":"pa_geschlecht-damen","14":"pa_haendigkeit1-rechtshaendig","15":"pa_haendigkeit1-linkshaendig","17":"first","18":"instock","19":"sale","20":"sold-individually","21":"shipping-taxable","22":"purchasable","23":"product-type-variable"},"bundled_by":[],"bundle_stock_status":"instock","bundle_stock_quantity":null,"bundle_virtual":false,"bundle_layout":"","bundle_add_to_cart_form_location":"","bundle_editable_in_cart":false,"bundle_sold_individually_context":"","bundle_item_grouping":"","bundle_min_size":"","bundle_max_size":"","bundle_price":[],"bundled_items":[],"bundle_sell_ids":[],"exclude_global_add_ons":[],"addons":[],"_links":{"self":[{"href":"https:\/\/dev-wordpress1.golf-direkt.com\/en\/wp-json\/wp\/v2\/product\/19244","targetHints":{"allow":["GET"]}}],"collection":[{"href":"https:\/\/dev-wordpress1.golf-direkt.com\/en\/wp-json\/wp\/v2\/product"}],"about":[{"href":"https:\/\/dev-wordpress1.golf-direkt.com\/en\/wp-json\/wp\/v2\/types\/product"}],"wp:featuredmedia":[{"embeddable":true,"href":"https:\/\/dev-wordpress1.golf-direkt.com\/en\/wp-json\/wp\/v2\/media\/19245"}],"wp:attachment":[{"href":"https:\/\/dev-wordpress1.golf-direkt.com\/en\/wp-json\/wp\/v2\/media?parent=19244"}],"wp:term":[{"taxonomy":"product_brand","embeddable":true,"href":"https:\/\/dev-wordpress1.golf-direkt.com\/en\/wp-json\/wp\/v2\/product_brand?post=19244"},{"taxonomy":"product_cat","embeddable":true,"href":"https:\/\/dev-wordpress1.golf-direkt.com\/en\/wp-json\/wp\/v2\/product_cat?post=19244"},{"taxonomy":"product_tag","embeddable":true,"href":"https:\/\/dev-wordpress1.golf-direkt.com\/en\/wp-json\/wp\/v2\/product_tag?post=19244"}],"curies":[{"name":"wp","href":"https:\/\/api.w.org\/{rel}","templated":true}]}}