{"id":19055,"date":"2025-04-22T15:45:31","date_gmt":"2025-04-22T13:45:31","guid":{"rendered":"https:\/\/shop.golf-direkt.com\/?post_type=product&#038;p=19055"},"modified":"2025-11-04T15:27:38","modified_gmt":"2025-11-04T14:27:38","slug":"handschuh-wilson-staff-grip-plus-damen-links","status":"publish","type":"product","link":"https:\/\/dev-wordpress1.golf-direkt.com\/en\/shop\/hardware-en\/accessories-en\/handschuh-wilson-staff-grip-plus-damen-links\/","title":{"rendered":"Handschuh Wilson Staff Grip Plus Damen Links (RH) Small"},"content":{"rendered":"<ul>\n<li>Multi material construction<\/li>\n<li>The upper hand is a new high tech soft fabric for better feel<\/li>\n<li>The palm is a new high tech 64H digitized synthetic leather for extra grip<\/li>\n<li>Cabretta leather palm patch and thumb enhance grip, feel and durability<\/li>\n<li>New design closure with TPR tab for better ergonomics<\/li>\n<li>Anti microbial performance mesh dissipates heat and moisture enhancing grip and comfort<\/li>\n<li>Snap ball marker at the cuff<\/li>\n<\/ul>\n<p>&nbsp;<\/p>\n","protected":false},"excerpt":{"rendered":"<p>1 St\u00fcck Packung f\u00fcr Rechtsh\u00e4nder (= linker Handschuh); Damen\/Ladies; Gr\u00f6\u00dfe Small (S); Farbe: Wei\u00df mit hellblauen Akzenten.<\/p>\n","protected":false},"featured_media":19056,"template":"","meta":[],"product_brand":[],"product_cat":[68,76],"product_tag":[742,151,600],"class_list":{"0":"post-19055","1":"product","2":"type-product","3":"status-publish","4":"has-post-thumbnail","6":"product_cat-bestof","7":"product_cat-zubehoer","8":"product_tag-wilson-staff","9":"product_tag-wilson","10":"product_tag-handschuh","11":"product_shipping_class-versandtasche-leicht","13":"first","14":"instock","15":"sale","16":"shipping-taxable","17":"purchasable","18":"product-type-simple"},"bundled_by":[],"bundle_stock_status":"instock","bundle_stock_quantity":2,"bundle_virtual":false,"bundle_layout":"","bundle_add_to_cart_form_location":"","bundle_editable_in_cart":false,"bundle_sold_individually_context":"","bundle_item_grouping":"","bundle_min_size":"","bundle_max_size":"","bundle_price":[],"bundled_items":[],"bundle_sell_ids":[],"exclude_global_add_ons":[],"addons":[],"_links":{"self":[{"href":"https:\/\/dev-wordpress1.golf-direkt.com\/en\/wp-json\/wp\/v2\/product\/19055","targetHints":{"allow":["GET"]}}],"collection":[{"href":"https:\/\/dev-wordpress1.golf-direkt.com\/en\/wp-json\/wp\/v2\/product"}],"about":[{"href":"https:\/\/dev-wordpress1.golf-direkt.com\/en\/wp-json\/wp\/v2\/types\/product"}],"wp:featuredmedia":[{"embeddable":true,"href":"https:\/\/dev-wordpress1.golf-direkt.com\/en\/wp-json\/wp\/v2\/media\/19056"}],"wp:attachment":[{"href":"https:\/\/dev-wordpress1.golf-direkt.com\/en\/wp-json\/wp\/v2\/media?parent=19055"}],"wp:term":[{"taxonomy":"product_brand","embeddable":true,"href":"https:\/\/dev-wordpress1.golf-direkt.com\/en\/wp-json\/wp\/v2\/product_brand?post=19055"},{"taxonomy":"product_cat","embeddable":true,"href":"https:\/\/dev-wordpress1.golf-direkt.com\/en\/wp-json\/wp\/v2\/product_cat?post=19055"},{"taxonomy":"product_tag","embeddable":true,"href":"https:\/\/dev-wordpress1.golf-direkt.com\/en\/wp-json\/wp\/v2\/product_tag?post=19055"}],"curies":[{"name":"wp","href":"https:\/\/api.w.org\/{rel}","templated":true}]}}