{"id":18819,"date":"2025-03-18T16:08:29","date_gmt":"2025-03-18T15:08:29","guid":{"rendered":"https:\/\/shop.golf-direkt.com\/?post_type=product&#038;p=18819"},"modified":"2025-10-23T09:29:14","modified_gmt":"2025-10-23T07:29:14","slug":"dutzend-golfbaelle-callaway-chrome-soft","status":"publish","type":"product","link":"https:\/\/dev-wordpress1.golf-direkt.com\/en\/shop\/hardware-en\/golfballs-en\/dutzend-golfbaelle-callaway-chrome-soft\/","title":{"rendered":"Dutzend Golfb\u00e4lle Callaway Chrome Soft"},"content":{"rendered":"<p><strong>Au\u00dfergew\u00f6hnlich hohe Ballgeschwindigkeit<\/strong><\/p>\n<p>Mit neuem Hyper Soft Fast Kern. Der Kern wurde konzipiert, um einen ultra-schnellen Golfball aus bestem Kompressionsmaterial zu erhalten.<\/p>\n<p><strong>Durchweg hoher Ballflug und niedriger Spin<\/strong><\/p>\n<p>Die neue nahtlose Tour Aero sorgt f\u00fcr mehr Konstanz beim Flug. Dieses neue Design mit einzigartiger Aerodynamik passt zu den Schlagf\u00fchrungseigenschaften des Balles, f\u00fcr ein optimales Flugfenster vom Treffmoment bis zur Landung Downrange.<\/p>\n<p><strong>Exzellente Kontrolle auf dem Gr\u00fcn und weiche Haptik<\/strong><\/p>\n<p>Mit dem neuen hochleistungsf\u00e4higem Tour Urethan Soft Cover. F\u00fcr eine weichere Haptik, verst\u00e4rkten und gleichm\u00e4\u00dfigeren Spin, um beim kurzen Spiel mehr Biss zu zeigen.<\/p>\n<p><strong>Konsistentere Leistung<\/strong><\/p>\n<p>Durch Pr\u00e4zisionstechnologie. Alle Technologien werden in der branchenf\u00fchrenden Fertigung mit \u00fcber 100 Millionen Pr\u00fcfpunkten sorgf\u00e4ltig gemessen \u2013 f\u00fcr konsistente Leistung im Ball.<\/p>\n<p>Feel: Soft |\u00a0Long Game Spin: Low |\u00a0Short Game Spin: High |\u00a0Workability: Medium |\u00a0Type: 3 Piece<\/p>\n<p>&nbsp;<\/p>\n","protected":false},"excerpt":{"rendered":"<p>Der Chrome Soft ist vom Cover bis zum Kern der neue Gold-Standard f\u00fcr anspruchsvolle Spieler, die einen Ball von Tour-Qualit\u00e4t suchen. Farbe: Wei\u00df. 12 St\u00fcck Packung.<\/p>\n","protected":false},"featured_media":18820,"template":"","meta":[],"product_brand":[],"product_cat":[607,68],"product_tag":[148,547],"class_list":{"0":"post-18819","1":"product","2":"type-product","3":"status-publish","4":"has-post-thumbnail","6":"product_cat-golfbaelle","7":"product_cat-bestof","8":"product_tag-golfball","9":"product_tag-callaway","10":"product_shipping_class-paket-klein","12":"first","13":"instock","14":"sale","15":"shipping-taxable","16":"purchasable","17":"product-type-simple"},"bundled_by":[],"bundle_stock_status":"instock","bundle_stock_quantity":3,"bundle_virtual":false,"bundle_layout":"","bundle_add_to_cart_form_location":"","bundle_editable_in_cart":false,"bundle_sold_individually_context":"","bundle_item_grouping":"","bundle_min_size":"","bundle_max_size":"","bundle_price":[],"bundled_items":[],"bundle_sell_ids":[],"exclude_global_add_ons":[],"addons":[],"_links":{"self":[{"href":"https:\/\/dev-wordpress1.golf-direkt.com\/en\/wp-json\/wp\/v2\/product\/18819","targetHints":{"allow":["GET"]}}],"collection":[{"href":"https:\/\/dev-wordpress1.golf-direkt.com\/en\/wp-json\/wp\/v2\/product"}],"about":[{"href":"https:\/\/dev-wordpress1.golf-direkt.com\/en\/wp-json\/wp\/v2\/types\/product"}],"wp:featuredmedia":[{"embeddable":true,"href":"https:\/\/dev-wordpress1.golf-direkt.com\/en\/wp-json\/wp\/v2\/media\/18820"}],"wp:attachment":[{"href":"https:\/\/dev-wordpress1.golf-direkt.com\/en\/wp-json\/wp\/v2\/media?parent=18819"}],"wp:term":[{"taxonomy":"product_brand","embeddable":true,"href":"https:\/\/dev-wordpress1.golf-direkt.com\/en\/wp-json\/wp\/v2\/product_brand?post=18819"},{"taxonomy":"product_cat","embeddable":true,"href":"https:\/\/dev-wordpress1.golf-direkt.com\/en\/wp-json\/wp\/v2\/product_cat?post=18819"},{"taxonomy":"product_tag","embeddable":true,"href":"https:\/\/dev-wordpress1.golf-direkt.com\/en\/wp-json\/wp\/v2\/product_tag?post=18819"}],"curies":[{"name":"wp","href":"https:\/\/api.w.org\/{rel}","templated":true}]}}