{"id":18259,"date":"2024-11-12T13:37:28","date_gmt":"2024-11-12T12:37:28","guid":{"rendered":"https:\/\/shop.golf-direkt.com\/?post_type=product&#038;p=18259"},"modified":"2026-03-13T17:31:42","modified_gmt":"2026-03-13T16:31:42","slug":"leisurebreaks-2024-2026","status":"publish","type":"product","link":"https:\/\/dev-wordpress1.golf-direkt.com\/en\/shop\/voucher-products-en\/leisurebreaks-2024-2026\/","title":{"rendered":"LeisureBREAKS 2025-2026"},"content":{"rendered":"<p>Spielen Sie mit den LeisureBREAKS Free-Golf-Vouchern zu zweit f\u00fcr ein Greenfee bei den rund 250 Partner-Golfclubs. Mit den \u201eFree-Golf-Vouchern\u201d des <strong>LeisureBREAKS Guide for Free Golf<\/strong> k\u00f6nnen Sie nach dem Prinzip <strong>\u201etwo for one\u201d <\/strong>spielen, das hei\u00dft zwei Personen spielen f\u00fcr nur ein Green Fee! Plus: Teilweise auch Erm\u00e4\u00dfigungen f\u00fcr Einzelspieler!<\/p>\n<p>G\u00fcltig bis 30. Juni 2026.<\/p>\n<p style=\"text-align: center\"><a href=\"https:\/\/www.leisurebreaks.de\/wp-content\/uploads\/2024\/10\/GfFG_Liste-der-teilnehmenden-Golfclubs-22.-Guide_v10.pdf\" target=\"_blank\" rel=\"noopener noreferrer\">\u00bb Sehen Sie HIER alle teilnehmenden Golfclubs (als pdf) \u00ab<\/a><\/p>\n","protected":false},"excerpt":{"rendered":"<p>LeisureBREAKS Guide for free Golf, Ausgabe g\u00fcltig bis <strong>30. Juni 2026<\/strong>.<\/p>\n","protected":false},"featured_media":18260,"template":"","meta":[],"product_brand":[],"product_cat":[60],"product_tag":[156,173,128],"class_list":{"0":"post-18259","1":"product","2":"type-product","3":"status-publish","4":"has-post-thumbnail","6":"product_cat-vorteilsprodukte","7":"product_tag-rabatt","8":"product_tag-vorteilsbuch","9":"product_tag-greenfee","10":"product_shipping_class-gratis","12":"first","13":"outofstock","14":"sale","15":"shipping-taxable","16":"purchasable","17":"product-type-simple"},"bundled_by":["18262","116"],"bundle_stock_status":"outofstock","bundle_stock_quantity":0,"bundle_virtual":false,"bundle_layout":"","bundle_add_to_cart_form_location":"","bundle_editable_in_cart":false,"bundle_sold_individually_context":"","bundle_item_grouping":"","bundle_min_size":"","bundle_max_size":"","bundle_price":[],"bundled_items":[],"bundle_sell_ids":[],"exclude_global_add_ons":[],"addons":[],"_links":{"self":[{"href":"https:\/\/dev-wordpress1.golf-direkt.com\/en\/wp-json\/wp\/v2\/product\/18259","targetHints":{"allow":["GET"]}}],"collection":[{"href":"https:\/\/dev-wordpress1.golf-direkt.com\/en\/wp-json\/wp\/v2\/product"}],"about":[{"href":"https:\/\/dev-wordpress1.golf-direkt.com\/en\/wp-json\/wp\/v2\/types\/product"}],"wp:featuredmedia":[{"embeddable":true,"href":"https:\/\/dev-wordpress1.golf-direkt.com\/en\/wp-json\/wp\/v2\/media\/18260"}],"wp:attachment":[{"href":"https:\/\/dev-wordpress1.golf-direkt.com\/en\/wp-json\/wp\/v2\/media?parent=18259"}],"wp:term":[{"taxonomy":"product_brand","embeddable":true,"href":"https:\/\/dev-wordpress1.golf-direkt.com\/en\/wp-json\/wp\/v2\/product_brand?post=18259"},{"taxonomy":"product_cat","embeddable":true,"href":"https:\/\/dev-wordpress1.golf-direkt.com\/en\/wp-json\/wp\/v2\/product_cat?post=18259"},{"taxonomy":"product_tag","embeddable":true,"href":"https:\/\/dev-wordpress1.golf-direkt.com\/en\/wp-json\/wp\/v2\/product_tag?post=18259"}],"curies":[{"name":"wp","href":"https:\/\/api.w.org\/{rel}","templated":true}]}}