{"id":18154,"date":"2024-10-14T16:31:47","date_gmt":"2024-10-14T14:31:47","guid":{"rendered":"https:\/\/shop.golf-direkt.com\/?post_type=product&#038;p=18154"},"modified":"2026-02-18T11:33:52","modified_gmt":"2026-02-18T10:33:52","slug":"big-max-club-scrub-brush","status":"publish","type":"product","link":"https:\/\/dev-wordpress1.golf-direkt.com\/en\/shop\/hardware-en\/accessories-en\/big-max-club-scrub-brush\/","title":{"rendered":"Club Scrub Brush Big Max"},"content":{"rendered":"<p>Halten Sie den Schl\u00e4gerkopf Ihrer Golfschl\u00e4ger sauber! Mit dieser Reinigungsb\u00fcrste k\u00f6nnen Sie Schmutz gr\u00fcndlich vom Schl\u00e4gerkopf entfernen, um Ihre Golfschl\u00e4ger gut in Schuss zu halten. Inklusive Haken zum Befestigen z. B. am Bag.<\/p>\n<p>Benutzung: Schrauben Sie den Oberteil des &#8220;Club Scrub&#8221; ab und f\u00fcllen Sie Wasser in den Tank. Durch Ziehen am Oberteil k\u00f6nnen Sie die Wasserzufuhr aktivieren. Reiben Sie mit der B\u00fcrste den Schl\u00e4gerkopf des Golfschl\u00e4gers ab. Dr\u00fccken Sie das Oberteil nach unten, um die Wasserzufuhr zu stoppen.<\/p>\n<p>L\u00e4nge ca. 17 cm \/ Durchmesser ca. 4 cm<\/p>\n<p>&nbsp;<\/p>\n","protected":false},"excerpt":{"rendered":"<p>Mit dieser B\u00fcrste reinigen Sie bequem den Schl\u00e4gerkopf.<\/p>\n","protected":false},"featured_media":18157,"template":"","meta":[],"product_brand":[],"product_cat":[68,76],"product_tag":[612],"class_list":{"0":"post-18154","1":"product","2":"type-product","3":"status-publish","4":"has-post-thumbnail","6":"product_cat-bestof","7":"product_cat-zubehoer","8":"product_tag-big-max","9":"product_shipping_class-versandtasche-leicht","11":"first","12":"instock","13":"shipping-taxable","14":"purchasable","15":"product-type-simple"},"bundled_by":[],"bundle_stock_status":"instock","bundle_stock_quantity":1,"bundle_virtual":false,"bundle_layout":"","bundle_add_to_cart_form_location":"","bundle_editable_in_cart":false,"bundle_sold_individually_context":"","bundle_item_grouping":"","bundle_min_size":"","bundle_max_size":"","bundle_price":[],"bundled_items":[],"bundle_sell_ids":[],"exclude_global_add_ons":[],"addons":[],"_links":{"self":[{"href":"https:\/\/dev-wordpress1.golf-direkt.com\/en\/wp-json\/wp\/v2\/product\/18154","targetHints":{"allow":["GET"]}}],"collection":[{"href":"https:\/\/dev-wordpress1.golf-direkt.com\/en\/wp-json\/wp\/v2\/product"}],"about":[{"href":"https:\/\/dev-wordpress1.golf-direkt.com\/en\/wp-json\/wp\/v2\/types\/product"}],"wp:featuredmedia":[{"embeddable":true,"href":"https:\/\/dev-wordpress1.golf-direkt.com\/en\/wp-json\/wp\/v2\/media\/18157"}],"wp:attachment":[{"href":"https:\/\/dev-wordpress1.golf-direkt.com\/en\/wp-json\/wp\/v2\/media?parent=18154"}],"wp:term":[{"taxonomy":"product_brand","embeddable":true,"href":"https:\/\/dev-wordpress1.golf-direkt.com\/en\/wp-json\/wp\/v2\/product_brand?post=18154"},{"taxonomy":"product_cat","embeddable":true,"href":"https:\/\/dev-wordpress1.golf-direkt.com\/en\/wp-json\/wp\/v2\/product_cat?post=18154"},{"taxonomy":"product_tag","embeddable":true,"href":"https:\/\/dev-wordpress1.golf-direkt.com\/en\/wp-json\/wp\/v2\/product_tag?post=18154"}],"curies":[{"name":"wp","href":"https:\/\/api.w.org\/{rel}","templated":true}]}}