{"id":17666,"date":"2024-07-24T14:59:43","date_gmt":"2024-07-24T12:59:43","guid":{"rendered":"https:\/\/shop.golf-direkt.com\/?post_type=product&#038;p=17666"},"modified":"2025-12-19T08:28:26","modified_gmt":"2025-12-19T07:28:26","slug":"greenfee-golfclub-salzkammergut","status":"publish","type":"product","link":"https:\/\/dev-wordpress1.golf-direkt.com\/en\/shop\/get-your-greenfee-en\/greenfee-golfclub-salzkammergut\/","title":{"rendered":"Greenfee Golfclub Salzkammergut"},"content":{"rendered":"<p>Seit 1933 wird im Herzen des Salzkammerguts zwischen Bad Ischl und St. Wolfgang Golf gespielt. Umrahmt von den ber\u00fchmten Bergen des Salzkammerguts spielen Sie die reizvollen Fairways und Gr\u00fcns des 18 Loch Platzes in landschaftlich traumhafter Ruhelage.<\/p>\n<p>Golfclub Salzkammergut<br \/>\nWirling 36<br \/>\n5360 St. Wolfgang<br \/>\nAUSTRIA<br \/>\nTel.: <a href=\"tel:+43 6132 26340\">+43 6132 26340<\/a><br \/>\nE-Mail: <a href=\"mailto:office@salzkammergut-golf.at\" target=\"_blank\" rel=\"noopener noreferrer\">office@salzkammergut-golf.at<\/a><\/p>\n","protected":false},"excerpt":{"rendered":"<p>Greenfee f\u00fcr GC Salzkammergut(Ober\u00f6sterreich), 18 Loch Kurs; g\u00fcltig an allen Tagen; einl\u00f6sbar 2 Jahre ab Kaufdatum.<br \/>\nVerkauf im Auftrag des GC Salzkammergut<\/p>\n","protected":false},"featured_media":17667,"template":"","meta":[],"product_brand":[],"product_cat":[58],"product_tag":[128,129,131,435,574],"class_list":{"0":"post-17666","1":"product","2":"type-product","3":"status-publish","4":"has-post-thumbnail","6":"product_cat-greenfee","7":"product_tag-greenfee","8":"product_tag-golfclub","9":"product_tag-greenfeegutschein","10":"product_tag-oberoesterreich","11":"product_tag-oesterreich","13":"first","14":"instock","15":"sale","16":"virtual","17":"purchasable","18":"product-type-simple"},"bundled_by":[],"bundle_stock_status":"instock","bundle_stock_quantity":9,"bundle_virtual":false,"bundle_layout":"","bundle_add_to_cart_form_location":"","bundle_editable_in_cart":false,"bundle_sold_individually_context":"","bundle_item_grouping":"","bundle_min_size":"","bundle_max_size":"","bundle_price":[],"bundled_items":[],"bundle_sell_ids":[],"exclude_global_add_ons":[],"addons":[],"_links":{"self":[{"href":"https:\/\/dev-wordpress1.golf-direkt.com\/en\/wp-json\/wp\/v2\/product\/17666","targetHints":{"allow":["GET"]}}],"collection":[{"href":"https:\/\/dev-wordpress1.golf-direkt.com\/en\/wp-json\/wp\/v2\/product"}],"about":[{"href":"https:\/\/dev-wordpress1.golf-direkt.com\/en\/wp-json\/wp\/v2\/types\/product"}],"wp:featuredmedia":[{"embeddable":true,"href":"https:\/\/dev-wordpress1.golf-direkt.com\/en\/wp-json\/wp\/v2\/media\/17667"}],"wp:attachment":[{"href":"https:\/\/dev-wordpress1.golf-direkt.com\/en\/wp-json\/wp\/v2\/media?parent=17666"}],"wp:term":[{"taxonomy":"product_brand","embeddable":true,"href":"https:\/\/dev-wordpress1.golf-direkt.com\/en\/wp-json\/wp\/v2\/product_brand?post=17666"},{"taxonomy":"product_cat","embeddable":true,"href":"https:\/\/dev-wordpress1.golf-direkt.com\/en\/wp-json\/wp\/v2\/product_cat?post=17666"},{"taxonomy":"product_tag","embeddable":true,"href":"https:\/\/dev-wordpress1.golf-direkt.com\/en\/wp-json\/wp\/v2\/product_tag?post=17666"}],"curies":[{"name":"wp","href":"https:\/\/api.w.org\/{rel}","templated":true}]}}