{"id":17613,"date":"2024-07-23T11:14:32","date_gmt":"2024-07-23T09:14:32","guid":{"rendered":"https:\/\/shop.golf-direkt.com\/?post_type=product&#038;p=17613"},"modified":"2025-12-14T20:42:21","modified_gmt":"2025-12-14T19:42:21","slug":"tees-graduated-bamboo-1-1-4-zoll-rot","status":"publish","type":"product","link":"https:\/\/dev-wordpress1.golf-direkt.com\/en\/shop\/hardware-en\/accessories-en\/tees-graduated-bamboo-1-1-4-zoll-rot\/","title":{"rendered":"Tees Graduated Bamboo 32mm (25 Stk)"},"content":{"rendered":"<p>Abgestufte Tees erm\u00f6glichen es, bei jedem Schlag den Ball in gleicher H\u00f6he zu halten.<\/p>\n<p>Nachhaltig gefertigt aus nat\u00fcrlichem Bambus, der durch seine Festigkeit und Flexibilit\u00e4t gleicherma\u00dfen daf\u00fcr sorgt, dass diese Tees bruchfest sind und eine gro\u00dfartige Leistung am Platz erm\u00f6glichen. Bambus w\u00e4chst sehr schnell, bindet CO2 aus der Luft und ben\u00f6tigt sehr wenig Wasser. Coloriert mit Farben auf Basis von Wasser und voll biologisch abbaubar bieten diese Tees eine hervorragende Alternative zu Tees aus Plastik. Frei von Plastik in Produkt und Verpackung.<\/p>\n","protected":false},"excerpt":{"rendered":"<p>25 Stk. abgestufte Tees. 1 1\/4 Zoll (32 mm), Farbe: Rot.<\/p>\n","protected":false},"featured_media":17614,"template":"","meta":[],"product_brand":[],"product_cat":[68,76],"product_tag":[731,627,717],"class_list":{"0":"post-17613","1":"product","2":"type-product","3":"status-publish","4":"has-post-thumbnail","6":"product_cat-bestof","7":"product_cat-zubehoer","8":"product_tag-bambus","9":"product_tag-tee","10":"product_tag-masters-golf","12":"first","13":"outofstock","14":"sale","15":"shipping-taxable","16":"purchasable","17":"product-type-simple"},"bundled_by":[],"bundle_stock_status":"outofstock","bundle_stock_quantity":0,"bundle_virtual":false,"bundle_layout":"","bundle_add_to_cart_form_location":"","bundle_editable_in_cart":false,"bundle_sold_individually_context":"","bundle_item_grouping":"","bundle_min_size":"","bundle_max_size":"","bundle_price":[],"bundled_items":[],"bundle_sell_ids":[],"exclude_global_add_ons":[],"addons":[],"_links":{"self":[{"href":"https:\/\/dev-wordpress1.golf-direkt.com\/en\/wp-json\/wp\/v2\/product\/17613","targetHints":{"allow":["GET"]}}],"collection":[{"href":"https:\/\/dev-wordpress1.golf-direkt.com\/en\/wp-json\/wp\/v2\/product"}],"about":[{"href":"https:\/\/dev-wordpress1.golf-direkt.com\/en\/wp-json\/wp\/v2\/types\/product"}],"wp:featuredmedia":[{"embeddable":true,"href":"https:\/\/dev-wordpress1.golf-direkt.com\/en\/wp-json\/wp\/v2\/media\/17614"}],"wp:attachment":[{"href":"https:\/\/dev-wordpress1.golf-direkt.com\/en\/wp-json\/wp\/v2\/media?parent=17613"}],"wp:term":[{"taxonomy":"product_brand","embeddable":true,"href":"https:\/\/dev-wordpress1.golf-direkt.com\/en\/wp-json\/wp\/v2\/product_brand?post=17613"},{"taxonomy":"product_cat","embeddable":true,"href":"https:\/\/dev-wordpress1.golf-direkt.com\/en\/wp-json\/wp\/v2\/product_cat?post=17613"},{"taxonomy":"product_tag","embeddable":true,"href":"https:\/\/dev-wordpress1.golf-direkt.com\/en\/wp-json\/wp\/v2\/product_tag?post=17613"}],"curies":[{"name":"wp","href":"https:\/\/api.w.org\/{rel}","templated":true}]}}