{"id":17442,"date":"2025-03-23T12:49:19","date_gmt":"2025-03-23T11:49:19","guid":{"rendered":"https:\/\/shop.golf-direkt.com\/?post_type=product&#038;p=17442"},"modified":"2026-02-17T10:09:26","modified_gmt":"2026-02-17T09:09:26","slug":"tees-bamboo","status":"publish","type":"product","link":"https:\/\/dev-wordpress1.golf-direkt.com\/en\/shop\/hardware-en\/accessories-en\/tees-bamboo\/","title":{"rendered":"Tees Bamboo &#8211; verschiedene L\u00e4ngen und Stk"},"content":{"rendered":"<p>Hergestellt aus nachhaltigem Bambus sind diese Tees nicht nur biologisch abbaubar, sondern auch eine gro\u00dfartige Alternative zu h\u00f6lzernen Tees und besser geeignet f\u00fcr den Golfplatz und f\u00fcr die Umwelt. Frei von Plastik in Produkt und Verpackung. Die Verpackung ist 100% biologisch abbaubar.<\/p>\n","protected":false},"excerpt":{"rendered":"<p>Tees aus Bambus in Wei\u00df, in verschiedenen L\u00e4ngen erh\u00e4ltlich: 2 1\/8 Zoll = 54 mm; 2 3\/4 Zoll = 70 mm; 3 1\/4 Zoll = 83\u00a0mm.<\/p>\n","protected":false},"featured_media":17451,"template":"","meta":[],"product_brand":[],"product_cat":[68,76],"product_tag":[627,717,731],"class_list":{"0":"post-17442","1":"product","2":"type-product","3":"status-publish","4":"has-post-thumbnail","6":"product_cat-bestof","7":"product_cat-zubehoer","8":"product_tag-tee","9":"product_tag-masters-golf","10":"product_tag-bambus","11":"product_shipping_class-versandtasche-leicht","13":"first","14":"instock","15":"sale","16":"shipping-taxable","17":"purchasable","18":"product-type-variable"},"bundled_by":[],"bundle_stock_status":"instock","bundle_stock_quantity":null,"bundle_virtual":false,"bundle_layout":"","bundle_add_to_cart_form_location":"","bundle_editable_in_cart":false,"bundle_sold_individually_context":"","bundle_item_grouping":"","bundle_min_size":"","bundle_max_size":"","bundle_price":[],"bundled_items":[],"bundle_sell_ids":[],"exclude_global_add_ons":[],"addons":[],"_links":{"self":[{"href":"https:\/\/dev-wordpress1.golf-direkt.com\/en\/wp-json\/wp\/v2\/product\/17442","targetHints":{"allow":["GET"]}}],"collection":[{"href":"https:\/\/dev-wordpress1.golf-direkt.com\/en\/wp-json\/wp\/v2\/product"}],"about":[{"href":"https:\/\/dev-wordpress1.golf-direkt.com\/en\/wp-json\/wp\/v2\/types\/product"}],"wp:featuredmedia":[{"embeddable":true,"href":"https:\/\/dev-wordpress1.golf-direkt.com\/en\/wp-json\/wp\/v2\/media\/17451"}],"wp:attachment":[{"href":"https:\/\/dev-wordpress1.golf-direkt.com\/en\/wp-json\/wp\/v2\/media?parent=17442"}],"wp:term":[{"taxonomy":"product_brand","embeddable":true,"href":"https:\/\/dev-wordpress1.golf-direkt.com\/en\/wp-json\/wp\/v2\/product_brand?post=17442"},{"taxonomy":"product_cat","embeddable":true,"href":"https:\/\/dev-wordpress1.golf-direkt.com\/en\/wp-json\/wp\/v2\/product_cat?post=17442"},{"taxonomy":"product_tag","embeddable":true,"href":"https:\/\/dev-wordpress1.golf-direkt.com\/en\/wp-json\/wp\/v2\/product_tag?post=17442"}],"curies":[{"name":"wp","href":"https:\/\/api.w.org\/{rel}","templated":true}]}}