{"id":17410,"date":"2024-06-19T15:04:14","date_gmt":"2024-06-19T13:04:14","guid":{"rendered":"https:\/\/shop.golf-direkt.com\/?post_type=product&#038;p=17410"},"modified":"2024-06-24T16:23:06","modified_gmt":"2024-06-24T14:23:06","slug":"leadbetter-pop-up-driving-net","status":"publish","type":"product","link":"https:\/\/dev-wordpress1.golf-direkt.com\/en\/shop\/hardware-en\/accessories-en\/leadbetter-pop-up-driving-net\/","title":{"rendered":"Leadbetter Pop up Driving Net"},"content":{"rendered":"<p>Das Leadbetter Driving Netz erm\u00f6glicht es Spielern, ihre Abschl\u00e4ge und Drives sicher zu Hause zu \u00fcben. Leicht aufzubauen und f\u00fcr den Innen- oder Au\u00dfenbereich geeignet, k\u00f6nnen Spieler in ihrem eigenen Raum und nach ihrem eigenen Zeitplan \u00fcben.<\/p>\n<p>&nbsp;<\/p>\n","protected":false},"excerpt":{"rendered":"<p>\u00dcbungsnetz inkl. Tragetasche zur einfachen Aufbewahrung\/Transport | Leicht zu montieren | F\u00fcr den Innen- und Au\u00dfenbereich | Geeignet f\u00fcr \u00dcbungs- und normale Golfb\u00e4lle | 3,5 m x 2,2 m x 1,45 m<\/p>\n","protected":false},"featured_media":17413,"template":"","meta":[],"product_brand":[],"product_cat":[68,76],"product_tag":[717,720],"class_list":{"0":"post-17410","1":"product","2":"type-product","3":"status-publish","4":"has-post-thumbnail","6":"product_cat-bestof","7":"product_cat-zubehoer","8":"product_tag-masters-golf","9":"product_tag-trainings-equipment","10":"product_shipping_class-paket-gross","12":"first","13":"instock","14":"sale","15":"shipping-taxable","16":"purchasable","17":"product-type-simple"},"bundled_by":[],"bundle_stock_status":"instock","bundle_stock_quantity":null,"bundle_virtual":false,"bundle_layout":"","bundle_add_to_cart_form_location":"","bundle_editable_in_cart":false,"bundle_sold_individually_context":"","bundle_item_grouping":"","bundle_min_size":"","bundle_max_size":"","bundle_price":[],"bundled_items":[],"bundle_sell_ids":[],"exclude_global_add_ons":[],"addons":[],"_links":{"self":[{"href":"https:\/\/dev-wordpress1.golf-direkt.com\/en\/wp-json\/wp\/v2\/product\/17410","targetHints":{"allow":["GET"]}}],"collection":[{"href":"https:\/\/dev-wordpress1.golf-direkt.com\/en\/wp-json\/wp\/v2\/product"}],"about":[{"href":"https:\/\/dev-wordpress1.golf-direkt.com\/en\/wp-json\/wp\/v2\/types\/product"}],"wp:featuredmedia":[{"embeddable":true,"href":"https:\/\/dev-wordpress1.golf-direkt.com\/en\/wp-json\/wp\/v2\/media\/17413"}],"wp:attachment":[{"href":"https:\/\/dev-wordpress1.golf-direkt.com\/en\/wp-json\/wp\/v2\/media?parent=17410"}],"wp:term":[{"taxonomy":"product_brand","embeddable":true,"href":"https:\/\/dev-wordpress1.golf-direkt.com\/en\/wp-json\/wp\/v2\/product_brand?post=17410"},{"taxonomy":"product_cat","embeddable":true,"href":"https:\/\/dev-wordpress1.golf-direkt.com\/en\/wp-json\/wp\/v2\/product_cat?post=17410"},{"taxonomy":"product_tag","embeddable":true,"href":"https:\/\/dev-wordpress1.golf-direkt.com\/en\/wp-json\/wp\/v2\/product_tag?post=17410"}],"curies":[{"name":"wp","href":"https:\/\/api.w.org\/{rel}","templated":true}]}}