{"id":17401,"date":"2024-06-19T14:56:54","date_gmt":"2024-06-19T12:56:54","guid":{"rendered":"https:\/\/shop.golf-direkt.com\/?post_type=product&#038;p=17401"},"modified":"2024-06-19T15:19:04","modified_gmt":"2024-06-19T13:19:04","slug":"chipping-target","status":"publish","type":"product","link":"https:\/\/dev-wordpress1.golf-direkt.com\/en\/shop\/hardware-en\/accessories-en\/chipping-target\/","title":{"rendered":"Chipping Target"},"content":{"rendered":"<p>Pop-up Chipping Traget mit farbigen Ringen, die eine Vorstellung von der Genauigkeit vermitteln. Kann mit normalen Gewichtsb\u00e4llen oder \u00dcbungsb\u00e4llen verwendet werden und l\u00e4sst sich auf eine sehr kleine Gr\u00f6\u00dfe zusammenklappen.<br \/>\n&nbsp;<\/p>\n","protected":false},"excerpt":{"rendered":"<p>Das Chipping Target gibt Ihnen die M\u00f6glichkeit Ihre Zielsicherheit zu trainieren.<\/p>\n","protected":false},"featured_media":17402,"template":"","meta":[],"product_brand":[],"product_cat":[68,76],"product_tag":[717,720],"class_list":{"0":"post-17401","1":"product","2":"type-product","3":"status-publish","4":"has-post-thumbnail","6":"product_cat-bestof","7":"product_cat-zubehoer","8":"product_tag-masters-golf","9":"product_tag-trainings-equipment","10":"product_shipping_class-paket-gross","12":"first","13":"instock","14":"sale","15":"shipping-taxable","16":"purchasable","17":"product-type-simple"},"bundled_by":[],"bundle_stock_status":"instock","bundle_stock_quantity":null,"bundle_virtual":false,"bundle_layout":"","bundle_add_to_cart_form_location":"","bundle_editable_in_cart":false,"bundle_sold_individually_context":"","bundle_item_grouping":"","bundle_min_size":"","bundle_max_size":"","bundle_price":[],"bundled_items":[],"bundle_sell_ids":[],"exclude_global_add_ons":[],"addons":[],"_links":{"self":[{"href":"https:\/\/dev-wordpress1.golf-direkt.com\/en\/wp-json\/wp\/v2\/product\/17401","targetHints":{"allow":["GET"]}}],"collection":[{"href":"https:\/\/dev-wordpress1.golf-direkt.com\/en\/wp-json\/wp\/v2\/product"}],"about":[{"href":"https:\/\/dev-wordpress1.golf-direkt.com\/en\/wp-json\/wp\/v2\/types\/product"}],"wp:featuredmedia":[{"embeddable":true,"href":"https:\/\/dev-wordpress1.golf-direkt.com\/en\/wp-json\/wp\/v2\/media\/17402"}],"wp:attachment":[{"href":"https:\/\/dev-wordpress1.golf-direkt.com\/en\/wp-json\/wp\/v2\/media?parent=17401"}],"wp:term":[{"taxonomy":"product_brand","embeddable":true,"href":"https:\/\/dev-wordpress1.golf-direkt.com\/en\/wp-json\/wp\/v2\/product_brand?post=17401"},{"taxonomy":"product_cat","embeddable":true,"href":"https:\/\/dev-wordpress1.golf-direkt.com\/en\/wp-json\/wp\/v2\/product_cat?post=17401"},{"taxonomy":"product_tag","embeddable":true,"href":"https:\/\/dev-wordpress1.golf-direkt.com\/en\/wp-json\/wp\/v2\/product_tag?post=17401"}],"curies":[{"name":"wp","href":"https:\/\/api.w.org\/{rel}","templated":true}]}}