{"id":17391,"date":"2024-06-19T14:43:49","date_gmt":"2024-06-19T12:43:49","guid":{"rendered":"https:\/\/shop.golf-direkt.com\/?post_type=product&#038;p=17391"},"modified":"2024-06-24T16:19:11","modified_gmt":"2024-06-24T14:19:11","slug":"putting-matte-tour-roll-puttmatt","status":"publish","type":"product","link":"https:\/\/dev-wordpress1.golf-direkt.com\/en\/shop\/hardware-en\/accessories-en\/putting-matte-tour-roll-puttmatt\/","title":{"rendered":"Putting Matte &#8211; Tour Roll Puttmatt"},"content":{"rendered":"<p>Eine hochwertige Putting-Matte, die entworfen wurde, um den Roll eines Balles auf dem Gr\u00fcn so realit\u00e4tsnah wie m\u00f6glich darzustellen. Dieser synthetische Rasen kann f\u00fcr das \u00dcben zu Hause immer wieder verwendet werden, ohne dass man daf\u00fcr auf den Golfplatz muss. Die Matte wird mit einem Putting-Becher geliefert, der einfach in den vorgefertigten L\u00f6chern an beiden Enden positioniert werden kann.<\/p>\n<p>Abmessungen: 350 x 100 cm.<\/p>\n<p>&nbsp;<\/p>\n","protected":false},"excerpt":{"rendered":"<p>High Performance Matte zum Putten, inkl. Cup, Abmessungen: 350x 100 cm.<\/p>\n","protected":false},"featured_media":17392,"template":"","meta":[],"product_brand":[],"product_cat":[68,76],"product_tag":[717,718],"class_list":{"0":"post-17391","1":"product","2":"type-product","3":"status-publish","4":"has-post-thumbnail","6":"product_cat-bestof","7":"product_cat-zubehoer","8":"product_tag-masters-golf","9":"product_tag-puttingmatte","10":"product_shipping_class-paket-gross","12":"first","13":"instock","14":"sale","15":"shipping-taxable","16":"purchasable","17":"product-type-simple"},"bundled_by":[],"bundle_stock_status":"instock","bundle_stock_quantity":null,"bundle_virtual":false,"bundle_layout":"","bundle_add_to_cart_form_location":"","bundle_editable_in_cart":false,"bundle_sold_individually_context":"","bundle_item_grouping":"","bundle_min_size":"","bundle_max_size":"","bundle_price":[],"bundled_items":[],"bundle_sell_ids":[],"exclude_global_add_ons":[],"addons":[],"_links":{"self":[{"href":"https:\/\/dev-wordpress1.golf-direkt.com\/en\/wp-json\/wp\/v2\/product\/17391","targetHints":{"allow":["GET"]}}],"collection":[{"href":"https:\/\/dev-wordpress1.golf-direkt.com\/en\/wp-json\/wp\/v2\/product"}],"about":[{"href":"https:\/\/dev-wordpress1.golf-direkt.com\/en\/wp-json\/wp\/v2\/types\/product"}],"wp:featuredmedia":[{"embeddable":true,"href":"https:\/\/dev-wordpress1.golf-direkt.com\/en\/wp-json\/wp\/v2\/media\/17392"}],"wp:attachment":[{"href":"https:\/\/dev-wordpress1.golf-direkt.com\/en\/wp-json\/wp\/v2\/media?parent=17391"}],"wp:term":[{"taxonomy":"product_brand","embeddable":true,"href":"https:\/\/dev-wordpress1.golf-direkt.com\/en\/wp-json\/wp\/v2\/product_brand?post=17391"},{"taxonomy":"product_cat","embeddable":true,"href":"https:\/\/dev-wordpress1.golf-direkt.com\/en\/wp-json\/wp\/v2\/product_cat?post=17391"},{"taxonomy":"product_tag","embeddable":true,"href":"https:\/\/dev-wordpress1.golf-direkt.com\/en\/wp-json\/wp\/v2\/product_tag?post=17391"}],"curies":[{"name":"wp","href":"https:\/\/api.w.org\/{rel}","templated":true}]}}