{"id":17386,"date":"2024-06-19T14:31:45","date_gmt":"2024-06-19T12:31:45","guid":{"rendered":"https:\/\/shop.golf-direkt.com\/?post_type=product&#038;p=17386"},"modified":"2024-06-19T14:48:34","modified_gmt":"2024-06-19T12:48:34","slug":"putting-matte-dual-speed-putting-mat","status":"publish","type":"product","link":"https:\/\/dev-wordpress1.golf-direkt.com\/en\/shop\/hardware-en\/accessories-en\/putting-matte-dual-speed-putting-mat\/","title":{"rendered":"Putting Matte &#8211; Dual Speed Putting Mat"},"content":{"rendered":"<p>Mit der Dual Speed Putting Mat k\u00f6nnen Sie \u00fcber, wo und wann immer Sie m\u00f6chten. Die Dual Speed Putting Mat eignet sich hervorragend zur Verbesserung Ihres Puttens, das 50% der in der Runde ausgef\u00fchrten Schl\u00e4ge ausmachen kann.. Abmessungen: 242 cm x 36 cm.<\/p>\n<p>&nbsp;<\/p>\n","protected":false},"excerpt":{"rendered":"<p>Matte zum Putten, erh\u00f6htes Loch, Abmessungen: 198 x 30,5 cm.<\/p>\n","protected":false},"featured_media":17387,"template":"","meta":[],"product_brand":[],"product_cat":[68,76],"product_tag":[717,718],"class_list":{"0":"post-17386","1":"product","2":"type-product","3":"status-publish","4":"has-post-thumbnail","6":"product_cat-bestof","7":"product_cat-zubehoer","8":"product_tag-masters-golf","9":"product_tag-puttingmatte","10":"product_shipping_class-paket-gross","12":"first","13":"instock","14":"sale","15":"shipping-taxable","16":"purchasable","17":"product-type-simple"},"bundled_by":[],"bundle_stock_status":"instock","bundle_stock_quantity":null,"bundle_virtual":false,"bundle_layout":"","bundle_add_to_cart_form_location":"","bundle_editable_in_cart":false,"bundle_sold_individually_context":"","bundle_item_grouping":"","bundle_min_size":"","bundle_max_size":"","bundle_price":[],"bundled_items":[],"bundle_sell_ids":[],"exclude_global_add_ons":[],"addons":[],"_links":{"self":[{"href":"https:\/\/dev-wordpress1.golf-direkt.com\/en\/wp-json\/wp\/v2\/product\/17386","targetHints":{"allow":["GET"]}}],"collection":[{"href":"https:\/\/dev-wordpress1.golf-direkt.com\/en\/wp-json\/wp\/v2\/product"}],"about":[{"href":"https:\/\/dev-wordpress1.golf-direkt.com\/en\/wp-json\/wp\/v2\/types\/product"}],"wp:featuredmedia":[{"embeddable":true,"href":"https:\/\/dev-wordpress1.golf-direkt.com\/en\/wp-json\/wp\/v2\/media\/17387"}],"wp:attachment":[{"href":"https:\/\/dev-wordpress1.golf-direkt.com\/en\/wp-json\/wp\/v2\/media?parent=17386"}],"wp:term":[{"taxonomy":"product_brand","embeddable":true,"href":"https:\/\/dev-wordpress1.golf-direkt.com\/en\/wp-json\/wp\/v2\/product_brand?post=17386"},{"taxonomy":"product_cat","embeddable":true,"href":"https:\/\/dev-wordpress1.golf-direkt.com\/en\/wp-json\/wp\/v2\/product_cat?post=17386"},{"taxonomy":"product_tag","embeddable":true,"href":"https:\/\/dev-wordpress1.golf-direkt.com\/en\/wp-json\/wp\/v2\/product_tag?post=17386"}],"curies":[{"name":"wp","href":"https:\/\/api.w.org\/{rel}","templated":true}]}}