{"id":17381,"date":"2024-06-19T13:46:46","date_gmt":"2024-06-19T11:46:46","guid":{"rendered":"https:\/\/shop.golf-direkt.com\/?post_type=product&#038;p=17381"},"modified":"2024-06-24T16:06:50","modified_gmt":"2024-06-24T14:06:50","slug":"transport-tasche-flight-coverall","status":"publish","type":"product","link":"https:\/\/dev-wordpress1.golf-direkt.com\/en\/shop\/hardware-en\/bags-en\/transport-tasche-flight-coverall\/","title":{"rendered":"Transport-Tasche &#8211; Masters Golf Flight Coverall"},"content":{"rendered":"<p>Der Masters Golf Flight Coverall hilft, Ihre Golftasche und Schl\u00e4ger auf Fl\u00fcgen, beim Transport zum Golfplatz oder bei der Lagerung zu sch\u00fctzen. Er ist so geformt, dass er sich an die Konturen Ihrer Tasche und der Schl\u00e4ger anpasst, um eine enge Passform und keine \u00fcberm\u00e4\u00dfige Bewegung im Inneren zu gew\u00e4hrleisten.<\/p>\n<ul>\n<li>Ideal f\u00fcr Reisen und Ferien<\/li>\n<li>Gepolsterte Konstruktion<\/li>\n<li>Haltbar und leicht<\/li>\n<li>Durchgehender Rei\u00dfverschluss<\/li>\n<li>\u00d6ffnung f\u00fcr Golftasche Tragegurt<\/li>\n<li>Adressfenster<\/li>\n<li>Gewicht: 0,9 kg<\/li>\n<\/ul>\n<p>&nbsp;<\/p>\n","protected":false},"excerpt":{"rendered":"<p>Reisetasche f\u00fcr Golfausr\u00fcstung. Robuste g\u00fcnstige Schutzh\u00fclle f\u00fcr Golfschl\u00e4ger und -bag zum sicheren Transport oder Aufbewahrung. Mit Tragegriffen und Adress-Fenster. Farbe: Schwarz.<\/p>\n","protected":false},"featured_media":17418,"template":"","meta":[],"product_brand":[],"product_cat":[66,68,76],"product_tag":[717,715],"class_list":{"0":"post-17381","1":"product","2":"type-product","3":"status-publish","4":"has-post-thumbnail","6":"product_cat-bags","7":"product_cat-bestof","8":"product_cat-zubehoer","9":"product_tag-masters-golf","10":"product_tag-reisehuelle","11":"product_shipping_class-paket-gross","13":"first","14":"instock","15":"sale","16":"shipping-taxable","17":"purchasable","18":"product-type-simple"},"bundled_by":[],"bundle_stock_status":"instock","bundle_stock_quantity":null,"bundle_virtual":false,"bundle_layout":"","bundle_add_to_cart_form_location":"","bundle_editable_in_cart":false,"bundle_sold_individually_context":"","bundle_item_grouping":"","bundle_min_size":"","bundle_max_size":"","bundle_price":[],"bundled_items":[],"bundle_sell_ids":[],"exclude_global_add_ons":[],"addons":[],"_links":{"self":[{"href":"https:\/\/dev-wordpress1.golf-direkt.com\/en\/wp-json\/wp\/v2\/product\/17381","targetHints":{"allow":["GET"]}}],"collection":[{"href":"https:\/\/dev-wordpress1.golf-direkt.com\/en\/wp-json\/wp\/v2\/product"}],"about":[{"href":"https:\/\/dev-wordpress1.golf-direkt.com\/en\/wp-json\/wp\/v2\/types\/product"}],"wp:featuredmedia":[{"embeddable":true,"href":"https:\/\/dev-wordpress1.golf-direkt.com\/en\/wp-json\/wp\/v2\/media\/17418"}],"wp:attachment":[{"href":"https:\/\/dev-wordpress1.golf-direkt.com\/en\/wp-json\/wp\/v2\/media?parent=17381"}],"wp:term":[{"taxonomy":"product_brand","embeddable":true,"href":"https:\/\/dev-wordpress1.golf-direkt.com\/en\/wp-json\/wp\/v2\/product_brand?post=17381"},{"taxonomy":"product_cat","embeddable":true,"href":"https:\/\/dev-wordpress1.golf-direkt.com\/en\/wp-json\/wp\/v2\/product_cat?post=17381"},{"taxonomy":"product_tag","embeddable":true,"href":"https:\/\/dev-wordpress1.golf-direkt.com\/en\/wp-json\/wp\/v2\/product_tag?post=17381"}],"curies":[{"name":"wp","href":"https:\/\/api.w.org\/{rel}","templated":true}]}}