{"id":17371,"date":"2024-06-19T11:39:20","date_gmt":"2024-06-19T09:39:20","guid":{"rendered":"https:\/\/shop.golf-direkt.com\/?post_type=product&#038;p=17371"},"modified":"2025-12-01T13:49:44","modified_gmt":"2025-12-01T12:49:44","slug":"greenfee-hencse-national-golf-country-club","status":"publish","type":"product","link":"https:\/\/dev-wordpress1.golf-direkt.com\/en\/shop\/get-your-greenfee-en\/greenfee-hencse-national-golf-country-club\/","title":{"rendered":"Greenfee Hencse National Golf &#038; Country Club"},"content":{"rendered":"<p>Der Hencse National Golf &amp; Country Club, Ungarns romantischster Golfplatz, liegt im Herzen der wundersch\u00f6nen Region Zselic.<\/p>\n<p>Hencse \u00f6ffnete seine Pforten f\u00fcr Golfer im Juli 1994. Der 18-Loch-Meisterschaftsplatz mit Par 72, der auf 90 Hektar malerischer Landschaft angelegt wurde, erstreckt sich \u00fcber 6206 Meter. Die 26.000 B\u00e4ume, die die meisten L\u00f6cher umrahmen, die 80.000 Str\u00e4ucher, die sanften H\u00fcgel, die Sandbunker und die Seen machen jedes Loch einzigartig und unvergesslich \u2013 eine lohnende Herausforderung f\u00fcr Anf\u00e4nger und erfahrene Spieler gleicherma\u00dfen.<\/p>\n<p>Die Landschaft bietet ein Panorama, eine \u00fcppige, gr\u00fcne Naturlandschaft voller Wildtiere.<\/p>\n<p>Hencse National bietet jedem Golfer einen atemberaubenden Golfplatz gepaart mit einer warmen, freundlichen Atmosph\u00e4re.<\/p>\n<p>Hencse National Golf &amp; Coutnry Club<br \/>\nKossuth Lajos u. 1-3<br \/>\n7532 Hencse<br \/>\nUngarn<\/p>\n","protected":false},"excerpt":{"rendered":"<p>Greenfee f\u00fcr die Golfanlage des Hencse National Golf &amp; Country Club (Ungarn), 18 Loch; g\u00fcltig an allen Tagen; einl\u00f6sbar 2 Jahre ab Kaufdatum.<br \/>\nVerkauf im Auftrag des Hencse National Golf &amp; Country Club<\/p>\n","protected":false},"featured_media":17420,"template":"","meta":[],"product_brand":[],"product_cat":[58],"product_tag":[128,129,131,719],"class_list":{"0":"post-17371","1":"product","2":"type-product","3":"status-publish","4":"has-post-thumbnail","6":"product_cat-greenfee","7":"product_tag-greenfee","8":"product_tag-golfclub","9":"product_tag-greenfeegutschein","10":"product_tag-ungarn","12":"first","13":"instock","14":"sale","15":"virtual","16":"purchasable","17":"product-type-simple"},"bundled_by":[],"bundle_stock_status":"instock","bundle_stock_quantity":18,"bundle_virtual":false,"bundle_layout":"","bundle_add_to_cart_form_location":"","bundle_editable_in_cart":false,"bundle_sold_individually_context":"","bundle_item_grouping":"","bundle_min_size":"","bundle_max_size":"","bundle_price":[],"bundled_items":[],"bundle_sell_ids":[],"exclude_global_add_ons":[],"addons":[],"_links":{"self":[{"href":"https:\/\/dev-wordpress1.golf-direkt.com\/en\/wp-json\/wp\/v2\/product\/17371","targetHints":{"allow":["GET"]}}],"collection":[{"href":"https:\/\/dev-wordpress1.golf-direkt.com\/en\/wp-json\/wp\/v2\/product"}],"about":[{"href":"https:\/\/dev-wordpress1.golf-direkt.com\/en\/wp-json\/wp\/v2\/types\/product"}],"wp:featuredmedia":[{"embeddable":true,"href":"https:\/\/dev-wordpress1.golf-direkt.com\/en\/wp-json\/wp\/v2\/media\/17420"}],"wp:attachment":[{"href":"https:\/\/dev-wordpress1.golf-direkt.com\/en\/wp-json\/wp\/v2\/media?parent=17371"}],"wp:term":[{"taxonomy":"product_brand","embeddable":true,"href":"https:\/\/dev-wordpress1.golf-direkt.com\/en\/wp-json\/wp\/v2\/product_brand?post=17371"},{"taxonomy":"product_cat","embeddable":true,"href":"https:\/\/dev-wordpress1.golf-direkt.com\/en\/wp-json\/wp\/v2\/product_cat?post=17371"},{"taxonomy":"product_tag","embeddable":true,"href":"https:\/\/dev-wordpress1.golf-direkt.com\/en\/wp-json\/wp\/v2\/product_tag?post=17371"}],"curies":[{"name":"wp","href":"https:\/\/api.w.org\/{rel}","templated":true}]}}