{"id":17337,"date":"2024-06-12T17:14:36","date_gmt":"2024-06-12T15:14:36","guid":{"rendered":"https:\/\/shop.golf-direkt.com\/?post_type=product&#038;p=17337"},"modified":"2025-12-01T13:49:30","modified_gmt":"2025-12-01T12:49:30","slug":"greenfee-golf-club-castello-di-spessa","status":"publish","type":"product","link":"https:\/\/dev-wordpress1.golf-direkt.com\/en\/shop\/get-your-greenfee-en\/greenfee-golf-club-castello-di-spessa\/","title":{"rendered":"Greenfee Golf Club Castello di Spessa"},"content":{"rendered":"<p>Eingebettet im Collio Goriziano, liegt der 18-Loch-Platz des Castello di Spessa Golf &amp; Country Clubs inmitten einer lieblichen H\u00fcgellandschaft mit Weinbergen und Olivenhainen. Kleine Seen und Springbrunnen verleihen ihm einen uralten Charme.<\/p>\n<p>Der Platz zeichnet sich durch verschiedene Szenarien mit \u201ealtmodischem\u201c Charme aus, die sich auch in der Modellierungsstruktur der Fairways unterscheiden, so dass man den Eindruck hat, auf drei verschiedenen Pl\u00e4tzen zu spielen.<\/p>\n<p>Jedes Loch tr\u00e4gt den Namen eines Weins aus dem Weingut.<\/p>\n<p>CASTELLO DI SPESSA<br \/>\nVia Spessa, 1<br \/>\n34070 Capriva del Friuli (GO)<\/p>\n","protected":false},"excerpt":{"rendered":"<p>Greenfee f\u00fcr Golf Club Castello di Spessa (Italien), 18 Loch; g\u00fcltig an allen Tagen; einl\u00f6sbar 2 Jahre ab Kaufdatum.<br \/>\nVerkauf im Auftrag des Golf Club Castello di Spessa<\/p>\n","protected":false},"featured_media":17340,"template":"","meta":[],"product_brand":[],"product_cat":[58],"product_tag":[128,129,131,616],"class_list":{"0":"post-17337","1":"product","2":"type-product","3":"status-publish","4":"has-post-thumbnail","6":"product_cat-greenfee","7":"product_tag-greenfee","8":"product_tag-golfclub","9":"product_tag-greenfeegutschein","10":"product_tag-italien","12":"first","13":"instock","14":"sale","15":"virtual","16":"purchasable","17":"product-type-simple"},"bundled_by":[],"bundle_stock_status":"instock","bundle_stock_quantity":9,"bundle_virtual":false,"bundle_layout":"","bundle_add_to_cart_form_location":"","bundle_editable_in_cart":false,"bundle_sold_individually_context":"","bundle_item_grouping":"","bundle_min_size":"","bundle_max_size":"","bundle_price":[],"bundled_items":[],"bundle_sell_ids":[],"exclude_global_add_ons":[],"addons":[],"_links":{"self":[{"href":"https:\/\/dev-wordpress1.golf-direkt.com\/en\/wp-json\/wp\/v2\/product\/17337","targetHints":{"allow":["GET"]}}],"collection":[{"href":"https:\/\/dev-wordpress1.golf-direkt.com\/en\/wp-json\/wp\/v2\/product"}],"about":[{"href":"https:\/\/dev-wordpress1.golf-direkt.com\/en\/wp-json\/wp\/v2\/types\/product"}],"wp:featuredmedia":[{"embeddable":true,"href":"https:\/\/dev-wordpress1.golf-direkt.com\/en\/wp-json\/wp\/v2\/media\/17340"}],"wp:attachment":[{"href":"https:\/\/dev-wordpress1.golf-direkt.com\/en\/wp-json\/wp\/v2\/media?parent=17337"}],"wp:term":[{"taxonomy":"product_brand","embeddable":true,"href":"https:\/\/dev-wordpress1.golf-direkt.com\/en\/wp-json\/wp\/v2\/product_brand?post=17337"},{"taxonomy":"product_cat","embeddable":true,"href":"https:\/\/dev-wordpress1.golf-direkt.com\/en\/wp-json\/wp\/v2\/product_cat?post=17337"},{"taxonomy":"product_tag","embeddable":true,"href":"https:\/\/dev-wordpress1.golf-direkt.com\/en\/wp-json\/wp\/v2\/product_tag?post=17337"}],"curies":[{"name":"wp","href":"https:\/\/api.w.org\/{rel}","templated":true}]}}