{"id":17306,"date":"2024-06-10T11:01:12","date_gmt":"2024-06-10T09:01:12","guid":{"rendered":"https:\/\/shop.golf-direkt.com\/?post_type=product&#038;p=17306"},"modified":"2024-06-24T11:36:48","modified_gmt":"2024-06-24T09:36:48","slug":"masters-golf-lightweight-flight-coverall","status":"publish","type":"product","link":"https:\/\/dev-wordpress1.golf-direkt.com\/en\/shop\/hardware-en\/bags-en\/masters-golf-lightweight-flight-coverall\/","title":{"rendered":"Transport-Tasche mit Rollen &#8211; Masters Golf Lightweight Flight Coverall"},"content":{"rendered":"<p>Diese Schutzh\u00fclle von Masters Golf sieht elegant aus, ist robust und sch\u00fctzt Ihre Golftasche und -schl\u00e4ger im Flugzeug, beim Transport zum Golfplatz und bei Lagerung. Form und Polsterung passen sich den Konturen von Bag und Schl\u00e4gern an und gew\u00e4hrleisten so einen guten Sitz, um \u00fcberm\u00e4\u00dfiges Verrutschen im Inneren zu vermeiden. Ein weiterer Vorteil sind die R\u00e4der unten am \u00dcberzug, wodurch er sich rollen l\u00e4sst, ohne dass Sie Ihren R\u00fccken und Arme strapazieren.<\/p>\n<ul>\n<li>Rei\u00dfverschluss \u00fcber die gesamte L\u00e4nge<\/li>\n<li>Separate Aufbewahrungstasche vorne mit Rei\u00dfverschluss<\/li>\n<li>Leicht rollende R\u00e4der<\/li>\n<li>Gepolsterter Trageriemen<\/li>\n<li>Handgriff zum Ziehen<\/li>\n<li>Adressfenster<\/li>\n<li>Gewicht: ca. 1,8 kg<\/li>\n<\/ul>\n<p>&nbsp;<\/p>\n","protected":false},"excerpt":{"rendered":"<p>Reisetasche f\u00fcr Golfausr\u00fcstung. Robuste Schutzh\u00fclle f\u00fcr Golfschl\u00e4ger und -bag zum sicheren Transport oder Aufbewahrung. Mit R\u00e4dern, Tragegriffen und Adress-Fenster. Farbe: Schwarz.<\/p>\n","protected":false},"featured_media":17309,"template":"","meta":[],"product_brand":[],"product_cat":[66,68,76],"product_tag":[715,717],"class_list":{"0":"post-17306","1":"product","2":"type-product","3":"status-publish","4":"has-post-thumbnail","6":"product_cat-bags","7":"product_cat-bestof","8":"product_cat-zubehoer","9":"product_tag-reisehuelle","10":"product_tag-masters-golf","11":"product_shipping_class-paket-gross","13":"first","14":"instock","15":"sale","16":"shipping-taxable","17":"purchasable","18":"product-type-simple"},"bundled_by":[],"bundle_stock_status":"instock","bundle_stock_quantity":null,"bundle_virtual":false,"bundle_layout":"","bundle_add_to_cart_form_location":"","bundle_editable_in_cart":false,"bundle_sold_individually_context":"","bundle_item_grouping":"","bundle_min_size":"","bundle_max_size":"","bundle_price":[],"bundled_items":[],"bundle_sell_ids":[],"exclude_global_add_ons":[],"addons":[],"_links":{"self":[{"href":"https:\/\/dev-wordpress1.golf-direkt.com\/en\/wp-json\/wp\/v2\/product\/17306","targetHints":{"allow":["GET"]}}],"collection":[{"href":"https:\/\/dev-wordpress1.golf-direkt.com\/en\/wp-json\/wp\/v2\/product"}],"about":[{"href":"https:\/\/dev-wordpress1.golf-direkt.com\/en\/wp-json\/wp\/v2\/types\/product"}],"wp:featuredmedia":[{"embeddable":true,"href":"https:\/\/dev-wordpress1.golf-direkt.com\/en\/wp-json\/wp\/v2\/media\/17309"}],"wp:attachment":[{"href":"https:\/\/dev-wordpress1.golf-direkt.com\/en\/wp-json\/wp\/v2\/media?parent=17306"}],"wp:term":[{"taxonomy":"product_brand","embeddable":true,"href":"https:\/\/dev-wordpress1.golf-direkt.com\/en\/wp-json\/wp\/v2\/product_brand?post=17306"},{"taxonomy":"product_cat","embeddable":true,"href":"https:\/\/dev-wordpress1.golf-direkt.com\/en\/wp-json\/wp\/v2\/product_cat?post=17306"},{"taxonomy":"product_tag","embeddable":true,"href":"https:\/\/dev-wordpress1.golf-direkt.com\/en\/wp-json\/wp\/v2\/product_tag?post=17306"}],"curies":[{"name":"wp","href":"https:\/\/api.w.org\/{rel}","templated":true}]}}