{"id":17292,"date":"2024-06-10T16:48:31","date_gmt":"2024-06-10T14:48:31","guid":{"rendered":"https:\/\/shop.golf-direkt.com\/?post_type=product&#038;p=17292"},"modified":"2024-11-26T12:23:11","modified_gmt":"2024-11-26T11:23:11","slug":"putting-matte-masters-golf-return-putting-mat","status":"publish","type":"product","link":"https:\/\/dev-wordpress1.golf-direkt.com\/en\/shop\/hardware-en\/accessories-en\/putting-matte-masters-golf-return-putting-mat\/","title":{"rendered":"Putting Matte \u2013 Masters Golf Return Putting Mat"},"content":{"rendered":"<p>Diese Putting Matte bietet ein hervorragendes Preis-Leistungs-Verh\u00e4ltnis und erm\u00f6glicht stundenlanges Golftraining im eigenen Heim oder B\u00fcro. Sie m\u00fcssen nicht einmal den Ball selber holen, er rollt automatisch zur\u00fcck. Einfach zu transportieren dank des geringen Gewichts. Abmessungen: 198 x 26 cm.<\/p>\n<p>&nbsp;<\/p>\n","protected":false},"excerpt":{"rendered":"<p>Matte zum Putten, Ball rollt zur\u00fcck, Abmessungen: 198 x 26 cm.<\/p>\n","protected":false},"featured_media":17293,"template":"","meta":[],"product_brand":[],"product_cat":[76],"product_tag":[717,718],"class_list":{"0":"post-17292","1":"product","2":"type-product","3":"status-publish","4":"has-post-thumbnail","6":"product_cat-zubehoer","7":"product_tag-masters-golf","8":"product_tag-puttingmatte","9":"product_shipping_class-paket-gross","11":"first","12":"instock","13":"sale","14":"shipping-taxable","15":"purchasable","16":"product-type-simple"},"bundled_by":[],"bundle_stock_status":"instock","bundle_stock_quantity":null,"bundle_virtual":false,"bundle_layout":"","bundle_add_to_cart_form_location":"","bundle_editable_in_cart":false,"bundle_sold_individually_context":"","bundle_item_grouping":"","bundle_min_size":"","bundle_max_size":"","bundle_price":[],"bundled_items":[],"bundle_sell_ids":[],"exclude_global_add_ons":[],"addons":[],"_links":{"self":[{"href":"https:\/\/dev-wordpress1.golf-direkt.com\/en\/wp-json\/wp\/v2\/product\/17292","targetHints":{"allow":["GET"]}}],"collection":[{"href":"https:\/\/dev-wordpress1.golf-direkt.com\/en\/wp-json\/wp\/v2\/product"}],"about":[{"href":"https:\/\/dev-wordpress1.golf-direkt.com\/en\/wp-json\/wp\/v2\/types\/product"}],"wp:featuredmedia":[{"embeddable":true,"href":"https:\/\/dev-wordpress1.golf-direkt.com\/en\/wp-json\/wp\/v2\/media\/17293"}],"wp:attachment":[{"href":"https:\/\/dev-wordpress1.golf-direkt.com\/en\/wp-json\/wp\/v2\/media?parent=17292"}],"wp:term":[{"taxonomy":"product_brand","embeddable":true,"href":"https:\/\/dev-wordpress1.golf-direkt.com\/en\/wp-json\/wp\/v2\/product_brand?post=17292"},{"taxonomy":"product_cat","embeddable":true,"href":"https:\/\/dev-wordpress1.golf-direkt.com\/en\/wp-json\/wp\/v2\/product_cat?post=17292"},{"taxonomy":"product_tag","embeddable":true,"href":"https:\/\/dev-wordpress1.golf-direkt.com\/en\/wp-json\/wp\/v2\/product_tag?post=17292"}],"curies":[{"name":"wp","href":"https:\/\/api.w.org\/{rel}","templated":true}]}}