{"id":17263,"date":"2024-06-10T14:29:35","date_gmt":"2024-06-10T12:29:35","guid":{"rendered":"https:\/\/shop.golf-direkt.com\/?post_type=product&#038;p=17263"},"modified":"2025-07-23T08:54:36","modified_gmt":"2025-07-23T06:54:36","slug":"tourdri-travel-hardcase-reisekoffer-fuer-golfausruestung","status":"publish","type":"product","link":"https:\/\/dev-wordpress1.golf-direkt.com\/en\/shop\/hardware-en\/bags-en\/tourdri-travel-hardcase-reisekoffer-fuer-golfausruestung\/","title":{"rendered":"Reisekoffer f\u00fcr Golfausr\u00fcstung &#8211; TourDri Travel Hardcase"},"content":{"rendered":"<p>Das TourDRI Hardcase besteht aus einer robusten Au\u00dfenschale mit leicht rollenden R\u00e4dern, einem abschlie\u00dfbaren Rei\u00dfverschluss und bietet Schutz f\u00fcr Ihre Schl\u00e4ger auf Reisen. Der Innenraum verf\u00fcgt \u00fcber dicke Polster und Haltegurte, um Ihre Ausr\u00fcstung sicher zu halten.<\/p>\n<ul>\n<li>Passend f\u00fcr Golfsets und Taschen bis zu 10 Zoll<\/li>\n<li>Robuster Koffer mit Schale aus Polycarbonat<\/li>\n<li>Gro\u00dfz\u00fcgige innere Polsterung<\/li>\n<li>Der Koffer kann stehend oder ziehend gerollt werden<\/li>\n<li>Die hochwertigen Laufrollen erlauben eine leichtg\u00e4ngige Fortbewegung<\/li>\n<li>H\u00f6he: ca. 137 cm; Breite: ca. 36 cm<\/li>\n<\/ul>\n<p>&nbsp;<\/p>\n","protected":false},"excerpt":{"rendered":"<p>Reisekoffer f\u00fcr Golfausr\u00fcstung, passend f\u00fcr Golfsets und Taschen bis zu 10 Zoll. Mit R\u00e4dern und Griffen.<\/p>\n<h5><\/h5>\n","protected":false},"featured_media":17264,"template":"","meta":[],"product_brand":[],"product_cat":[66,68,76],"product_tag":[715,716],"class_list":{"0":"post-17263","1":"product","2":"type-product","3":"status-publish","4":"has-post-thumbnail","6":"product_cat-bags","7":"product_cat-bestof","8":"product_cat-zubehoer","9":"product_tag-reisehuelle","10":"product_tag-tourdri","11":"product_shipping_class-paket-gross","13":"first","14":"instock","15":"sale","16":"shipping-taxable","17":"purchasable","18":"product-type-simple"},"bundled_by":[],"bundle_stock_status":"instock","bundle_stock_quantity":null,"bundle_virtual":false,"bundle_layout":"","bundle_add_to_cart_form_location":"","bundle_editable_in_cart":false,"bundle_sold_individually_context":"","bundle_item_grouping":"","bundle_min_size":"","bundle_max_size":"","bundle_price":[],"bundled_items":[],"bundle_sell_ids":[],"exclude_global_add_ons":[],"addons":[],"_links":{"self":[{"href":"https:\/\/dev-wordpress1.golf-direkt.com\/en\/wp-json\/wp\/v2\/product\/17263","targetHints":{"allow":["GET"]}}],"collection":[{"href":"https:\/\/dev-wordpress1.golf-direkt.com\/en\/wp-json\/wp\/v2\/product"}],"about":[{"href":"https:\/\/dev-wordpress1.golf-direkt.com\/en\/wp-json\/wp\/v2\/types\/product"}],"wp:featuredmedia":[{"embeddable":true,"href":"https:\/\/dev-wordpress1.golf-direkt.com\/en\/wp-json\/wp\/v2\/media\/17264"}],"wp:attachment":[{"href":"https:\/\/dev-wordpress1.golf-direkt.com\/en\/wp-json\/wp\/v2\/media?parent=17263"}],"wp:term":[{"taxonomy":"product_brand","embeddable":true,"href":"https:\/\/dev-wordpress1.golf-direkt.com\/en\/wp-json\/wp\/v2\/product_brand?post=17263"},{"taxonomy":"product_cat","embeddable":true,"href":"https:\/\/dev-wordpress1.golf-direkt.com\/en\/wp-json\/wp\/v2\/product_cat?post=17263"},{"taxonomy":"product_tag","embeddable":true,"href":"https:\/\/dev-wordpress1.golf-direkt.com\/en\/wp-json\/wp\/v2\/product_tag?post=17263"}],"curies":[{"name":"wp","href":"https:\/\/api.w.org\/{rel}","templated":true}]}}