{"id":16966,"date":"2024-05-15T14:06:45","date_gmt":"2024-05-15T12:06:45","guid":{"rendered":"https:\/\/shop.golf-direkt.com\/?post_type=product&#038;p=16966"},"modified":"2025-09-09T11:18:04","modified_gmt":"2025-09-09T09:18:04","slug":"elektrotrolley-golfomania-easy-drive","status":"publish","type":"product","link":"https:\/\/dev-wordpress1.golf-direkt.com\/en\/shop\/hardware-en\/trolley-en\/elektrotrolley-golfomania-easy-drive\/","title":{"rendered":"Elektrotrolley Golfomania Easy Drive"},"content":{"rendered":"<h3>Der preisg\u00fcnstige Allesk\u00f6nner<\/h3>\n<p>Der preisg\u00fcnstige Elektrotrolley mit Lithium-Batterie und Motorbremse. Ein starker, ausgesprochen leiser Motor mit 150 Watt meistert jede Steigung und jedes Gef\u00e4lle. Die grossen Leichtlaufr\u00e4der garantieren hohe Stabilit\u00e4t und Kippsicherheit auf jedem Untergrund und lassen Sie auch steiles Terrain problemlos meistern. Der Trolley ist aus stabilem Aluminium gefertigt und mit 8,8 kg sehr leicht. F\u00fcr den Transport klappen Sie den Trolley ganz einfach zusammen und nehmen die Hinterr\u00e4der ab. Die Regulierung der Geschwindigkeit erfolgt stufenlos \u00fcber den Drehknopf (Potentiometer). Der nur 1,2 Kilo schwere umweltfreundliche Akku, mit zeitgem\u00e4sser Lithium-Ionen-Technologie schafft m\u00fchelos bis zu 36 Loch ohne Aufladen. Die Ladezeit betr\u00e4gt nur 4 Stunden.<\/p>\n<p><strong>Zu unserem Golfomania EasyDrive erhalten Sie kostenlos ein passenden Zubeh\u00f6r Set (Schirm- Scorecard-Halter, Getr\u00e4nkehalter) im Wert von \u20ac 99,&#8211;!<\/strong><\/p>\n<h3>Eigenschaften<\/h3>\n<ul>\n<li style=\"list-style-type: none;\">\n<ul>\n<li>Ergonomischer T-Griff<\/li>\n<li>G\u00fcnstigster Preis<\/li>\n<li>Edles Design und hochwertige Verarbeitung in Aluminium<\/li>\n<li>Qualit\u00e4tsakku f\u00fcr bis zu 36 Loch<\/li>\n<li>Sehr stabil und kippsicher<\/li>\n<li>Passende Golfbags zum Kombinieren<\/li>\n<li>Einfacher Klappmechanismus<\/li>\n<li>Elektronische Motorbremse<\/li>\n<li>Distanzfunktion<\/li>\n<li>Inkl. Zubeh\u00f6rpaket: Regensicherer Scorecard-Halter mit Platz f\u00fcr Golfb\u00e4lle und Tees, Regenschirmhalter, Getr\u00e4nkehalter<\/li>\n<li>Die Batterie kann im Golfbag verstaut oder am Rahmen befestigt werden<\/li>\n<li>H\u00f6henverstellbare Lenkstange<\/li>\n<li>Fl\u00fcsterleiser Motor 150 Watt<\/li>\n<li>Freilauffunktion<\/li>\n<li>Passend f\u00fcr jeden Golfbag<\/li>\n<\/ul>\n<\/li>\n<\/ul>\n<h3>Technische Daten<\/h3>\n<ul>\n<li>Gewicht 8,8 kg<\/li>\n<li>Abmessungen Arm: H\u00f6henverstellbar \u2013 Radbasis: 68 cm \u2013 L\u00e4nge: 85 cm<\/li>\n<li>Rahmenfarbe Schwarz, Silber<\/li>\n<li>Felgenfarbe Schwarz, Silber<\/li>\n<li>Akku 1.2kg Leichtgewicht Litnium Akku 24V\/10Ah \u2013 Ladezeit 4.5 Stunden<\/li>\n<li>Ladeger\u00e4t RoHS-, UL und CE zertifiziert<\/li>\n<li>Material Aluminium<\/li>\n<li>Motorisierung Eingebauter Motor 1 x 150 Watt<\/li>\n<li>Reichweite bis zu 36 L\u00f6cher<\/li>\n<li>Transportmasse 70 x 40 x 28 cm<\/li>\n<li>Garantie 24 Monate<\/li>\n<\/ul>\n<p>&nbsp;<\/p>\n","protected":false},"excerpt":{"rendered":"<p>Preiswerter Trolley aus Aluminium mit Elektromotor und Akku. Inkl. Schirmhalter, Scorecardhalter, Getr\u00e4nkehalter und Transporttasche. In Schwarz oder Silber erh\u00e4ltlich.<\/p>\n","protected":false},"featured_media":17042,"template":"","meta":[],"product_brand":[],"product_cat":[68,74],"product_tag":[714,608],"class_list":{"0":"post-16966","1":"product","2":"type-product","3":"status-publish","4":"has-post-thumbnail","6":"product_cat-bestof","7":"product_cat-trolley","8":"product_tag-golfomania","9":"product_tag-trolley","10":"product_shipping_class-sperrgut","12":"first","13":"instock","14":"sale","15":"shipping-taxable","16":"purchasable","17":"product-type-variable"},"bundled_by":["442"],"bundle_stock_status":"instock","bundle_stock_quantity":null,"bundle_virtual":false,"bundle_layout":"","bundle_add_to_cart_form_location":"","bundle_editable_in_cart":false,"bundle_sold_individually_context":"","bundle_item_grouping":"","bundle_min_size":"","bundle_max_size":"","bundle_price":[],"bundled_items":[],"bundle_sell_ids":[],"exclude_global_add_ons":false,"addons":[{"name":"Felgenfarbe","type":"multiple_choice","position":0,"required":true,"title_format":"label","default":"","description_enable":false,"description":"","placeholder_enable":false,"placeholder":"","display":"select","restrictions_type":"any_text","adjust_price":false,"price":"","price_type":"flat_fee","restrictions":false,"min":"0","max":"0","options":[{"label":"Schwarz","price":"","price_type":"flat_fee","image":0,"visibility":true},{"label":"Silber","price":"","price_type":"flat_fee","image":0,"visibility":true},{"label":"Wei\u00df","price":"","price_type":"flat_fee","image":0,"visibility":true},{"label":"Rot","price":"","price_type":"flat_fee","image":0,"visibility":true},{"label":"Gr\u00fcn","price":"","price_type":"flat_fee","image":0,"visibility":true},{"label":"Blau","price":"","price_type":"flat_fee","image":0,"visibility":true},{"label":"Orange","price":"","price_type":"flat_fee","image":0,"visibility":true},{"label":"Pink","price":"","price_type":"flat_fee","image":0,"visibility":true}],"id":1757416517}],"_links":{"self":[{"href":"https:\/\/dev-wordpress1.golf-direkt.com\/en\/wp-json\/wp\/v2\/product\/16966","targetHints":{"allow":["GET"]}}],"collection":[{"href":"https:\/\/dev-wordpress1.golf-direkt.com\/en\/wp-json\/wp\/v2\/product"}],"about":[{"href":"https:\/\/dev-wordpress1.golf-direkt.com\/en\/wp-json\/wp\/v2\/types\/product"}],"wp:featuredmedia":[{"embeddable":true,"href":"https:\/\/dev-wordpress1.golf-direkt.com\/en\/wp-json\/wp\/v2\/media\/17042"}],"wp:attachment":[{"href":"https:\/\/dev-wordpress1.golf-direkt.com\/en\/wp-json\/wp\/v2\/media?parent=16966"}],"wp:term":[{"taxonomy":"product_brand","embeddable":true,"href":"https:\/\/dev-wordpress1.golf-direkt.com\/en\/wp-json\/wp\/v2\/product_brand?post=16966"},{"taxonomy":"product_cat","embeddable":true,"href":"https:\/\/dev-wordpress1.golf-direkt.com\/en\/wp-json\/wp\/v2\/product_cat?post=16966"},{"taxonomy":"product_tag","embeddable":true,"href":"https:\/\/dev-wordpress1.golf-direkt.com\/en\/wp-json\/wp\/v2\/product_tag?post=16966"}],"curies":[{"name":"wp","href":"https:\/\/api.w.org\/{rel}","templated":true}]}}