{"id":16907,"date":"2024-05-14T16:54:48","date_gmt":"2024-05-14T14:54:48","guid":{"rendered":"https:\/\/shop.golf-direkt.com\/?post_type=product&#038;p=16907"},"modified":"2025-09-09T11:12:57","modified_gmt":"2025-09-09T09:12:57","slug":"elektrotrolley-golfomania-fairway-buddy-18","status":"publish","type":"product","link":"https:\/\/dev-wordpress1.golf-direkt.com\/en\/shop\/hardware-en\/trolley-en\/elektrotrolley-golfomania-fairway-buddy-18\/","title":{"rendered":"Elektrotrolley Golfomania Fairway Buddy"},"content":{"rendered":"<h3>Das elegante und leichte Topmodell<\/h3>\n<p>Der Trolley besticht durch sein formsch\u00f6nes, filigranes Design in (Edelstahl). Neue, kleine Leichtbaumotoren aus deutscher Produktion sorgen f\u00fcr ein Gesamtgewicht von nur 8,9 kg. Die Motoren sind unsichtbar in der Achse eingebaut und laufen kaum h\u00f6rbar. Ein tiefer Schwerpunkt und ein breiter Radstand sorgen f\u00fcr hohe Stabilit\u00e4t und Kippsicherheit. Steile H\u00e4nge oder Schr\u00e4glagen k\u00f6nnen so problemlos gemeistert werden. Die Regulierung der Geschwindigkeit erfolgt stufenlos \u00fcber den Drehknopf (Potentiometer).<\/p>\n<p>Zusammenklappen oder zerlegen? Bez\u00fcglich Transport \u00fcberzeugt der Fairway Buddy 18 durch maximale Flexibilit\u00e4t: mit einem einzigen Handgriff klappen Sie den Trolley zusammen. F\u00fcr den Transport in einem Sportwagen oder Cabrio kann der Rahmen zudem unkompliziert in drei Teile zerlegt und in der praktischen Transporttasche verstaut werden (Transportabmessungen nur 70 x 40 x 28 cm).<\/p>\n<p>Der umweltfreundliche Lithium Ionen Akku aus deutscher Produktion ist handlich klein und mit 1,3 Kilo besonders leicht. Er schafft m\u00fchelos 36 Loch ohne Aufladen. Der Faiway Buddy 18 von Golfomania ist in vier attraktiven Lackierungen erh\u00e4ltlich. F\u00fcr die R\u00e4der stehen Ihnen neun verschiedene Farben zur Verf\u00fcgung. Damit l\u00e4sst sich der Trolley optimal mit Ihrem Golfbag kombinieren inkl. Schirmhalter, Scorecardhalter, Getr\u00e4nkehalter und Transporttasche.<\/p>\n<h3>Eigenschaften<\/h3>\n<ul>\n<li>Einfache Bedienung mit Drehknopfregler<\/li>\n<li>Edles Design und hochwertige Verarbeitung in Edelstahl<\/li>\n<li>Sehr stabil und kippsicher<\/li>\n<li>Deutscher Qualit\u00e4tsakku<\/li>\n<li>W\u00e4hlen Sie Ihre Rahmenfarbe: Edelstahl poliert (Chrom), Matt Silber, Weiss oder Schwarz<\/li>\n<li>W\u00e4hlen Sie aus 8 unterschiedlichen Felgenfarben<\/li>\n<li>Platzbedarf: Einfach zusammenklappen oder zerlegen<\/li>\n<li>Elektronische Motorbremse<\/li>\n<li>Automatische Parkbremse<\/li>\n<li>Distanztimerfunktion (10 Sekunden)<\/li>\n<li>Elektronische Motorbremse<\/li>\n<li><strong>Inklusive Zubeh\u00f6r: Regensicherer Scorecard-Halter in der Rahmenfarbe mit Platz f\u00fcr Golfb\u00e4lle und Tees. Stilvoller Regenschirmhalter in der Rahmenfarbe, Getr\u00e4nkehalter, Praktische<\/strong><\/li>\n<li>Transporttasche mit seperatem Radfach<\/li>\n<li>Die Batterie kann im Golfbag verstaut oder am Rahmen befestigt werden<\/li>\n<li>H\u00f6henverstellbare Lenkstange<\/li>\n<li>Freilauffunktion<\/li>\n<li>Passend f\u00fcr jedes Golfbag (separat erh\u00e4ltlich)<\/li>\n<\/ul>\n<h3>Technische Daten<\/h3>\n<ul>\n<li>Akku Leichtgewicht-Akku des deutschen Unternehmens Ansmann<\/li>\n<li>Modernste Lithium-Ionen-Technologie 24 V\/10 Ah<\/li>\n<li>Ladezeit: 4 bis max. 6 h<\/li>\n<li>Ladeger\u00e4t Ansmann RoHS-, UL- und CE-gepr\u00fcft<\/li>\n<li>Motor Eingebauter Doppelrohrmotor 2 x 100 Watt<\/li>\n<li>Reichweite Min. 36 L\u00f6cher<\/li>\n<li>Masse H\u00f6he: frei einstellbar<\/li>\n<li>Radstand: 67 cm<\/li>\n<li>L\u00e4nge: 85 cm (passend f\u00fcr Caddy-Schrank)<\/li>\n<li>Transportmasse 70 x 40 x 28 cm<\/li>\n<li>Gewicht 10,2 kg, inkl. Batterie<\/li>\n<li>Material Edelstahl<\/li>\n<li>Funktionen Start-\/Stopp-Taste<\/li>\n<li>Bergabfahr- und Parkbremse<\/li>\n<li>Potentiometer zur Geschwindigkeitsregulierung<\/li>\n<li>Distanz-Timer (10 Sekunden)<\/li>\n<li>Freilauffunktion f\u00fcr Betrieb ohne Motor<\/li>\n<li>Garantie 2 Jahre<\/li>\n<\/ul>\n<p>&nbsp;<\/p>\n","protected":false},"excerpt":{"rendered":"<p>Trolley aus Edelstahl mit Elektromotor und Akku. Inkl. Schirmhalter, Scorecardhalter, Getr\u00e4nkehalter und Transporttasche. In verschiedenen Rahmen- und Felgenfarben erh\u00e4ltlich.<\/p>\n","protected":false},"featured_media":16940,"template":"","meta":[],"product_brand":[],"product_cat":[68,74],"product_tag":[608,714],"class_list":{"0":"post-16907","1":"product","2":"type-product","3":"status-publish","4":"has-post-thumbnail","6":"product_cat-bestof","7":"product_cat-trolley","8":"product_tag-trolley","9":"product_tag-golfomania","10":"product_shipping_class-sperrgut","12":"first","13":"instock","14":"sale","15":"shipping-taxable","16":"purchasable","17":"product-type-variable"},"bundled_by":["17140"],"bundle_stock_status":"instock","bundle_stock_quantity":null,"bundle_virtual":false,"bundle_layout":"","bundle_add_to_cart_form_location":"","bundle_editable_in_cart":false,"bundle_sold_individually_context":"","bundle_item_grouping":"","bundle_min_size":"","bundle_max_size":"","bundle_price":[],"bundled_items":[],"bundle_sell_ids":[],"exclude_global_add_ons":[],"addons":[],"_links":{"self":[{"href":"https:\/\/dev-wordpress1.golf-direkt.com\/en\/wp-json\/wp\/v2\/product\/16907","targetHints":{"allow":["GET"]}}],"collection":[{"href":"https:\/\/dev-wordpress1.golf-direkt.com\/en\/wp-json\/wp\/v2\/product"}],"about":[{"href":"https:\/\/dev-wordpress1.golf-direkt.com\/en\/wp-json\/wp\/v2\/types\/product"}],"wp:featuredmedia":[{"embeddable":true,"href":"https:\/\/dev-wordpress1.golf-direkt.com\/en\/wp-json\/wp\/v2\/media\/16940"}],"wp:attachment":[{"href":"https:\/\/dev-wordpress1.golf-direkt.com\/en\/wp-json\/wp\/v2\/media?parent=16907"}],"wp:term":[{"taxonomy":"product_brand","embeddable":true,"href":"https:\/\/dev-wordpress1.golf-direkt.com\/en\/wp-json\/wp\/v2\/product_brand?post=16907"},{"taxonomy":"product_cat","embeddable":true,"href":"https:\/\/dev-wordpress1.golf-direkt.com\/en\/wp-json\/wp\/v2\/product_cat?post=16907"},{"taxonomy":"product_tag","embeddable":true,"href":"https:\/\/dev-wordpress1.golf-direkt.com\/en\/wp-json\/wp\/v2\/product_tag?post=16907"}],"curies":[{"name":"wp","href":"https:\/\/api.w.org\/{rel}","templated":true}]}}