{"id":16728,"date":"2024-04-25T17:31:19","date_gmt":"2024-04-25T15:31:19","guid":{"rendered":"https:\/\/shop.golf-direkt.com\/?post_type=product&#038;p=16728"},"modified":"2025-12-09T15:38:46","modified_gmt":"2025-12-09T14:38:46","slug":"handschuh-footjoy-stasof-herren-1-pack","status":"publish","type":"product","link":"https:\/\/dev-wordpress1.golf-direkt.com\/en\/shop\/hardware-en\/accessories-en\/handschuh-footjoy-stasof-herren-1-pack\/","title":{"rendered":"Handschuh FootJoy StaSof Herren (1-Pack)"},"content":{"rendered":"<ul>\n<li>Allwetter-Grip und exklusives APL Leder bieten au\u00dfergew\u00f6hnliche Leistung und Haltbarkeit<\/li>\n<li>Pr\u00e4zise Passform und un\u00fcbertroffener Komfort<\/li>\n<li>Tourerprobte Leistung<\/li>\n<li>Sensationell weiches Gef\u00fchl und so gefertigt, dass es seine Weichheit l\u00e4nger beibeh\u00e4lt.<\/li>\n<li>Verbesserte Atmungsaktivit\u00e4t, Flexibilit\u00e4t und Komfort<\/li>\n<\/ul>\n<h3 class=\"tlt-asset-grid tlt-details\">Produktmerkmale<\/h3>\n<div class=\"pdp-asset-grid\">\n<div class=\"pdp-asset\">\n<div class=\"content-asset \">\n<p><b>SENSATIONELL WEICHES GEF\u00dcHL &amp; HOCHENTWICKELTES PERFORMANCE-LEDER<\/b><br \/>\nSensationell weiches Gef\u00fchl &amp; hochentwickeltes Performance-Leder ist tourerprobt und so verarbeitet, dass es seine Weichheit l\u00e4nger beibeh\u00e4lt.<\/p>\n<\/div>\n<\/div>\n<div class=\"pdp-asset\">\n<div class=\"content-asset \">\n<p><b>ALLWETTER-GRIP &amp; EXKLUSIVES APL LEDER<\/b><br \/>\nAllwetter-Grip &amp; exklusives APL Leder maximieren die Feuchtigkeitsbest\u00e4ndigkeit und bieten gleichzeitig au\u00dfergew\u00f6hnliche Grip-Leistung und Haltbarkeit.<\/p>\n<\/div>\n<\/div>\n<div class=\"pdp-asset\">\n<div class=\"content-asset \">\n<p><b>PR\u00c4ZISE PASSFORM &amp; UN\u00dcBERTROFFENER KOMFORT<\/b><br \/>\nDie handgefertigte Konstruktion und die pr\u00e4zise Platzierung der feuchtigkeitsableitenden Gummiz\u00fcge sorgen f\u00fcr eine gleichbleibend pr\u00e4zise Passform und un\u00fcbertroffenen Komfort.<\/p>\n<\/div>\n<\/div>\n<div class=\"pdp-asset\">\n<div class=\"content-asset \">\n<p><b>POWER NET<\/b><br \/>\nStrategisch positioniertes PowerNet-Mesh und Perforationen verbessern die Atmungsaktivit\u00e4t, die Flexibilit\u00e4t und den Komfort.<\/p>\n<\/div>\n<\/div>\n<div class=\"pdp-asset\">\n<div class=\"content-asset \">\n<p><b>ABGEWINKELTER COMFORTAB KLETTVERSCHLUSS<\/b><br \/>\nDer gesch\u00fctzte, abgewinkelte ComforTab-Klettverschluss sorgt f\u00fcr einen gleichm\u00e4\u00dfigen, perfekten Sitz.<\/p>\n<\/div>\n<\/div>\n<\/div>\n","protected":false},"excerpt":{"rendered":"<p>Erlebe die ultimative, tour erprobte Leistung. Der StaSof Golfhandschuh bietet ein sensationell weiches Gef\u00fchl und hochwertiges Performance-Leder f\u00fcr eine pr\u00e4zise Passform und unvergleichlichen Komfort.. 1 St\u00fcck Packung f\u00fcr Rechtsh\u00e4nder (= linker Handschuh) erh\u00e4ltlich in verschiedenen Gr\u00f6\u00dfen (Herren\/Men\u2019s), Farbe: Wei\u00df mit schwarzen Akzenten.<\/p>\n","protected":false},"featured_media":16771,"template":"","meta":[],"product_brand":[],"product_cat":[68,76],"product_tag":[600,601],"class_list":{"0":"post-16728","1":"product","2":"type-product","3":"status-publish","4":"has-post-thumbnail","6":"product_cat-bestof","7":"product_cat-zubehoer","8":"product_tag-handschuh","9":"product_tag-footjoy","10":"product_shipping_class-versandtasche-leicht","11":"pa_groesse-bekleidung-1-groesse-l","12":"pa_groesse-bekleidung-1-groesse-m-l","13":"pa_groesse-bekleidung-1-groesse-m","15":"first","16":"instock","17":"sale","18":"shipping-taxable","19":"purchasable","20":"product-type-variable"},"bundled_by":[],"bundle_stock_status":"instock","bundle_stock_quantity":null,"bundle_virtual":false,"bundle_layout":"","bundle_add_to_cart_form_location":"","bundle_editable_in_cart":false,"bundle_sold_individually_context":"","bundle_item_grouping":"","bundle_min_size":"","bundle_max_size":"","bundle_price":[],"bundled_items":[],"bundle_sell_ids":[],"exclude_global_add_ons":[],"addons":[],"_links":{"self":[{"href":"https:\/\/dev-wordpress1.golf-direkt.com\/en\/wp-json\/wp\/v2\/product\/16728","targetHints":{"allow":["GET"]}}],"collection":[{"href":"https:\/\/dev-wordpress1.golf-direkt.com\/en\/wp-json\/wp\/v2\/product"}],"about":[{"href":"https:\/\/dev-wordpress1.golf-direkt.com\/en\/wp-json\/wp\/v2\/types\/product"}],"wp:featuredmedia":[{"embeddable":true,"href":"https:\/\/dev-wordpress1.golf-direkt.com\/en\/wp-json\/wp\/v2\/media\/16771"}],"wp:attachment":[{"href":"https:\/\/dev-wordpress1.golf-direkt.com\/en\/wp-json\/wp\/v2\/media?parent=16728"}],"wp:term":[{"taxonomy":"product_brand","embeddable":true,"href":"https:\/\/dev-wordpress1.golf-direkt.com\/en\/wp-json\/wp\/v2\/product_brand?post=16728"},{"taxonomy":"product_cat","embeddable":true,"href":"https:\/\/dev-wordpress1.golf-direkt.com\/en\/wp-json\/wp\/v2\/product_cat?post=16728"},{"taxonomy":"product_tag","embeddable":true,"href":"https:\/\/dev-wordpress1.golf-direkt.com\/en\/wp-json\/wp\/v2\/product_tag?post=16728"}],"curies":[{"name":"wp","href":"https:\/\/api.w.org\/{rel}","templated":true}]}}