{"id":15988,"date":"2024-01-10T15:42:50","date_gmt":"2024-01-10T14:42:50","guid":{"rendered":"https:\/\/shop.golf-direkt.com\/shop\/unkategorisiert\/lignum-tee-3\/"},"modified":"2025-10-23T09:58:35","modified_gmt":"2025-10-23T07:58:35","slug":"lignum-tee-38","status":"publish","type":"product","link":"https:\/\/dev-wordpress1.golf-direkt.com\/en\/shop\/hardware-en\/accessories-en\/lignum-tee-38\/","title":{"rendered":"Tees Lignum Classic 38mm (16 Stk)"},"content":{"rendered":"<p>#1 Tee in Europe \u2013 Empfohlen von \u00fcber 5 Millionen Golfern weltweit.<br \/>\nDie Tees der Classic Collection sind seit fast 20 Jahren nicht mehr aus dem Golfsport wegzudenken. Das innovative Ringsystem, das den gleichen Abstand zum Boden wiederholbar macht, erleichtert so den Golfern wesentlich das Spiel. Der ergonomisch geformte Kopf, mit dem man mit einem Handgriff gleichzeitig Tee und Ball platzieren kann, sowie das stabile Material haben das Tee zum erfolgreichsten Tee Europas gemacht. Erh\u00e4ltlich ist es in 5 L\u00e4ngen, sodass es f\u00fcr jeden Schl\u00e4ger und jede Spielsituation das passende Tee gibt.<\/p>\n<p>Diese Aspekte machen dieses Tee zum idealen Begleiter:<\/p>\n<ul>\n<li>Innovatives Ring-System f\u00fcr bessere H\u00f6hen-Kontrolle<\/li>\n<li>Das innovative Material Microwood steht f\u00fcr Stabilit\u00e4t, Flexibilit\u00e4t und Langlebigkeit \u2013 50x haltbarer als herk\u00f6mmliche Tees.<\/li>\n<li>Ergonomischer Head zur bequemen Platzierung des Balls.<\/li>\n<\/ul>\n","protected":false},"excerpt":{"rendered":"<p>Classic Microwood | 38 mm 1 1\/2&#8243; | 16 Tees\/Bag<\/p>\n","protected":false},"featured_media":15998,"template":"","meta":[],"product_brand":[],"product_cat":[68,76],"product_tag":[627],"class_list":{"0":"post-15988","1":"product","2":"type-product","3":"status-publish","4":"has-post-thumbnail","6":"product_cat-bestof","7":"product_cat-zubehoer","8":"product_tag-tee","9":"product_shipping_class-versandtasche-leicht","11":"first","12":"instock","13":"sale","14":"shipping-taxable","15":"purchasable","16":"product-type-simple"},"bundled_by":[],"bundle_stock_status":"instock","bundle_stock_quantity":12,"bundle_virtual":false,"bundle_layout":"","bundle_add_to_cart_form_location":"","bundle_editable_in_cart":false,"bundle_sold_individually_context":"","bundle_item_grouping":"","bundle_min_size":"","bundle_max_size":"","bundle_price":[],"bundled_items":[],"bundle_sell_ids":[],"exclude_global_add_ons":[],"addons":[],"_links":{"self":[{"href":"https:\/\/dev-wordpress1.golf-direkt.com\/en\/wp-json\/wp\/v2\/product\/15988","targetHints":{"allow":["GET"]}}],"collection":[{"href":"https:\/\/dev-wordpress1.golf-direkt.com\/en\/wp-json\/wp\/v2\/product"}],"about":[{"href":"https:\/\/dev-wordpress1.golf-direkt.com\/en\/wp-json\/wp\/v2\/types\/product"}],"wp:featuredmedia":[{"embeddable":true,"href":"https:\/\/dev-wordpress1.golf-direkt.com\/en\/wp-json\/wp\/v2\/media\/15998"}],"wp:attachment":[{"href":"https:\/\/dev-wordpress1.golf-direkt.com\/en\/wp-json\/wp\/v2\/media?parent=15988"}],"wp:term":[{"taxonomy":"product_brand","embeddable":true,"href":"https:\/\/dev-wordpress1.golf-direkt.com\/en\/wp-json\/wp\/v2\/product_brand?post=15988"},{"taxonomy":"product_cat","embeddable":true,"href":"https:\/\/dev-wordpress1.golf-direkt.com\/en\/wp-json\/wp\/v2\/product_cat?post=15988"},{"taxonomy":"product_tag","embeddable":true,"href":"https:\/\/dev-wordpress1.golf-direkt.com\/en\/wp-json\/wp\/v2\/product_tag?post=15988"}],"curies":[{"name":"wp","href":"https:\/\/api.w.org\/{rel}","templated":true}]}}