{"id":15987,"date":"2024-04-29T08:59:49","date_gmt":"2024-04-29T06:59:49","guid":{"rendered":"https:\/\/shop.golf-direkt.com\/shop\/unkategorisiert\/lignum-tee-2\/"},"modified":"2025-11-24T09:03:20","modified_gmt":"2025-11-24T08:03:20","slug":"eisensatz-cobra-king-sz-herren-lh","status":"publish","type":"product","link":"https:\/\/dev-wordpress1.golf-direkt.com\/en\/shop\/hardware-en\/schlaeger-en\/eisensatz-cobra-king-sz-herren-lh\/","title":{"rendered":"Eisen-Satz Cobra King Speedzone Herren Links"},"content":{"rendered":"<p>Die Cobra King SPEEDZONE-Eisen erzielen optimale Leistung mit 5 einzigartigen Innovationszonen, die eine optimale Mischung aus Distanz, Konsistenz und Fehlertoleranz bieten.<\/p>\n<p>Cobra hat leichte Kohlefaser in die Oberlinie und darunter eingearbeitet, um einen extrem niedrigen Schwerpunkt und h\u00f6here Ballgeschwindigkeiten zu erzielen. Um diese Geschwindigkeit leichter kontrollieren zu k\u00f6nnen, hat Cobra den Schl\u00e4gerkopf mit einem breiteren Rand konstruiert, der das Tr\u00e4gheitsmoment erh\u00f6ht und dabei hilft, den Schwerpunkt zu senken. Dies ergibt ein leistungsstarkes Eisen, das sowohl fehlerverzeihend als auch pr\u00e4zise ist.<\/p>\n<p>Die patentierte PWRSHELL-Technologie von Cobra verschiebt die Grenzen des Machbaren hinsichtlich Geschwindigkeit und verbessert den Abschlag, um Ihnen die Leistung zu geben, das Ziel zu erreichen. Die PWRSHELL-Schlagfl\u00e4che und die E9-Schlagfl\u00e4chenstruktur tragen dazu bei, den Schwerpunkt zu senken und das Design verf\u00fcgt au\u00dferdem \u00fcber ein mitgeformtes Medaillon, das unerw\u00fcnschte Vibrationen absorbiert und so f\u00fcr ein befriedigendes Gef\u00fchl und Ger\u00e4usch beim Aufprall sorgt.<\/p>\n<p>Das Set ist mittels 100 % CNC-Fr\u00e4sen und fortschrittlicher Spin-Technologie optimiert. Die 4-6-Eisen verf\u00fcgen \u00fcber V-Rillen, um den Spin zu reduzieren und so f\u00fcr mehr Distanzleistung zu sorgen, und f\u00fcr die 7-PW werden U-Rillen verwendet, die mehr Spin zur besseren Kontrolle erzeugen.<\/p>\n<p><strong>Schl\u00e4ger:<\/strong><br \/>\n4-9 + PW; Linksh\u00e4nder<\/p>\n<p><strong>Schaft:<\/strong><br \/>\nMaterial: Grafit | Modell: UST Mamiya Recoil ESX 460\/F3<\/p>\n<p><strong>Griff:<\/strong><br \/>\nLamkin Crossline, Vollgummigriff mit &#8220;Doppel X&#8221;-Struktur. Farbe: Schwarz.<\/p>\n","protected":false},"excerpt":{"rendered":"<p>7-teilig: Iron 4-9 + PW; Schaft: UST Mamiya Recoil ESX 460; Griff: Lamkin Crossline; Herren Linksh\u00e4nder<\/p>\n","protected":false},"featured_media":16801,"template":"","meta":[],"product_brand":[],"product_cat":[68,72],"product_tag":[690,691,572],"class_list":{"0":"post-15987","1":"product","2":"type-product","3":"status-publish","4":"has-post-thumbnail","6":"product_cat-bestof","7":"product_cat-schlaeger","8":"product_tag-cobra","9":"product_tag-eisen","10":"product_tag-golfschlaeger","11":"product_shipping_class-sperrgut","13":"first","14":"instock","15":"sale","16":"sold-individually","17":"shipping-taxable","18":"purchasable","19":"product-type-simple"},"bundled_by":[],"bundle_stock_status":"instock","bundle_stock_quantity":null,"bundle_virtual":false,"bundle_layout":"","bundle_add_to_cart_form_location":"","bundle_editable_in_cart":false,"bundle_sold_individually_context":"","bundle_item_grouping":"","bundle_min_size":"","bundle_max_size":"","bundle_price":[],"bundled_items":[],"bundle_sell_ids":[],"exclude_global_add_ons":[],"addons":[],"_links":{"self":[{"href":"https:\/\/dev-wordpress1.golf-direkt.com\/en\/wp-json\/wp\/v2\/product\/15987","targetHints":{"allow":["GET"]}}],"collection":[{"href":"https:\/\/dev-wordpress1.golf-direkt.com\/en\/wp-json\/wp\/v2\/product"}],"about":[{"href":"https:\/\/dev-wordpress1.golf-direkt.com\/en\/wp-json\/wp\/v2\/types\/product"}],"wp:featuredmedia":[{"embeddable":true,"href":"https:\/\/dev-wordpress1.golf-direkt.com\/en\/wp-json\/wp\/v2\/media\/16801"}],"wp:attachment":[{"href":"https:\/\/dev-wordpress1.golf-direkt.com\/en\/wp-json\/wp\/v2\/media?parent=15987"}],"wp:term":[{"taxonomy":"product_brand","embeddable":true,"href":"https:\/\/dev-wordpress1.golf-direkt.com\/en\/wp-json\/wp\/v2\/product_brand?post=15987"},{"taxonomy":"product_cat","embeddable":true,"href":"https:\/\/dev-wordpress1.golf-direkt.com\/en\/wp-json\/wp\/v2\/product_cat?post=15987"},{"taxonomy":"product_tag","embeddable":true,"href":"https:\/\/dev-wordpress1.golf-direkt.com\/en\/wp-json\/wp\/v2\/product_tag?post=15987"}],"curies":[{"name":"wp","href":"https:\/\/api.w.org\/{rel}","templated":true}]}}