{"id":15986,"date":"2024-01-16T09:00:49","date_gmt":"2024-01-16T08:00:49","guid":{"rendered":"https:\/\/shop.golf-direkt.com\/shop\/unkategorisiert\/lignum-tee\/"},"modified":"2024-04-17T14:31:39","modified_gmt":"2024-04-17T12:31:39","slug":"gripcaddie","status":"publish","type":"product","link":"https:\/\/dev-wordpress1.golf-direkt.com\/en\/shop\/hardware-en\/accessories-en\/gripcaddie\/","title":{"rendered":"Grip Caddie"},"content":{"rendered":"<p>Griffreinigung leicht und schnell gemacht. F\u00fcllen Sie Wasser und einen Tropfen Reinigungsmittel (z. B. Sp\u00fclmittel oder Fl\u00fcssigseife) in den &#8220;Grip Caddie&#8221;, anschlie\u00dfend reiben Sie den Griff des Golfschl\u00e4gers ab. F\u00fcr das bestm\u00f6gliche Ergebnis sp\u00fclen Sie den Griff mit Wasser nach und trocknen ihn mit einem sauberen Tuch. Damit k\u00f6nnen Sie die Griffe auch w\u00e4hrend einer Golfrunde reinigen und Sie haben immer ein optimales Gef\u00fchl. Zus\u00e4tzlich kann eine regelm\u00e4\u00dfige Reinigung die Lebensdauer der Griffe verl\u00e4ngern. Sollten die Borsten des &#8220;Grip Caddie&#8221; eines Tages abgenutzt sein, m\u00fcssen Sie das Ger\u00e4t nicht wegwerfen, denn die Borsten lassen sich mittels 4 Schrauben einfach austauschen.<\/p>\n<p><img loading=\"lazy\" decoding=\"async\" class=\"alignnone wp-image-16666 size-full\" src=\"https:\/\/dev-wordpress1.golf-direkt.com\/wp-content\/uploads\/grip-caddie-anleitung-001.jpg\" alt=\"\" width=\"500\" height=\"500\" srcset=\"https:\/\/dev-wordpress1.golf-direkt.com\/wp-content\/uploads\/grip-caddie-anleitung-001.jpg 500w, https:\/\/dev-wordpress1.golf-direkt.com\/wp-content\/uploads\/grip-caddie-anleitung-001-346x346.jpg 346w, https:\/\/dev-wordpress1.golf-direkt.com\/wp-content\/uploads\/grip-caddie-anleitung-001-100x100.jpg 100w, https:\/\/dev-wordpress1.golf-direkt.com\/wp-content\/uploads\/grip-caddie-anleitung-001-445x445.jpg 445w, https:\/\/dev-wordpress1.golf-direkt.com\/wp-content\/uploads\/grip-caddie-anleitung-001-300x300.jpg 300w, https:\/\/dev-wordpress1.golf-direkt.com\/wp-content\/uploads\/grip-caddie-anleitung-001-150x150.jpg 150w\" sizes=\"auto, (max-width: 500px) 100vw, 500px\" \/><\/p>\n","protected":false},"excerpt":{"rendered":"<p>Handliches Ger\u00e4t zur Reinigung von Schl\u00e4gergriffen. Tragetasche ist inkludiert.<\/p>\n","protected":false},"featured_media":16652,"template":"","meta":[],"product_brand":[],"product_cat":[68,76],"product_tag":[],"class_list":{"0":"post-15986","1":"product","2":"type-product","3":"status-publish","4":"has-post-thumbnail","6":"product_cat-bestof","7":"product_cat-zubehoer","8":"product_shipping_class-versandtasche-leicht","10":"first","11":"instock","12":"shipping-taxable","13":"purchasable","14":"product-type-simple"},"bundled_by":[],"bundle_stock_status":"instock","bundle_stock_quantity":null,"bundle_virtual":false,"bundle_layout":"","bundle_add_to_cart_form_location":"","bundle_editable_in_cart":false,"bundle_sold_individually_context":"","bundle_item_grouping":"","bundle_min_size":"","bundle_max_size":"","bundle_price":[],"bundled_items":[],"bundle_sell_ids":[],"exclude_global_add_ons":[],"addons":[],"_links":{"self":[{"href":"https:\/\/dev-wordpress1.golf-direkt.com\/en\/wp-json\/wp\/v2\/product\/15986","targetHints":{"allow":["GET"]}}],"collection":[{"href":"https:\/\/dev-wordpress1.golf-direkt.com\/en\/wp-json\/wp\/v2\/product"}],"about":[{"href":"https:\/\/dev-wordpress1.golf-direkt.com\/en\/wp-json\/wp\/v2\/types\/product"}],"wp:featuredmedia":[{"embeddable":true,"href":"https:\/\/dev-wordpress1.golf-direkt.com\/en\/wp-json\/wp\/v2\/media\/16652"}],"wp:attachment":[{"href":"https:\/\/dev-wordpress1.golf-direkt.com\/en\/wp-json\/wp\/v2\/media?parent=15986"}],"wp:term":[{"taxonomy":"product_brand","embeddable":true,"href":"https:\/\/dev-wordpress1.golf-direkt.com\/en\/wp-json\/wp\/v2\/product_brand?post=15986"},{"taxonomy":"product_cat","embeddable":true,"href":"https:\/\/dev-wordpress1.golf-direkt.com\/en\/wp-json\/wp\/v2\/product_cat?post=15986"},{"taxonomy":"product_tag","embeddable":true,"href":"https:\/\/dev-wordpress1.golf-direkt.com\/en\/wp-json\/wp\/v2\/product_tag?post=15986"}],"curies":[{"name":"wp","href":"https:\/\/api.w.org\/{rel}","templated":true}]}}