{"id":15931,"date":"2024-01-09T11:21:55","date_gmt":"2024-01-09T10:21:55","guid":{"rendered":"https:\/\/shop.golf-direkt.com\/?post_type=product&#038;p=15931"},"modified":"2025-04-23T14:19:31","modified_gmt":"2025-04-23T12:19:31","slug":"elektrotrolley-pg-powergolf-nitro-pure-steel","status":"publish","type":"product","link":"https:\/\/dev-wordpress1.golf-direkt.com\/en\/shop\/hardware-en\/trolley-en\/elektrotrolley-pg-powergolf-nitro-pure-steel\/","title":{"rendered":"Elektrotrolley PG-Powergolf Nitro Pure Steel"},"content":{"rendered":"<p class=\"teaser text-center\">Dgynamisch, jung, sportlich \u2013 mit einem Preis-Leistungsverh\u00e4ltnis, das alles sprengt was bisher da war. Der neue Premium-Caddy Nitro pure Steel ist ein deutsches High-Tech-Produkt mit herausragender Qualit\u00e4t zu einem bisher nicht f\u00fcr m\u00f6glich gehaltenen Preis: Mit dem Nitro pure Steel bietet PG-PowerGolf allen Golfern einen preisbewussten Einstieg in die Premiumklasse der Elektro-Caddys.<\/p>\n<p class=\"teaser\">Der <strong>Nitro pure <\/strong>ist zukunftsweisend. Er ist superflach und einfach zu bedienen. Er hat ein komfortables Fahrprogramm mit modernster Antriebs- und Steuerungstechnik. Er verf\u00fcgt \u00fcber technische StandardFunktionen wie Start\/Stopp-Taste, stufenlosen Geschwindigkeitsregler, Re-Start in der letzten Geschwindigkeit, Distanz-Stopp \u00fcber 10, 20 und 30 Meter, Bergabfahrbremse mit Energier\u00fcckgewinnung, Tempomat, R\u00fcckw\u00e4rtsgang mit automatischem Re-Start im Vorw\u00e4rtsgang und einen Booster-Akku (bis 45 Loch) der neuesten Generation mit bew\u00e4hrter Magnethalterung sowie aller h\u00f6chsten Sicherheitsstandards.<\/p>\n<p>Mit verschiedenen Rad-Farben erh\u00e4ltlich. Weiteres Zubeh\u00f6r auf Anfrage. Passendes Bag: <a href=\"https:\/\/dev-wordpress1.golf-direkt.com\/shop\/bestof\/bag-pg-powergolf-lock-90-dry-m\" target=\"_blank\" rel=\"noopener\">https:\/\/dev-wordpress1.golf-direkt.com\/shop\/bestof\/bag-pg-powergolf-lock-90-dry-m<\/a><\/p>\n<h4 class=\"red\">Technische Daten<\/h4>\n<table class=\"tech-specs\" style=\"width: 100%; height: 475px;\" role=\"grid\">\n<tbody>\n<tr style=\"height: 25px;\">\n<th style=\"height: 25px;\"><\/th>\n<th style=\"height: 25px;\">Nitro pure Steel<\/th>\n<\/tr>\n<tr style=\"height: 25px;\">\n<td style=\"height: 25px;\">Noiseless High-Tech-Antriebe:<\/td>\n<td style=\"height: 25px;\">35 mm DC<\/td>\n<\/tr>\n<tr style=\"height: 25px;\">\n<td style=\"height: 25px;\">Rahmen:<\/td>\n<td style=\"height: 25px;\">Edelstahl<\/td>\n<\/tr>\n<tr style=\"height: 25px;\">\n<td style=\"height: 25px;\">Lithium-Ionen-Batterie:<\/td>\n<td style=\"height: 25px;\">ca. 1,0 kg, 45+x Loch; inkl. Ladeger\u00e4t<\/td>\n<\/tr>\n<tr style=\"height: 25px;\">\n<td style=\"height: 25px;\">Booster-Akku:<\/td>\n<td style=\"height: 25px;\">\u2714<\/td>\n<\/tr>\n<tr style=\"height: 25px;\">\n<td style=\"height: 25px;\">Zubeh\u00f6r optional verf\u00fcgbar:<\/td>\n<td style=\"height: 25px;\">\u2714<\/td>\n<\/tr>\n<tr style=\"height: 25px;\">\n<td style=\"height: 25px;\">R\u00fcckw\u00e4rtsgang:<\/td>\n<td style=\"height: 25px;\">\u2714<\/td>\n<\/tr>\n<tr style=\"height: 25px;\">\n<td style=\"height: 25px;\">Start, Stopp und Restart in letzter Geschwindigkeit:<\/td>\n<td style=\"height: 25px;\">\u2714<\/td>\n<\/tr>\n<tr style=\"height: 25px;\">\n<td style=\"height: 25px;\">Tempomat:<\/td>\n<td style=\"height: 25px;\">\u2714<\/td>\n<\/tr>\n<tr style=\"height: 25px;\">\n<td style=\"height: 25px;\">Stufenlose Geschwindigkeitsregelung:<\/td>\n<td style=\"height: 25px;\">\u2714<\/td>\n<\/tr>\n<tr style=\"height: 25px;\">\n<td style=\"height: 25px;\">Dreifache Distanzfunktion:<\/td>\n<td style=\"height: 25px;\">ca. 10, 20, 30 m<\/td>\n<\/tr>\n<tr style=\"height: 25px;\">\n<td style=\"height: 25px;\">Elektronische Bergabfahrbremse:<\/td>\n<td style=\"height: 25px;\">\u2714<\/td>\n<\/tr>\n<tr style=\"height: 25px;\">\n<td style=\"height: 25px;\">Energier\u00fcckgewinnung durch Rekuperation:<\/td>\n<td style=\"height: 25px;\">\u2714<\/td>\n<\/tr>\n<tr style=\"height: 25px;\">\n<td style=\"height: 25px;\">Freilauf:<\/td>\n<td style=\"height: 25px;\">\u2714<\/td>\n<\/tr>\n<tr style=\"height: 25px;\">\n<td style=\"height: 25px;\">Leicht zerlegbar, kleines Packma\u00df:<\/td>\n<td style=\"height: 25px;\">\u2714<\/td>\n<\/tr>\n<tr style=\"height: 25px;\">\n<td style=\"height: 25px;\">Packma\u00df:<\/td>\n<td style=\"height: 25px;\">64 x 62 x <strong>20<\/strong> cm<\/td>\n<\/tr>\n<tr style=\"height: 25px;\">\n<td style=\"height: 25px;\">Gewicht Rahmen \/ R\u00e4der:<\/td>\n<td style=\"height: 25px;\">ca. 5,6 kg \/ ca. 1,9 kg<\/td>\n<\/tr>\n<\/tbody>\n<\/table>\n<p>&nbsp;<\/p>\n","protected":false},"excerpt":{"rendered":"<p>\u2666 Komfortables Fahrprogramm \u2666 Ein- und Aus-Schalter \u2666 Start- und Stopp-Funktion \u2666 Stufenlose Geschwindigkeitsregelung \u2666 Distanzfunktion 10, 20, 30 Meter \u2666 Bergabfahrbremse \u2666 R\u00fcckw\u00e4rtsgang<span class=\"alert round label\">\u00a0\u2666 <\/span>Energier\u00fcckgewinnung durch Rekuperation \u2666 Freilauf \u2666 Motorbremse\u00a0 \u2666 Re-Start in letzter Geschwindigkeit \u2666\u00a0Tempomat<\/p>\n<p>Der Nitro Pure Steel unterscheidet sich zum Nitro Flat Steel durch das fest montierte Vorderrad und das dadurch bedingte h\u00f6here Packma\u00df, sowie durch reduzierte technische Ausstattung.<\/p>\n","protected":false},"featured_media":15891,"template":"","meta":[],"product_brand":[],"product_cat":[68,74],"product_tag":[608,610],"class_list":{"0":"post-15931","1":"product","2":"type-product","3":"status-publish","4":"has-post-thumbnail","6":"product_cat-bestof","7":"product_cat-trolley","8":"product_tag-trolley","9":"product_tag-pg-powergolf","10":"product_shipping_class-sperrgut","12":"first","13":"instock","14":"sale","15":"shipping-taxable","16":"purchasable","17":"product-type-variable"},"bundled_by":[],"bundle_stock_status":"instock","bundle_stock_quantity":null,"bundle_virtual":false,"bundle_layout":"","bundle_add_to_cart_form_location":"","bundle_editable_in_cart":false,"bundle_sold_individually_context":"","bundle_item_grouping":"","bundle_min_size":"","bundle_max_size":"","bundle_price":[],"bundled_items":[],"bundle_sell_ids":[],"exclude_global_add_ons":[],"addons":[],"_links":{"self":[{"href":"https:\/\/dev-wordpress1.golf-direkt.com\/en\/wp-json\/wp\/v2\/product\/15931","targetHints":{"allow":["GET"]}}],"collection":[{"href":"https:\/\/dev-wordpress1.golf-direkt.com\/en\/wp-json\/wp\/v2\/product"}],"about":[{"href":"https:\/\/dev-wordpress1.golf-direkt.com\/en\/wp-json\/wp\/v2\/types\/product"}],"wp:featuredmedia":[{"embeddable":true,"href":"https:\/\/dev-wordpress1.golf-direkt.com\/en\/wp-json\/wp\/v2\/media\/15891"}],"wp:attachment":[{"href":"https:\/\/dev-wordpress1.golf-direkt.com\/en\/wp-json\/wp\/v2\/media?parent=15931"}],"wp:term":[{"taxonomy":"product_brand","embeddable":true,"href":"https:\/\/dev-wordpress1.golf-direkt.com\/en\/wp-json\/wp\/v2\/product_brand?post=15931"},{"taxonomy":"product_cat","embeddable":true,"href":"https:\/\/dev-wordpress1.golf-direkt.com\/en\/wp-json\/wp\/v2\/product_cat?post=15931"},{"taxonomy":"product_tag","embeddable":true,"href":"https:\/\/dev-wordpress1.golf-direkt.com\/en\/wp-json\/wp\/v2\/product_tag?post=15931"}],"curies":[{"name":"wp","href":"https:\/\/api.w.org\/{rel}","templated":true}]}}