{"id":15921,"date":"2024-01-09T11:16:24","date_gmt":"2024-01-09T10:16:24","guid":{"rendered":"https:\/\/shop.golf-direkt.com\/?post_type=product&#038;p=15921"},"modified":"2025-04-23T14:04:27","modified_gmt":"2025-04-23T12:04:27","slug":"elektrotrolley-pg-powergolf-zorro-flat-steel","status":"publish","type":"product","link":"https:\/\/dev-wordpress1.golf-direkt.com\/en\/shop\/hardware-en\/trolley-en\/elektrotrolley-pg-powergolf-zorro-flat-steel\/","title":{"rendered":"Elektrotrolley PG-Powergolf Zorro Flat Steel"},"content":{"rendered":"<p class=\"teaser text-center\">Dgynamisch, jung, sportlich \u2013 mit einem Preis-Leistungsverh\u00e4ltnis, das alles sprengt was bisher da war. Der neue Premium-Caddy Zorro flat Steel Steel ist ein deutsches High-Tech-Produkt mit herausragender Qualit\u00e4t zu einem bisher nicht f\u00fcr m\u00f6glich gehaltenen Preis: Mit dem Zorro flat Steel bietet PG-PowerGolf allen Golfern einen preisbewussten Einstieg in die Premiumklasse der Elektro-Caddys.<\/p>\n<p class=\"teaser\">Der Zorro flat Steel<strong>\u00a0<\/strong>ist zukunftsweisend. Er ist superflach und einfach zu bedienen. Er hat ein komfortables Fahrprogramm mit modernster Antriebs- und Steuerungstechnik. Er verf\u00fcgt \u00fcber technische Standardfunktionen wie Start\/Stopp-Taste, stufenlosen Geschwindigkeitsregler, Re-Start in der letzten Geschwindigkeit, Distanz-Stopp \u00fcber 10, 20 und 30 Meter, Bergabfahrbremse mit Energier\u00fcckgewinnung, Tempomat, R\u00fcckw\u00e4rtsgang mit automatischem Re-Start im Vorw\u00e4rtsgang und einen Booster-Akku (bis 45 Loch) der neuesten Generation mit bew\u00e4hrter Magnethalterung sowie allerh\u00f6chsten Sicherheitsstandards.<\/p>\n<p>Mit verschiedenen Rad-Farben erh\u00e4ltlich. Weiteres Zubeh\u00f6r auf Anfrage. Passendes Bag: <a href=\"https:\/\/dev-wordpress1.golf-direkt.com\/shop\/bestof\/bag-pg-powergolf-lock-90-dry-m\" target=\"_blank\" rel=\"noopener\">https:\/\/dev-wordpress1.golf-direkt.com\/shop\/bestof\/bag-pg-powergolf-lock-90-dry-m<\/a><\/p>\n<h4>Produkteigenschaften<\/h4>\n<ul>\n<li>\u201cBrushless\u201d High-Tech-Antriebe 35mm<\/li>\n<li>Rahmen aus hochwertigem Edelstahl<\/li>\n<li>GFK-R\u00e4der<\/li>\n<li>Sterngriffe aus Edelstahl<\/li>\n<li>Modernste Lithium-Ionen-Batterien (ca. 45 Loch) inkl. Ladeger\u00e4t<\/li>\n<li>Energier\u00fcckgewinnung durch Rekuperation<\/li>\n<li>Vor- und R\u00fccklauf<\/li>\n<li>Perfekte ergonomische Bedienung<\/li>\n<li>Start, Stop und Restart in letzter Geschwindigkeit<\/li>\n<li>Tempomat<\/li>\n<li>Stufenlose Geschwindigkeitsregelung<\/li>\n<li>Distanzfunktion ca. 10 \u2013 20 \u2013 30 Meter<\/li>\n<li>Elektronische Bergabfahrbremse<\/li>\n<li>Freilauffunktion<\/li>\n<li>Magnetstecker<\/li>\n<li>Elektr. Standbremse auf beide R\u00e4der<\/li>\n<li>Sensor-Kippschutz<\/li>\n<li>Elektronisches Differenzial<\/li>\n<li>Zuschaltbare Differenzialsperre \/ Gel\u00e4ndegang<\/li>\n<li>Tempor\u00e4rer Freilauf<\/li>\n<li>Automatische opt. Akku Anzeige<\/li>\n<li>Leicht zerlegbar<\/li>\n<li>Packma\u00df: 64 x 62 x 10 cm<\/li>\n<li>Akkuladezeit: 3 bis 5 Stunden<\/li>\n<li>Geschwindigkeit: bis zu 8 km\/h<\/li>\n<li>Gewicht Rahmen: ca. 5,6 kg<\/li>\n<li>Gewicht R\u00e4der: ca. 1,9 kg<\/li>\n<li>Gewicht Akku: ca. 1,0 kg<\/li>\n<li>OPTION: innovativer Drehgriff Magic Power Control<\/li>\n<li>Weiteres Zubeh\u00f6r optional erh\u00e4ltlich<\/li>\n<\/ul>\n<p>&nbsp;<\/p>\n","protected":false},"excerpt":{"rendered":"<p>\u2666 Komfortables Fahrprogramm \u2666 Ein- und Aus-Schalter \u2666 Start- und Stopp-Funktion \u2666 Stufenlose Geschwindigkeitsregelung \u2666 Distanzfunktion 10, 20, 30 Meter \u2666 Bergabfahrbremse \u2666 R\u00fcckw\u00e4rtsgang<span class=\"alert round label\">\u00a0\u2666 <\/span>Energier\u00fcckgewinnung durch Rekuperation \u2666 Freilauf \u2666 Motorbremse\u00a0 \u2666 Re-Start in letzter Geschwindigkeit \u2666 Tempomat \u2666 OPTION: innovativer Drehgriff Magic Power Control<\/p>\n<p>Der &#8220;Zorro&#8221; unterscheidet sich zum &#8220;Nitro&#8221; durch eine elektronische Bremse, elektronisches Differenzial (inkl. Differenzialsperre) und Sensor-Kippschutz.<\/p>\n","protected":false},"featured_media":15615,"template":"","meta":[],"product_brand":[],"product_cat":[68,74],"product_tag":[608,610],"class_list":{"0":"post-15921","1":"product","2":"type-product","3":"status-publish","4":"has-post-thumbnail","6":"product_cat-bestof","7":"product_cat-trolley","8":"product_tag-trolley","9":"product_tag-pg-powergolf","10":"product_shipping_class-sperrgut","12":"first","13":"instock","14":"sale","15":"shipping-taxable","16":"purchasable","17":"product-type-variable"},"bundled_by":[],"bundle_stock_status":"instock","bundle_stock_quantity":null,"bundle_virtual":false,"bundle_layout":"","bundle_add_to_cart_form_location":"","bundle_editable_in_cart":false,"bundle_sold_individually_context":"","bundle_item_grouping":"","bundle_min_size":"","bundle_max_size":"","bundle_price":[],"bundled_items":[],"bundle_sell_ids":[],"exclude_global_add_ons":[],"addons":[],"_links":{"self":[{"href":"https:\/\/dev-wordpress1.golf-direkt.com\/en\/wp-json\/wp\/v2\/product\/15921","targetHints":{"allow":["GET"]}}],"collection":[{"href":"https:\/\/dev-wordpress1.golf-direkt.com\/en\/wp-json\/wp\/v2\/product"}],"about":[{"href":"https:\/\/dev-wordpress1.golf-direkt.com\/en\/wp-json\/wp\/v2\/types\/product"}],"wp:featuredmedia":[{"embeddable":true,"href":"https:\/\/dev-wordpress1.golf-direkt.com\/en\/wp-json\/wp\/v2\/media\/15615"}],"wp:attachment":[{"href":"https:\/\/dev-wordpress1.golf-direkt.com\/en\/wp-json\/wp\/v2\/media?parent=15921"}],"wp:term":[{"taxonomy":"product_brand","embeddable":true,"href":"https:\/\/dev-wordpress1.golf-direkt.com\/en\/wp-json\/wp\/v2\/product_brand?post=15921"},{"taxonomy":"product_cat","embeddable":true,"href":"https:\/\/dev-wordpress1.golf-direkt.com\/en\/wp-json\/wp\/v2\/product_cat?post=15921"},{"taxonomy":"product_tag","embeddable":true,"href":"https:\/\/dev-wordpress1.golf-direkt.com\/en\/wp-json\/wp\/v2\/product_tag?post=15921"}],"curies":[{"name":"wp","href":"https:\/\/api.w.org\/{rel}","templated":true}]}}