{"id":15910,"date":"2024-01-09T10:27:10","date_gmt":"2024-01-09T09:27:10","guid":{"rendered":"https:\/\/shop.golf-direkt.com\/?post_type=product&#038;p=15910"},"modified":"2025-04-23T14:09:19","modified_gmt":"2025-04-23T12:09:19","slug":"elektrotrolley-pg-powergolf-nitro-flat-steel","status":"publish","type":"product","link":"https:\/\/dev-wordpress1.golf-direkt.com\/en\/shop\/hardware-en\/trolley-en\/elektrotrolley-pg-powergolf-nitro-flat-steel\/","title":{"rendered":"Elektrotrolley PG-Powergolf Nitro Flat Steel"},"content":{"rendered":"<p class=\"teaser text-center\">Dgynamisch, jung, sportlich \u2013 mit einem Preis-Leistungsverh\u00e4ltnis, das alles sprengt was bisher da war. Der neue Premium-Caddy Nitro flat Steel ist ein deutsches High-Tech-Produkt mit herausragender Qualit\u00e4t zu einem bisher nicht f\u00fcr m\u00f6glich gehaltenen Preis: Mit dem Nitro flat Steel bietet PG-PowerGolf allen Golfern einen preisbewussten Einstieg in die Premiumklasse der Elektro-Caddys.<\/p>\n<p class=\"teaser\">Der <strong>Nitro flat<\/strong> ist zukunftsweisend. Er ist superflach und einfach zu bedienen. Er hat ein komfortables Fahrprogramm mit modernster Antriebs- und Steuerungstechnik. Er verf\u00fcgt \u00fcber technische Standardfunktionen wie Start\/Stopp-Taste, stufenlosen Geschwindigkeitsregler, Re-Start in der letzten Geschwindigkeit, Distanz-Stopp \u00fcber 10, 20 und 30 Meter, Bergabfahrbremse mit Energier\u00fcckgewinnung, Tempomat, R\u00fcckw\u00e4rtsgang mit automatischem Re-Start im Vorw\u00e4rtsgang und einen Booster-Akku (bis 45 Loch) der neuesten Generation mit bew\u00e4hrter Magnethalterung sowie allerh\u00f6chsten Sicherheitsstandards.<\/p>\n<p>Mit verschiedenen Rad-Farben erh\u00e4ltlich. Weiteres Zubeh\u00f6r auf Anfrage. Passendes Bag: <a href=\"https:\/\/dev-wordpress1.golf-direkt.com\/shop\/bestof\/bags\/bag-pg-powergolf-lock-90-dry-m\/\" target=\"_blank\" rel=\"noopener\">https:\/\/dev-wordpress1.golf-direkt.com\/shop\/bestof\/bag-pg-powergolf-lock-90-dry-m<\/a><\/p>\n<h4 class=\"red\">Technische Daten<\/h4>\n<table class=\"tech-specs\" role=\"grid\">\n<tbody>\n<tr>\n<th><\/th>\n<th>Nitro flat Steel<\/th>\n<\/tr>\n<tr>\n<td>Noiseless High-Tech-Antriebe:<\/td>\n<td>35 mm DC<\/td>\n<\/tr>\n<tr>\n<td>Rahmen:<\/td>\n<td>Edelstahl<\/td>\n<\/tr>\n<tr>\n<td>Lithium-Ionen-Batterie:<\/td>\n<td>ca. 1,0 kg, 45+x Loch; inkl. Ladeger\u00e4t<\/td>\n<\/tr>\n<tr>\n<td>Booster-Akku:<\/td>\n<td>\u2714<\/td>\n<\/tr>\n<tr>\n<td>Zubeh\u00f6r optional verf\u00fcgbar:<\/td>\n<td>\u2714<\/td>\n<\/tr>\n<tr>\n<td>R\u00fcckw\u00e4rtsgang:<\/td>\n<td>\u2714<\/td>\n<\/tr>\n<tr>\n<td>Start, Stopp und Restart in letzter Geschwindigkeit:<\/td>\n<td>\u2714<\/td>\n<\/tr>\n<tr>\n<td>Tempomat:<\/td>\n<td>\u2714<\/td>\n<\/tr>\n<tr>\n<td>Stufenlose Geschwindigkeitsregelung:<\/td>\n<td>\u2714<\/td>\n<\/tr>\n<tr>\n<td>Dreifache Distanzfunktion:<\/td>\n<td>ca. 10, 20, 30 m<\/td>\n<\/tr>\n<tr>\n<td>Elektronische Bergabfahrbremse:<\/td>\n<td>\u2714<\/td>\n<\/tr>\n<tr>\n<td>Energier\u00fcckgewinnung durch Rekuperation:<\/td>\n<td>\u2714<\/td>\n<\/tr>\n<tr>\n<td>Freilauf:<\/td>\n<td>\u2714<\/td>\n<\/tr>\n<tr>\n<td>Leicht zerlegbar, kleines Packma\u00df:<\/td>\n<td>\u2714<\/td>\n<\/tr>\n<tr>\n<td>Packma\u00df:<\/td>\n<td>64 x 62 x <strong>10<\/strong> cm<\/td>\n<\/tr>\n<tr>\n<td>Gewicht Rahmen \/ R\u00e4der:<\/td>\n<td>ca. 5,6 kg \/ ca. 1,9 kg<\/td>\n<\/tr>\n<\/tbody>\n<\/table>\n<p>&nbsp;<\/p>\n","protected":false},"excerpt":{"rendered":"<p><strong>Mit verschiedenen Radfarben erh\u00e4ltlich.<\/strong><\/p>\n<p>\u2666 Komfortables Fahrprogramm \u2666 Ein- und Aus-Schalter \u2666 Start- und Stopp-Funktion \u2666 Stufenlose Geschwindigkeitsregelung \u2666 Distanzfunktion 10, 20, 30 Meter \u2666 Bergabfahrbremse \u2666 R\u00fcckw\u00e4rtsgang<span class=\"alert round label\">\u00a0\u2666 <\/span>Energier\u00fcckgewinnung durch Rekuperation \u2666 Freilauf \u2666 Motorbremse \u2666 Funktionsleuchte \u2666 Re-Start in letzter Geschwindigkeit \u2666\u00a0Tempomat<\/p>\n","protected":false},"featured_media":14299,"template":"","meta":[],"product_brand":[],"product_cat":[68,74],"product_tag":[608,610],"class_list":{"0":"post-15910","1":"product","2":"type-product","3":"status-publish","4":"has-post-thumbnail","6":"product_cat-bestof","7":"product_cat-trolley","8":"product_tag-trolley","9":"product_tag-pg-powergolf","10":"product_shipping_class-sperrgut","12":"first","13":"instock","14":"sale","15":"shipping-taxable","16":"purchasable","17":"product-type-variable"},"bundled_by":[],"bundle_stock_status":"instock","bundle_stock_quantity":null,"bundle_virtual":false,"bundle_layout":"","bundle_add_to_cart_form_location":"","bundle_editable_in_cart":false,"bundle_sold_individually_context":"","bundle_item_grouping":"","bundle_min_size":"","bundle_max_size":"","bundle_price":[],"bundled_items":[],"bundle_sell_ids":[],"exclude_global_add_ons":[],"addons":[],"_links":{"self":[{"href":"https:\/\/dev-wordpress1.golf-direkt.com\/en\/wp-json\/wp\/v2\/product\/15910","targetHints":{"allow":["GET"]}}],"collection":[{"href":"https:\/\/dev-wordpress1.golf-direkt.com\/en\/wp-json\/wp\/v2\/product"}],"about":[{"href":"https:\/\/dev-wordpress1.golf-direkt.com\/en\/wp-json\/wp\/v2\/types\/product"}],"wp:featuredmedia":[{"embeddable":true,"href":"https:\/\/dev-wordpress1.golf-direkt.com\/en\/wp-json\/wp\/v2\/media\/14299"}],"wp:attachment":[{"href":"https:\/\/dev-wordpress1.golf-direkt.com\/en\/wp-json\/wp\/v2\/media?parent=15910"}],"wp:term":[{"taxonomy":"product_brand","embeddable":true,"href":"https:\/\/dev-wordpress1.golf-direkt.com\/en\/wp-json\/wp\/v2\/product_brand?post=15910"},{"taxonomy":"product_cat","embeddable":true,"href":"https:\/\/dev-wordpress1.golf-direkt.com\/en\/wp-json\/wp\/v2\/product_cat?post=15910"},{"taxonomy":"product_tag","embeddable":true,"href":"https:\/\/dev-wordpress1.golf-direkt.com\/en\/wp-json\/wp\/v2\/product_tag?post=15910"}],"curies":[{"name":"wp","href":"https:\/\/api.w.org\/{rel}","templated":true}]}}